{"id":18633,"date":"2024-05-27T08:36:34","date_gmt":"2024-05-27T06:36:36","guid":{"rendered":"https:\/\/ruckstuhlsport.ch\/?post_type=product&#038;p=18633"},"modified":"2024-05-27T08:46:02","modified_gmt":"2024-05-27T06:46:02","slug":"spielstandanzeige-match-pointer-kopie","status":"publish","type":"product","link":"https:\/\/ruckstuhlsport.ch\/fr\/tennis\/equipement-courts-tennis\/panneau-daffichage-score-tennis\/spielstandanzeige-match-pointer-kopie\/","title":{"rendered":"Disques de remplacement pour l&rsquo;indicateur de score Match Pointer"},"content":{"rendered":"<h3>Disques rotatifs de rechange originaux pour les indicateurs de score MATCH POINTER<\/h3>\n<p>Ces disques rotatifs de rechange originaux servent \u00e0 remplacer les disques us\u00e9s ou endommag\u00e9s des tableaux de scores MATCH POINTER. Malgr\u00e9 la qualit\u00e9 \u00e9lev\u00e9e du produit, des dommages peuvent \u00eatre caus\u00e9s par les balles ou les intemp\u00e9ries. Les disques rotatifs de remplacement adapt\u00e9s permettent de r\u00e9parer facilement ces dommages sans devoir remplacer l&rsquo;ensemble de l&rsquo;affichage du score. Les disques rotatifs de rechange sont disponibles pour toutes les tailles et peuvent \u00eatre facilement remplac\u00e9s \u00e0 l&rsquo;aide des instructions de r\u00e9paration jointes.<\/p>\n","protected":false},"excerpt":{"rendered":"<ul>\n<li>Disques rotatifs de rechange originaux pour les indicateurs de score MATCH POINTER<\/li>\n<li>Renouvellement facile en cas d&rsquo;usure ou d&rsquo;endommagement<\/li>\n<li>Haute qualit\u00e9 et pr\u00e9cision d&rsquo;ajustement<\/li>\n<li>Disponible dans toutes les tailles<\/li>\n<li>Montage facile gr\u00e2ce aux instructions de r\u00e9paration fournies<\/li>\n<li>Set de 6 disques<\/li>\n<\/ul>\n","protected":false},"featured_media":18639,"template":"","meta":{"_crdt_document":"","_uag_custom_page_level_css":"","site-sidebar-layout":"default","site-content-layout":"default","ast-site-content-layout":"default","site-content-style":"default","site-sidebar-style":"default","ast-global-header-display":"","ast-banner-title-visibility":"","ast-main-header-display":"","ast-hfb-above-header-display":"","ast-hfb-below-header-display":"","ast-hfb-mobile-header-display":"","site-post-title":"","ast-breadcrumbs-content":"","ast-featured-img":"","footer-sml-layout":"","ast-disable-related-posts":"","theme-transparent-header-meta":"default","adv-header-id-meta":"","stick-header-meta":"default","header-above-stick-meta":"","header-main-stick-meta":"","header-below-stick-meta":"","astra-migrate-meta-layouts":"set","ast-page-background-enabled":"default","ast-page-background-meta":{"desktop":{"background-color":"","background-image":"","background-repeat":"repeat","background-position":"center center","background-size":"auto","background-attachment":"scroll","background-type":"","background-media":"","overlay-type":"","overlay-color":"","overlay-opacity":"","overlay-gradient":""},"tablet":{"background-color":"","background-image":"","background-repeat":"repeat","background-position":"center center","background-size":"auto","background-attachment":"scroll","background-type":"","background-media":"","overlay-type":"","overlay-color":"","overlay-opacity":"","overlay-gradient":""},"mobile":{"background-color":"","background-image":"","background-repeat":"repeat","background-position":"center center","background-size":"auto","background-attachment":"scroll","background-type":"","background-media":"","overlay-type":"","overlay-color":"","overlay-opacity":"","overlay-gradient":""}},"ast-content-background-meta":{"desktop":{"background-color":"var(--ast-global-color-5)","background-image":"","background-repeat":"repeat","background-position":"center center","background-size":"auto","background-attachment":"scroll","background-type":"","background-media":"","overlay-type":"","overlay-color":"","overlay-opacity":"","overlay-gradient":""},"tablet":{"background-color":"var(--ast-global-color-5)","background-image":"","background-repeat":"repeat","background-position":"center center","background-size":"auto","background-attachment":"scroll","background-type":"","background-media":"","overlay-type":"","overlay-color":"","overlay-opacity":"","overlay-gradient":""},"mobile":{"background-color":"var(--ast-global-color-5)","background-image":"","background-repeat":"repeat","background-position":"center center","background-size":"auto","background-attachment":"scroll","background-type":"","background-media":"","overlay-type":"","overlay-color":"","overlay-opacity":"","overlay-gradient":""}}},"product_brand":[],"product_cat":[934,1296,1305],"product_tag":[],"class_list":{"0":"post-18633","1":"product","2":"type-product","3":"status-publish","4":"has-post-thumbnail","6":"product_cat-tennis","7":"product_cat-equipement-courts-tennis","8":"product_cat-panneau-daffichage-score-tennis","9":"product_shipping_class-defaut","10":"pa_groesse-l-fr","11":"pa_groesse-m-fr","12":"desktop-align-center","13":"tablet-align-center","14":"mobile-align-center","15":"ast-product-gallery-layout-horizontal","16":"ast-product-gallery-with-no-image","17":"ast-product-single-variable","18":"ast-product-tabs-layout-horizontal","20":"first","21":"onbackorder","22":"taxable","23":"shipping-taxable","24":"purchasable","25":"product-type-variable"},"uagb_featured_image_src":{"full":["https:\/\/ruckstuhlsport.ch\/wp-content\/uploads\/ersatzscheiben-spielstandanzeige-match-pointer.webp",1200,1200,false],"thumbnail":["https:\/\/ruckstuhlsport.ch\/wp-content\/uploads\/ersatzscheiben-spielstandanzeige-match-pointer-150x150.webp",150,150,true],"medium":["https:\/\/ruckstuhlsport.ch\/wp-content\/uploads\/ersatzscheiben-spielstandanzeige-match-pointer-300x300.webp",300,300,true],"medium_large":["https:\/\/ruckstuhlsport.ch\/wp-content\/uploads\/ersatzscheiben-spielstandanzeige-match-pointer-768x768.webp",768,768,true],"large":["https:\/\/ruckstuhlsport.ch\/wp-content\/uploads\/ersatzscheiben-spielstandanzeige-match-pointer-1024x1024.webp",1024,1024,true],"1536x1536":["https:\/\/ruckstuhlsport.ch\/wp-content\/uploads\/ersatzscheiben-spielstandanzeige-match-pointer.webp",1200,1200,false],"2048x2048":["https:\/\/ruckstuhlsport.ch\/wp-content\/uploads\/ersatzscheiben-spielstandanzeige-match-pointer.webp",1200,1200,false],"woocommerce_thumbnail":["https:\/\/ruckstuhlsport.ch\/wp-content\/uploads\/ersatzscheiben-spielstandanzeige-match-pointer-300x300.webp",300,300,true],"woocommerce_single":["https:\/\/ruckstuhlsport.ch\/wp-content\/uploads\/ersatzscheiben-spielstandanzeige-match-pointer-600x600.webp",600,600,true],"woocommerce_gallery_thumbnail":["https:\/\/ruckstuhlsport.ch\/wp-content\/uploads\/ersatzscheiben-spielstandanzeige-match-pointer-100x100.webp",100,100,true],"wc_order_status_icon":["https:\/\/ruckstuhlsport.ch\/wp-content\/uploads\/ersatzscheiben-spielstandanzeige-match-pointer-32x32.webp",32,32,true],"dgwt-wcas-product-suggestion":["https:\/\/ruckstuhlsport.ch\/wp-content\/uploads\/ersatzscheiben-spielstandanzeige-match-pointer-64x64.webp",64,64,true]},"uagb_author_info":{"display_name":"admin","author_link":"https:\/\/ruckstuhlsport.ch\/fr\/author\/"},"uagb_comment_info":0,"uagb_excerpt":"Disques rotatifs de rechange originaux pour les indicateurs de score MATCH POINTER Renouvellement facile en cas d'usure ou d'endommagement Haute qualit\u00e9 et pr\u00e9cision d'ajustement Disponible dans toutes les tailles Montage facile gr\u00e2ce aux instructions de r\u00e9paration fournies Set de 6 disques","_links":{"self":[{"href":"https:\/\/ruckstuhlsport.ch\/fr\/wp-json\/wp\/v2\/product\/18633","targetHints":{"allow":["GET"]}}],"collection":[{"href":"https:\/\/ruckstuhlsport.ch\/fr\/wp-json\/wp\/v2\/product"}],"about":[{"href":"https:\/\/ruckstuhlsport.ch\/fr\/wp-json\/wp\/v2\/types\/product"}],"wp:featuredmedia":[{"embeddable":true,"href":"https:\/\/ruckstuhlsport.ch\/fr\/wp-json\/wp\/v2\/media\/18639"}],"wp:attachment":[{"href":"https:\/\/ruckstuhlsport.ch\/fr\/wp-json\/wp\/v2\/media?parent=18633"}],"wp:term":[{"taxonomy":"product_brand","embeddable":true,"href":"https:\/\/ruckstuhlsport.ch\/fr\/wp-json\/wp\/v2\/product_brand?post=18633"},{"taxonomy":"product_cat","embeddable":true,"href":"https:\/\/ruckstuhlsport.ch\/fr\/wp-json\/wp\/v2\/product_cat?post=18633"},{"taxonomy":"product_tag","embeddable":true,"href":"https:\/\/ruckstuhlsport.ch\/fr\/wp-json\/wp\/v2\/product_tag?post=18633"}],"curies":[{"name":"wp","href":"https:\/\/api.w.org\/{rel}","templated":true}]}}