{"id":18645,"date":"2024-05-27T09:26:28","date_gmt":"2024-05-27T07:26:29","guid":{"rendered":"https:\/\/ruckstuhlsport.ch\/?post_type=product&#038;p=18645"},"modified":"2024-05-27T09:41:54","modified_gmt":"2024-05-27T07:41:54","slug":"match-liner","status":"publish","type":"product","link":"https:\/\/ruckstuhlsport.ch\/fr\/tennis\/maintenance-de-courts\/balais-de-lignes\/match-liner\/","title":{"rendered":"Match-Liner"},"content":{"rendered":"<h3>Balayeuse de ligne robuste MATCH LINER<\/h3>\n<p>Le MATCH LINER est une balayeuse de ligne robuste qui, gr\u00e2ce \u00e0 un entra\u00eenement par brosse de 4 ou 5 cm de large, d\u00e9barrasse rapidement et en profondeur les lignes de tennis des salet\u00e9s. L&rsquo;entra\u00eenement innovant de la brosse tourne dans le sens inverse lorsqu&rsquo;on la pousse, ce qui permet de brosser efficacement les salet\u00e9s vers l&rsquo;avant. Le balayage fastidieux des lignes devient une t\u00e2che efficace avec le MATCH LINER. Gr\u00e2ce aux mat\u00e9riaux r\u00e9sistants aux intemp\u00e9ries et \u00e0 l&rsquo;abrasion, l&rsquo;appareil n\u00e9cessite peu d&rsquo;entretien et a une longue dur\u00e9e de vie.<\/p>\n","protected":false},"excerpt":{"rendered":"<ul>\n<li>Entra\u00eenement efficace des brosses pour des lignes de 4 ou 5 cm de large<\/li>\n<li>Construction r\u00e9sistante aux intemp\u00e9ries et \u00e0 l&rsquo;abrasion<\/li>\n<li>Peu d&rsquo;entretien et longue dur\u00e9e de vie<\/li>\n<li>Manipulation facile gr\u00e2ce \u00e0 un m\u00e9canisme de brossage innovant<\/li>\n<li>manche en bois inclus<\/li>\n<\/ul>\n","protected":false},"featured_media":18647,"template":"","meta":{"_crdt_document":"","_uag_custom_page_level_css":"","site-sidebar-layout":"default","site-content-layout":"default","ast-site-content-layout":"default","site-content-style":"default","site-sidebar-style":"default","ast-global-header-display":"","ast-banner-title-visibility":"","ast-main-header-display":"","ast-hfb-above-header-display":"","ast-hfb-below-header-display":"","ast-hfb-mobile-header-display":"","site-post-title":"","ast-breadcrumbs-content":"","ast-featured-img":"","footer-sml-layout":"","ast-disable-related-posts":"","theme-transparent-header-meta":"default","adv-header-id-meta":"","stick-header-meta":"default","header-above-stick-meta":"","header-main-stick-meta":"","header-below-stick-meta":"","astra-migrate-meta-layouts":"set","ast-page-background-enabled":"default","ast-page-background-meta":{"desktop":{"background-color":"","background-image":"","background-repeat":"repeat","background-position":"center center","background-size":"auto","background-attachment":"scroll","background-type":"","background-media":"","overlay-type":"","overlay-color":"","overlay-opacity":"","overlay-gradient":""},"tablet":{"background-color":"","background-image":"","background-repeat":"repeat","background-position":"center center","background-size":"auto","background-attachment":"scroll","background-type":"","background-media":"","overlay-type":"","overlay-color":"","overlay-opacity":"","overlay-gradient":""},"mobile":{"background-color":"","background-image":"","background-repeat":"repeat","background-position":"center center","background-size":"auto","background-attachment":"scroll","background-type":"","background-media":"","overlay-type":"","overlay-color":"","overlay-opacity":"","overlay-gradient":""}},"ast-content-background-meta":{"desktop":{"background-color":"var(--ast-global-color-5)","background-image":"","background-repeat":"repeat","background-position":"center center","background-size":"auto","background-attachment":"scroll","background-type":"","background-media":"","overlay-type":"","overlay-color":"","overlay-opacity":"","overlay-gradient":""},"tablet":{"background-color":"var(--ast-global-color-5)","background-image":"","background-repeat":"repeat","background-position":"center center","background-size":"auto","background-attachment":"scroll","background-type":"","background-media":"","overlay-type":"","overlay-color":"","overlay-opacity":"","overlay-gradient":""},"mobile":{"background-color":"var(--ast-global-color-5)","background-image":"","background-repeat":"repeat","background-position":"center center","background-size":"auto","background-attachment":"scroll","background-type":"","background-media":"","overlay-type":"","overlay-color":"","overlay-opacity":"","overlay-gradient":""}}},"product_brand":[],"product_cat":[934,1179,1197],"product_tag":[],"class_list":{"0":"post-18645","1":"product","2":"type-product","3":"status-publish","4":"has-post-thumbnail","6":"product_cat-tennis","7":"product_cat-maintenance-de-courts","8":"product_cat-balais-de-lignes","9":"product_shipping_class-marchandise-volumineuse","10":"pa_groesse-4-cm-fr","11":"pa_groesse-5-cm-fr","12":"desktop-align-center","13":"tablet-align-center","14":"mobile-align-center","15":"ast-product-gallery-layout-horizontal","16":"ast-product-gallery-with-no-image","17":"ast-product-single-variable","18":"ast-product-tabs-layout-horizontal","20":"first","21":"onbackorder","22":"taxable","23":"shipping-taxable","24":"purchasable","25":"product-type-variable"},"uagb_featured_image_src":{"full":["https:\/\/ruckstuhlsport.ch\/wp-content\/uploads\/Match-Liner.webp",1200,1200,false],"thumbnail":["https:\/\/ruckstuhlsport.ch\/wp-content\/uploads\/Match-Liner-150x150.webp",150,150,true],"medium":["https:\/\/ruckstuhlsport.ch\/wp-content\/uploads\/Match-Liner-300x300.webp",300,300,true],"medium_large":["https:\/\/ruckstuhlsport.ch\/wp-content\/uploads\/Match-Liner-768x768.webp",768,768,true],"large":["https:\/\/ruckstuhlsport.ch\/wp-content\/uploads\/Match-Liner-1024x1024.webp",1024,1024,true],"1536x1536":["https:\/\/ruckstuhlsport.ch\/wp-content\/uploads\/Match-Liner.webp",1200,1200,false],"2048x2048":["https:\/\/ruckstuhlsport.ch\/wp-content\/uploads\/Match-Liner.webp",1200,1200,false],"woocommerce_thumbnail":["https:\/\/ruckstuhlsport.ch\/wp-content\/uploads\/Match-Liner-300x300.webp",300,300,true],"woocommerce_single":["https:\/\/ruckstuhlsport.ch\/wp-content\/uploads\/Match-Liner-600x600.webp",600,600,true],"woocommerce_gallery_thumbnail":["https:\/\/ruckstuhlsport.ch\/wp-content\/uploads\/Match-Liner-100x100.webp",100,100,true],"wc_order_status_icon":["https:\/\/ruckstuhlsport.ch\/wp-content\/uploads\/Match-Liner-32x32.webp",32,32,true],"dgwt-wcas-product-suggestion":["https:\/\/ruckstuhlsport.ch\/wp-content\/uploads\/Match-Liner-64x64.webp",64,64,true]},"uagb_author_info":{"display_name":"admin","author_link":"https:\/\/ruckstuhlsport.ch\/fr\/author\/"},"uagb_comment_info":0,"uagb_excerpt":"Entra\u00eenement efficace des brosses pour des lignes de 4 ou 5 cm de large Construction r\u00e9sistante aux intemp\u00e9ries et \u00e0 l'abrasion Peu d'entretien et longue dur\u00e9e de vie Manipulation facile gr\u00e2ce \u00e0 un m\u00e9canisme de brossage innovant manche en bois inclus","_links":{"self":[{"href":"https:\/\/ruckstuhlsport.ch\/fr\/wp-json\/wp\/v2\/product\/18645","targetHints":{"allow":["GET"]}}],"collection":[{"href":"https:\/\/ruckstuhlsport.ch\/fr\/wp-json\/wp\/v2\/product"}],"about":[{"href":"https:\/\/ruckstuhlsport.ch\/fr\/wp-json\/wp\/v2\/types\/product"}],"wp:featuredmedia":[{"embeddable":true,"href":"https:\/\/ruckstuhlsport.ch\/fr\/wp-json\/wp\/v2\/media\/18647"}],"wp:attachment":[{"href":"https:\/\/ruckstuhlsport.ch\/fr\/wp-json\/wp\/v2\/media?parent=18645"}],"wp:term":[{"taxonomy":"product_brand","embeddable":true,"href":"https:\/\/ruckstuhlsport.ch\/fr\/wp-json\/wp\/v2\/product_brand?post=18645"},{"taxonomy":"product_cat","embeddable":true,"href":"https:\/\/ruckstuhlsport.ch\/fr\/wp-json\/wp\/v2\/product_cat?post=18645"},{"taxonomy":"product_tag","embeddable":true,"href":"https:\/\/ruckstuhlsport.ch\/fr\/wp-json\/wp\/v2\/product_tag?post=18645"}],"curies":[{"name":"wp","href":"https:\/\/api.w.org\/{rel}","templated":true}]}}