{"id":18655,"date":"2024-05-27T09:31:02","date_gmt":"2024-05-27T07:31:03","guid":{"rendered":"https:\/\/ruckstuhlsport.ch\/?post_type=product&#038;p=18655"},"modified":"2024-05-27T09:39:42","modified_gmt":"2024-05-27T07:39:42","slug":"brosse-de-rechange-pour-match-liner","status":"publish","type":"product","link":"https:\/\/ruckstuhlsport.ch\/fr\/tennis\/maintenance-de-courts\/balais-de-lignes\/brosse-de-rechange-pour-match-liner\/","title":{"rendered":"Brosse de rechange pour Match-Liner"},"content":{"rendered":"<h3>Brosses de rechange pour MATCH LINER<\/h3>\n<p>Les brosses de rechange originales pour le MATCH LINER permettent \u00e0 votre balayeuse lin\u00e9aire de toujours fonctionner de mani\u00e8re optimale. Ces brosses de rechange sont sp\u00e9cialement con\u00e7ues pour l&rsquo;entra\u00eenement des brosses de 4 ou 5 cm de large du MATCH LINER et garantissent un nettoyage complet et efficace des lignes de tennis. Fabriqu\u00e9es \u00e0 partir de mat\u00e9riaux de haute qualit\u00e9 et r\u00e9sistants \u00e0 l&rsquo;abrasion, les brosses de rechange offrent une longue dur\u00e9e de vie et des performances fiables, m\u00eame dans les conditions les plus exigeantes.<\/p>\n<p>Faciles \u00e0 remplacer, ces brosses de rechange permettent une utilisation continue du MATCH LINER, pour que vous ayez toujours des lignes propres et bien visibles sur votre court de tennis.<\/p>\n","protected":false},"excerpt":{"rendered":"<ul>\n<li>Brosses de rechange originales pour <a href=\"https:\/\/ruckstuhlsport.ch\/tennis\/tennisplatzpflege\/linienbesen\/match-liner\/\">MATCH LINER<\/a><\/li>\n<li>Convient aux entra\u00eenements de brosses de 4 ou 5 cm de large<\/li>\n<li>Mat\u00e9riaux de haute qualit\u00e9, r\u00e9sistants \u00e0 l&rsquo;abrasion<\/li>\n<li>Facile \u00e0 installer<\/li>\n<li>Assure un nettoyage continu et efficace des lignes<\/li>\n<\/ul>\n","protected":false},"featured_media":18661,"template":"","meta":{"_crdt_document":"","_uag_custom_page_level_css":"","site-sidebar-layout":"default","site-content-layout":"default","ast-site-content-layout":"default","site-content-style":"default","site-sidebar-style":"default","ast-global-header-display":"","ast-banner-title-visibility":"","ast-main-header-display":"","ast-hfb-above-header-display":"","ast-hfb-below-header-display":"","ast-hfb-mobile-header-display":"","site-post-title":"","ast-breadcrumbs-content":"","ast-featured-img":"","footer-sml-layout":"","ast-disable-related-posts":"","theme-transparent-header-meta":"default","adv-header-id-meta":"","stick-header-meta":"default","header-above-stick-meta":"","header-main-stick-meta":"","header-below-stick-meta":"","astra-migrate-meta-layouts":"set","ast-page-background-enabled":"default","ast-page-background-meta":{"desktop":{"background-color":"","background-image":"","background-repeat":"repeat","background-position":"center center","background-size":"auto","background-attachment":"scroll","background-type":"","background-media":"","overlay-type":"","overlay-color":"","overlay-opacity":"","overlay-gradient":""},"tablet":{"background-color":"","background-image":"","background-repeat":"repeat","background-position":"center center","background-size":"auto","background-attachment":"scroll","background-type":"","background-media":"","overlay-type":"","overlay-color":"","overlay-opacity":"","overlay-gradient":""},"mobile":{"background-color":"","background-image":"","background-repeat":"repeat","background-position":"center center","background-size":"auto","background-attachment":"scroll","background-type":"","background-media":"","overlay-type":"","overlay-color":"","overlay-opacity":"","overlay-gradient":""}},"ast-content-background-meta":{"desktop":{"background-color":"var(--ast-global-color-5)","background-image":"","background-repeat":"repeat","background-position":"center center","background-size":"auto","background-attachment":"scroll","background-type":"","background-media":"","overlay-type":"","overlay-color":"","overlay-opacity":"","overlay-gradient":""},"tablet":{"background-color":"var(--ast-global-color-5)","background-image":"","background-repeat":"repeat","background-position":"center center","background-size":"auto","background-attachment":"scroll","background-type":"","background-media":"","overlay-type":"","overlay-color":"","overlay-opacity":"","overlay-gradient":""},"mobile":{"background-color":"var(--ast-global-color-5)","background-image":"","background-repeat":"repeat","background-position":"center center","background-size":"auto","background-attachment":"scroll","background-type":"","background-media":"","overlay-type":"","overlay-color":"","overlay-opacity":"","overlay-gradient":""}}},"product_brand":[],"product_cat":[934,1179,1197],"product_tag":[],"class_list":{"0":"post-18655","1":"product","2":"type-product","3":"status-publish","4":"has-post-thumbnail","6":"product_cat-tennis","7":"product_cat-maintenance-de-courts","8":"product_cat-balais-de-lignes","9":"product_shipping_class-marchandise-volumineuse","10":"pa_groesse-4-cm-fr","11":"pa_groesse-5-cm-fr","12":"desktop-align-center","13":"tablet-align-center","14":"mobile-align-center","15":"ast-product-gallery-layout-horizontal","16":"ast-product-gallery-with-no-image","17":"ast-product-single-variable","18":"ast-product-tabs-layout-horizontal","20":"first","21":"onbackorder","22":"taxable","23":"shipping-taxable","24":"purchasable","25":"product-type-variable"},"uagb_featured_image_src":{"full":["https:\/\/ruckstuhlsport.ch\/wp-content\/uploads\/ersatzbuerste-match-liner.webp",1000,1000,false],"thumbnail":["https:\/\/ruckstuhlsport.ch\/wp-content\/uploads\/ersatzbuerste-match-liner-150x150.webp",150,150,true],"medium":["https:\/\/ruckstuhlsport.ch\/wp-content\/uploads\/ersatzbuerste-match-liner-300x300.webp",300,300,true],"medium_large":["https:\/\/ruckstuhlsport.ch\/wp-content\/uploads\/ersatzbuerste-match-liner-768x768.webp",768,768,true],"large":["https:\/\/ruckstuhlsport.ch\/wp-content\/uploads\/ersatzbuerste-match-liner.webp",1000,1000,false],"1536x1536":["https:\/\/ruckstuhlsport.ch\/wp-content\/uploads\/ersatzbuerste-match-liner.webp",1000,1000,false],"2048x2048":["https:\/\/ruckstuhlsport.ch\/wp-content\/uploads\/ersatzbuerste-match-liner.webp",1000,1000,false],"woocommerce_thumbnail":["https:\/\/ruckstuhlsport.ch\/wp-content\/uploads\/ersatzbuerste-match-liner-300x300.webp",300,300,true],"woocommerce_single":["https:\/\/ruckstuhlsport.ch\/wp-content\/uploads\/ersatzbuerste-match-liner-600x600.webp",600,600,true],"woocommerce_gallery_thumbnail":["https:\/\/ruckstuhlsport.ch\/wp-content\/uploads\/ersatzbuerste-match-liner-100x100.webp",100,100,true],"wc_order_status_icon":["https:\/\/ruckstuhlsport.ch\/wp-content\/uploads\/ersatzbuerste-match-liner-32x32.webp",32,32,true],"dgwt-wcas-product-suggestion":["https:\/\/ruckstuhlsport.ch\/wp-content\/uploads\/ersatzbuerste-match-liner-64x64.webp",64,64,true]},"uagb_author_info":{"display_name":"admin","author_link":"https:\/\/ruckstuhlsport.ch\/fr\/author\/"},"uagb_comment_info":0,"uagb_excerpt":"Brosses de rechange originales pour MATCH LINER Convient aux entra\u00eenements de brosses de 4 ou 5 cm de large Mat\u00e9riaux de haute qualit\u00e9, r\u00e9sistants \u00e0 l'abrasion Facile \u00e0 installer Assure un nettoyage continu et efficace des lignes","_links":{"self":[{"href":"https:\/\/ruckstuhlsport.ch\/fr\/wp-json\/wp\/v2\/product\/18655","targetHints":{"allow":["GET"]}}],"collection":[{"href":"https:\/\/ruckstuhlsport.ch\/fr\/wp-json\/wp\/v2\/product"}],"about":[{"href":"https:\/\/ruckstuhlsport.ch\/fr\/wp-json\/wp\/v2\/types\/product"}],"wp:featuredmedia":[{"embeddable":true,"href":"https:\/\/ruckstuhlsport.ch\/fr\/wp-json\/wp\/v2\/media\/18661"}],"wp:attachment":[{"href":"https:\/\/ruckstuhlsport.ch\/fr\/wp-json\/wp\/v2\/media?parent=18655"}],"wp:term":[{"taxonomy":"product_brand","embeddable":true,"href":"https:\/\/ruckstuhlsport.ch\/fr\/wp-json\/wp\/v2\/product_brand?post=18655"},{"taxonomy":"product_cat","embeddable":true,"href":"https:\/\/ruckstuhlsport.ch\/fr\/wp-json\/wp\/v2\/product_cat?post=18655"},{"taxonomy":"product_tag","embeddable":true,"href":"https:\/\/ruckstuhlsport.ch\/fr\/wp-json\/wp\/v2\/product_tag?post=18655"}],"curies":[{"name":"wp","href":"https:\/\/api.w.org\/{rel}","templated":true}]}}