{"id":18745,"date":"2024-05-27T11:29:34","date_gmt":"2024-05-27T09:29:34","guid":{"rendered":"https:\/\/ruckstuhlsport.ch\/non%20class\u00e9\/filet-de-separation-outdoor-2-5-x-40-m-pp-o-2-3-mm\/"},"modified":"2025-09-19T14:35:51","modified_gmt":"2025-09-19T12:35:51","slug":"filet-de-separation-outdoor-2-5-x-40-m-pp-o-2-3-mm","status":"publish","type":"product","link":"https:\/\/ruckstuhlsport.ch\/fr\/tennis\/equipement-courts-tennis\/filets-de-separation\/outdoor\/filet-de-separation-outdoor-2-5-x-40-m-pp-o-2-3-mm\/","title":{"rendered":"Filet de s\u00e9paration Outdoor 2.5 x 40 m, PP \u00f8 2.3 mm"},"content":{"rendered":"","protected":false},"excerpt":{"rendered":"<p>Ces filets de s\u00e9paration sont fabriqu\u00e9s en PP et sont donc parfaits pour l&rsquo;ext\u00e9rieur.<br \/>\nGr\u00e2ce \u00e0 leur conception sans n\u0153uds, les filets disposent d&rsquo;une manipulation facile et d&rsquo;un tomb\u00e9 souple.<\/p>\n<ul>\n<li>Mat\u00e9riel: PP<\/li>\n<li>\u00c9paisseur du mat\u00e9riau : environ 2.3 mm<\/li>\n<li>Mailles: 45 mm<\/li>\n<li>Qualit\u00e9: sans n\u0153uds<\/li>\n<li>disponible dans les couleurs blanc, vert ou noir<\/li>\n<\/ul>\n<p>Le bord inf\u00e9rieur des filets de s\u00e9paration est \u00e9quip\u00e9 d&rsquo;une ligne de plomb de 150 g\/m\u00b2.<\/p>\n<p><a href=\"https:\/\/ruckstuhlsport.ch\/fr\/produit\/football\/autour-du-terrain\/filets-de-protection-football\/mousqueton-40mm-inox\/\">Mousquetons<\/a> ou autre <a href=\"https:\/\/ruckstuhlsport.ch\/fr\/materiel-de-fixation-pour-filet-de-separation\/\">mat\u00e9riel de fixation<\/a> vendu s\u00e9par\u00e9ment.<\/p>\n","protected":false},"featured_media":4686,"template":"","meta":{"_crdt_document":"","_uag_custom_page_level_css":"","site-sidebar-layout":"default","site-content-layout":"","ast-site-content-layout":"default","site-content-style":"default","site-sidebar-style":"default","ast-global-header-display":"","ast-banner-title-visibility":"","ast-main-header-display":"","ast-hfb-above-header-display":"","ast-hfb-below-header-display":"","ast-hfb-mobile-header-display":"","site-post-title":"","ast-breadcrumbs-content":"","ast-featured-img":"","footer-sml-layout":"","ast-disable-related-posts":"","theme-transparent-header-meta":"default","adv-header-id-meta":"","stick-header-meta":"default","header-above-stick-meta":"","header-main-stick-meta":"","header-below-stick-meta":"","astra-migrate-meta-layouts":"default","ast-page-background-enabled":"default","ast-page-background-meta":{"desktop":{"background-color":"","background-image":"","background-repeat":"repeat","background-position":"center center","background-size":"auto","background-attachment":"scroll","background-type":"","background-media":"","overlay-type":"","overlay-color":"","overlay-opacity":"","overlay-gradient":""},"tablet":{"background-color":"","background-image":"","background-repeat":"repeat","background-position":"center center","background-size":"auto","background-attachment":"scroll","background-type":"","background-media":"","overlay-type":"","overlay-color":"","overlay-opacity":"","overlay-gradient":""},"mobile":{"background-color":"","background-image":"","background-repeat":"repeat","background-position":"center center","background-size":"auto","background-attachment":"scroll","background-type":"","background-media":"","overlay-type":"","overlay-color":"","overlay-opacity":"","overlay-gradient":""}},"ast-content-background-meta":{"desktop":{"background-color":"var(--ast-global-color-5)","background-image":"","background-repeat":"repeat","background-position":"center center","background-size":"auto","background-attachment":"scroll","background-type":"","background-media":"","overlay-type":"","overlay-color":"","overlay-opacity":"","overlay-gradient":""},"tablet":{"background-color":"var(--ast-global-color-5)","background-image":"","background-repeat":"repeat","background-position":"center center","background-size":"auto","background-attachment":"scroll","background-type":"","background-media":"","overlay-type":"","overlay-color":"","overlay-opacity":"","overlay-gradient":""},"mobile":{"background-color":"var(--ast-global-color-5)","background-image":"","background-repeat":"repeat","background-position":"center center","background-size":"auto","background-attachment":"scroll","background-type":"","background-media":"","overlay-type":"","overlay-color":"","overlay-opacity":"","overlay-gradient":""}}},"product_brand":[],"product_cat":[1327,934,1296,1325],"product_tag":[],"class_list":{"0":"post-18745","1":"product","2":"type-product","3":"status-publish","4":"has-post-thumbnail","6":"product_cat-outdoor","7":"product_cat-tennis","8":"product_cat-equipement-courts-tennis","9":"product_cat-filets-de-separation","10":"pa_farbe-blanc","11":"pa_farbe-noir","12":"pa_farbe-vert","13":"desktop-align-center","14":"tablet-align-center","15":"mobile-align-center","16":"ast-product-gallery-layout-horizontal","17":"ast-product-single-variable","18":"ast-product-tabs-layout-horizontal","20":"first","21":"instock","22":"taxable","23":"shipping-taxable","24":"purchasable","25":"product-type-variable"},"uagb_featured_image_src":{"full":["https:\/\/ruckstuhlsport.ch\/wp-content\/uploads\/trennnetz-PP-2.3mm-gruen-1.jpg",600,600,false],"thumbnail":["https:\/\/ruckstuhlsport.ch\/wp-content\/uploads\/trennnetz-PP-2.3mm-gruen-1-150x150.jpg",150,150,true],"medium":["https:\/\/ruckstuhlsport.ch\/wp-content\/uploads\/trennnetz-PP-2.3mm-gruen-1-300x300.jpg",300,300,true],"medium_large":["https:\/\/ruckstuhlsport.ch\/wp-content\/uploads\/trennnetz-PP-2.3mm-gruen-1.jpg",600,600,false],"large":["https:\/\/ruckstuhlsport.ch\/wp-content\/uploads\/trennnetz-PP-2.3mm-gruen-1.jpg",600,600,false],"1536x1536":["https:\/\/ruckstuhlsport.ch\/wp-content\/uploads\/trennnetz-PP-2.3mm-gruen-1.jpg",600,600,false],"2048x2048":["https:\/\/ruckstuhlsport.ch\/wp-content\/uploads\/trennnetz-PP-2.3mm-gruen-1.jpg",600,600,false],"woocommerce_thumbnail":["https:\/\/ruckstuhlsport.ch\/wp-content\/uploads\/trennnetz-PP-2.3mm-gruen-1-300x300.jpg",300,300,true],"woocommerce_single":["https:\/\/ruckstuhlsport.ch\/wp-content\/uploads\/trennnetz-PP-2.3mm-gruen-1.jpg",600,600,false],"woocommerce_gallery_thumbnail":["https:\/\/ruckstuhlsport.ch\/wp-content\/uploads\/trennnetz-PP-2.3mm-gruen-1-100x100.jpg",100,100,true],"wc_order_status_icon":["https:\/\/ruckstuhlsport.ch\/wp-content\/uploads\/trennnetz-PP-2.3mm-gruen-1.jpg",32,32,false],"dgwt-wcas-product-suggestion":["https:\/\/ruckstuhlsport.ch\/wp-content\/uploads\/trennnetz-PP-2.3mm-gruen-1-64x64.jpg",64,64,true]},"uagb_author_info":{"display_name":"admin","author_link":"https:\/\/ruckstuhlsport.ch\/fr\/author\/"},"uagb_comment_info":0,"uagb_excerpt":"Ces filets de s\u00e9paration sont fabriqu\u00e9s en PP et sont donc parfaits pour l'ext\u00e9rieur. Gr\u00e2ce \u00e0 leur conception sans n\u0153uds, les filets disposent d'une manipulation facile et d'un tomb\u00e9 souple. Mat\u00e9riel: PP \u00c9paisseur du mat\u00e9riau : environ 2.3 mm Mailles: 45 mm Qualit\u00e9: sans n\u0153uds disponible dans les couleurs blanc, vert ou noir Le bord\u2026","_links":{"self":[{"href":"https:\/\/ruckstuhlsport.ch\/fr\/wp-json\/wp\/v2\/product\/18745","targetHints":{"allow":["GET"]}}],"collection":[{"href":"https:\/\/ruckstuhlsport.ch\/fr\/wp-json\/wp\/v2\/product"}],"about":[{"href":"https:\/\/ruckstuhlsport.ch\/fr\/wp-json\/wp\/v2\/types\/product"}],"wp:featuredmedia":[{"embeddable":true,"href":"https:\/\/ruckstuhlsport.ch\/fr\/wp-json\/wp\/v2\/media\/4686"}],"wp:attachment":[{"href":"https:\/\/ruckstuhlsport.ch\/fr\/wp-json\/wp\/v2\/media?parent=18745"}],"wp:term":[{"taxonomy":"product_brand","embeddable":true,"href":"https:\/\/ruckstuhlsport.ch\/fr\/wp-json\/wp\/v2\/product_brand?post=18745"},{"taxonomy":"product_cat","embeddable":true,"href":"https:\/\/ruckstuhlsport.ch\/fr\/wp-json\/wp\/v2\/product_cat?post=18745"},{"taxonomy":"product_tag","embeddable":true,"href":"https:\/\/ruckstuhlsport.ch\/fr\/wp-json\/wp\/v2\/product_tag?post=18745"}],"curies":[{"name":"wp","href":"https:\/\/api.w.org\/{rel}","templated":true}]}}