{"id":18838,"date":"2024-05-28T14:15:37","date_gmt":"2024-05-28T12:15:37","guid":{"rendered":"https:\/\/ruckstuhlsport.ch\/?post_type=product&#038;p=18838"},"modified":"2024-05-28T14:29:26","modified_gmt":"2024-05-28T12:29:26","slug":"ramasse-balles-colly","status":"publish","type":"product","link":"https:\/\/ruckstuhlsport.ch\/fr\/tennis\/materiel-dentrainement-tennis\/panier-ramasse-balles\/ramasse-balles-colly\/","title":{"rendered":"Ramasse-balles Colly"},"content":{"rendered":"","protected":false},"excerpt":{"rendered":"<ul>\n<li>ramasse-balles tennis pour 50 balles<\/li>\n<li>manche t\u00e9l\u00e9scopique jusqu&rsquo;\u00e0 80 cm<\/li>\n<\/ul>\n","protected":false},"featured_media":18842,"template":"","meta":{"_crdt_document":"","_uag_custom_page_level_css":"","site-sidebar-layout":"default","site-content-layout":"default","ast-site-content-layout":"default","site-content-style":"default","site-sidebar-style":"default","ast-global-header-display":"","ast-banner-title-visibility":"","ast-main-header-display":"","ast-hfb-above-header-display":"","ast-hfb-below-header-display":"","ast-hfb-mobile-header-display":"","site-post-title":"","ast-breadcrumbs-content":"","ast-featured-img":"","footer-sml-layout":"","ast-disable-related-posts":"","theme-transparent-header-meta":"default","adv-header-id-meta":"","stick-header-meta":"default","header-above-stick-meta":"","header-main-stick-meta":"","header-below-stick-meta":"","astra-migrate-meta-layouts":"set","ast-page-background-enabled":"default","ast-page-background-meta":{"desktop":{"background-color":"","background-image":"","background-repeat":"repeat","background-position":"center center","background-size":"auto","background-attachment":"scroll","background-type":"","background-media":"","overlay-type":"","overlay-color":"","overlay-opacity":"","overlay-gradient":""},"tablet":{"background-color":"","background-image":"","background-repeat":"repeat","background-position":"center center","background-size":"auto","background-attachment":"scroll","background-type":"","background-media":"","overlay-type":"","overlay-color":"","overlay-opacity":"","overlay-gradient":""},"mobile":{"background-color":"","background-image":"","background-repeat":"repeat","background-position":"center center","background-size":"auto","background-attachment":"scroll","background-type":"","background-media":"","overlay-type":"","overlay-color":"","overlay-opacity":"","overlay-gradient":""}},"ast-content-background-meta":{"desktop":{"background-color":"var(--ast-global-color-5)","background-image":"","background-repeat":"repeat","background-position":"center center","background-size":"auto","background-attachment":"scroll","background-type":"","background-media":"","overlay-type":"","overlay-color":"","overlay-opacity":"","overlay-gradient":""},"tablet":{"background-color":"var(--ast-global-color-5)","background-image":"","background-repeat":"repeat","background-position":"center center","background-size":"auto","background-attachment":"scroll","background-type":"","background-media":"","overlay-type":"","overlay-color":"","overlay-opacity":"","overlay-gradient":""},"mobile":{"background-color":"var(--ast-global-color-5)","background-image":"","background-repeat":"repeat","background-position":"center center","background-size":"auto","background-attachment":"scroll","background-type":"","background-media":"","overlay-type":"","overlay-color":"","overlay-opacity":"","overlay-gradient":""}}},"product_brand":[],"product_cat":[1341,934,935],"product_tag":[],"class_list":{"0":"post-18838","1":"product","2":"type-product","3":"status-publish","4":"has-post-thumbnail","6":"product_cat-panier-ramasse-balles","7":"product_cat-tennis","8":"product_cat-materiel-dentrainement-tennis","9":"product_shipping_class-marchandise-volumineuse","10":"pa_kapazitaet-70-balles","11":"desktop-align-center","12":"tablet-align-center","13":"mobile-align-center","14":"ast-product-gallery-layout-horizontal","15":"ast-product-gallery-with-no-image","16":"ast-product-tabs-layout-horizontal","18":"first","19":"onbackorder","20":"taxable","21":"shipping-taxable","22":"purchasable","23":"product-type-simple"},"uagb_featured_image_src":{"full":["https:\/\/ruckstuhlsport.ch\/wp-content\/uploads\/ballsammler-colly-1.jpg",800,1024,false],"thumbnail":["https:\/\/ruckstuhlsport.ch\/wp-content\/uploads\/ballsammler-colly-1-150x150.jpg",150,150,true],"medium":["https:\/\/ruckstuhlsport.ch\/wp-content\/uploads\/ballsammler-colly-1-234x300.jpg",234,300,true],"medium_large":["https:\/\/ruckstuhlsport.ch\/wp-content\/uploads\/ballsammler-colly-1-768x983.jpg",768,983,true],"large":["https:\/\/ruckstuhlsport.ch\/wp-content\/uploads\/ballsammler-colly-1.jpg",800,1024,false],"1536x1536":["https:\/\/ruckstuhlsport.ch\/wp-content\/uploads\/ballsammler-colly-1.jpg",800,1024,false],"2048x2048":["https:\/\/ruckstuhlsport.ch\/wp-content\/uploads\/ballsammler-colly-1.jpg",800,1024,false],"woocommerce_thumbnail":["https:\/\/ruckstuhlsport.ch\/wp-content\/uploads\/ballsammler-colly-1-300x384.jpg",300,384,true],"woocommerce_single":["https:\/\/ruckstuhlsport.ch\/wp-content\/uploads\/ballsammler-colly-1-600x768.jpg",600,768,true],"woocommerce_gallery_thumbnail":["https:\/\/ruckstuhlsport.ch\/wp-content\/uploads\/ballsammler-colly-1-100x100.jpg",100,100,true],"wc_order_status_icon":["https:\/\/ruckstuhlsport.ch\/wp-content\/uploads\/ballsammler-colly-1-32x32.jpg",32,32,true],"dgwt-wcas-product-suggestion":["https:\/\/ruckstuhlsport.ch\/wp-content\/uploads\/ballsammler-colly-1-64x82.jpg",64,82,true]},"uagb_author_info":{"display_name":"admin","author_link":"https:\/\/ruckstuhlsport.ch\/fr\/author\/"},"uagb_comment_info":0,"uagb_excerpt":"ramasse-balles tennis pour 50 balles manche t\u00e9l\u00e9scopique jusqu'\u00e0 80 cm","_links":{"self":[{"href":"https:\/\/ruckstuhlsport.ch\/fr\/wp-json\/wp\/v2\/product\/18838","targetHints":{"allow":["GET"]}}],"collection":[{"href":"https:\/\/ruckstuhlsport.ch\/fr\/wp-json\/wp\/v2\/product"}],"about":[{"href":"https:\/\/ruckstuhlsport.ch\/fr\/wp-json\/wp\/v2\/types\/product"}],"wp:featuredmedia":[{"embeddable":true,"href":"https:\/\/ruckstuhlsport.ch\/fr\/wp-json\/wp\/v2\/media\/18842"}],"wp:attachment":[{"href":"https:\/\/ruckstuhlsport.ch\/fr\/wp-json\/wp\/v2\/media?parent=18838"}],"wp:term":[{"taxonomy":"product_brand","embeddable":true,"href":"https:\/\/ruckstuhlsport.ch\/fr\/wp-json\/wp\/v2\/product_brand?post=18838"},{"taxonomy":"product_cat","embeddable":true,"href":"https:\/\/ruckstuhlsport.ch\/fr\/wp-json\/wp\/v2\/product_cat?post=18838"},{"taxonomy":"product_tag","embeddable":true,"href":"https:\/\/ruckstuhlsport.ch\/fr\/wp-json\/wp\/v2\/product_tag?post=18838"}],"curies":[{"name":"wp","href":"https:\/\/api.w.org\/{rel}","templated":true}]}}