{"id":18849,"date":"2024-05-28T14:47:06","date_gmt":"2024-05-28T12:47:06","guid":{"rendered":"https:\/\/ruckstuhlsport.ch\/?post_type=product&#038;p=18849"},"modified":"2025-02-06T17:38:53","modified_gmt":"2025-02-06T16:38:53","slug":"nettoyeur-de-chaussures-custom-brosses-avec-corps-en-plastique-kopie","status":"publish","type":"product","link":"https:\/\/ruckstuhlsport.ch\/fr\/football\/equipment-installations-foot\/nettoyeurs-de-chaussures-football\/nettoyeur-de-chaussures-custom-brosses-avec-corps-en-plastique-kopie\/","title":{"rendered":"Nettoyeur de chaussures Square"},"content":{"rendered":"","protected":false},"excerpt":{"rendered":"<p>Le nettoyeur de chaussures Square est un must pour tous les terrains de sport. Avec ses quatre brosses en nylon souple, il offre un nettoyage en profondeur mais en douceur pour les chaussures de football, sans endommager le mat\u00e9riel. Sa conception robuste lui assure une longue dur\u00e9e de vie, m\u00eame en cas d&rsquo;utilisation intensive sur des terrains tr\u00e8s fr\u00e9quent\u00e9s.  <\/p>\n<ul>\n<li>Quatre brosses en nylon souple pour une \u00e9limination efficace de la salet\u00e9<\/li>\n<li>Conception robuste pour une utilisation quotidienne<\/li>\n<li>Respecte tous les mat\u00e9riaux des chaussures<\/li>\n<li>Id\u00e9al pour une utilisation sur les terrains de sport et dans les locaux des clubs<\/li>\n<\/ul>\n","protected":false},"featured_media":18853,"template":"","meta":{"_crdt_document":"","_uag_custom_page_level_css":"","site-sidebar-layout":"default","site-content-layout":"default","ast-site-content-layout":"default","site-content-style":"default","site-sidebar-style":"default","ast-global-header-display":"","ast-banner-title-visibility":"","ast-main-header-display":"","ast-hfb-above-header-display":"","ast-hfb-below-header-display":"","ast-hfb-mobile-header-display":"","site-post-title":"","ast-breadcrumbs-content":"","ast-featured-img":"","footer-sml-layout":"","ast-disable-related-posts":"","theme-transparent-header-meta":"default","adv-header-id-meta":"","stick-header-meta":"default","header-above-stick-meta":"","header-main-stick-meta":"","header-below-stick-meta":"","astra-migrate-meta-layouts":"set","ast-page-background-enabled":"default","ast-page-background-meta":{"desktop":{"background-color":"","background-image":"","background-repeat":"repeat","background-position":"center center","background-size":"auto","background-attachment":"scroll","background-type":"","background-media":"","overlay-type":"","overlay-color":"","overlay-opacity":"","overlay-gradient":""},"tablet":{"background-color":"","background-image":"","background-repeat":"repeat","background-position":"center center","background-size":"auto","background-attachment":"scroll","background-type":"","background-media":"","overlay-type":"","overlay-color":"","overlay-opacity":"","overlay-gradient":""},"mobile":{"background-color":"","background-image":"","background-repeat":"repeat","background-position":"center center","background-size":"auto","background-attachment":"scroll","background-type":"","background-media":"","overlay-type":"","overlay-color":"","overlay-opacity":"","overlay-gradient":""}},"ast-content-background-meta":{"desktop":{"background-color":"var(--ast-global-color-5)","background-image":"","background-repeat":"repeat","background-position":"center center","background-size":"auto","background-attachment":"scroll","background-type":"","background-media":"","overlay-type":"","overlay-color":"","overlay-opacity":"","overlay-gradient":""},"tablet":{"background-color":"var(--ast-global-color-5)","background-image":"","background-repeat":"repeat","background-position":"center center","background-size":"auto","background-attachment":"scroll","background-type":"","background-media":"","overlay-type":"","overlay-color":"","overlay-opacity":"","overlay-gradient":""},"mobile":{"background-color":"var(--ast-global-color-5)","background-image":"","background-repeat":"repeat","background-position":"center center","background-size":"auto","background-attachment":"scroll","background-type":"","background-media":"","overlay-type":"","overlay-color":"","overlay-opacity":"","overlay-gradient":""}}},"product_brand":[],"product_cat":[964,932,1045,934,1046,1135],"product_tag":[],"class_list":{"0":"post-18849","1":"product","2":"type-product","3":"status-publish","4":"has-post-thumbnail","6":"product_cat-nettoyeurs-de-chaussures-football","7":"product_cat-football","8":"product_cat-equipment-installations-foot","9":"product_cat-tennis","10":"product_cat-equipment-installations-sportives-fr","11":"product_cat-nettoyeurs-de-chaussures-tennis","12":"product_shipping_class-defaut","13":"pa_typ-nettoyeurs-de-chaussures-simple","14":"desktop-align-center","15":"tablet-align-center","16":"mobile-align-center","17":"ast-product-gallery-layout-horizontal","18":"ast-product-gallery-with-no-image","19":"ast-product-tabs-layout-horizontal","21":"first","22":"onbackorder","23":"taxable","24":"shipping-taxable","25":"purchasable","26":"product-type-simple"},"uagb_featured_image_src":{"full":["https:\/\/ruckstuhlsport.ch\/wp-content\/uploads\/schuhreiniger-square.jpg",309,450,false],"thumbnail":["https:\/\/ruckstuhlsport.ch\/wp-content\/uploads\/schuhreiniger-square-150x150.jpg",150,150,true],"medium":["https:\/\/ruckstuhlsport.ch\/wp-content\/uploads\/schuhreiniger-square-206x300.jpg",206,300,true],"medium_large":["https:\/\/ruckstuhlsport.ch\/wp-content\/uploads\/schuhreiniger-square.jpg",309,450,false],"large":["https:\/\/ruckstuhlsport.ch\/wp-content\/uploads\/schuhreiniger-square.jpg",309,450,false],"1536x1536":["https:\/\/ruckstuhlsport.ch\/wp-content\/uploads\/schuhreiniger-square.jpg",309,450,false],"2048x2048":["https:\/\/ruckstuhlsport.ch\/wp-content\/uploads\/schuhreiniger-square.jpg",309,450,false],"woocommerce_thumbnail":["https:\/\/ruckstuhlsport.ch\/wp-content\/uploads\/schuhreiniger-square-300x437.jpg",300,437,true],"woocommerce_single":["https:\/\/ruckstuhlsport.ch\/wp-content\/uploads\/schuhreiniger-square.jpg",309,450,false],"woocommerce_gallery_thumbnail":["https:\/\/ruckstuhlsport.ch\/wp-content\/uploads\/schuhreiniger-square-100x100.jpg",100,100,true],"wc_order_status_icon":["https:\/\/ruckstuhlsport.ch\/wp-content\/uploads\/schuhreiniger-square-32x32.jpg",32,32,true],"dgwt-wcas-product-suggestion":["https:\/\/ruckstuhlsport.ch\/wp-content\/uploads\/schuhreiniger-square-64x93.jpg",64,93,true]},"uagb_author_info":{"display_name":"admin","author_link":"https:\/\/ruckstuhlsport.ch\/fr\/author\/"},"uagb_comment_info":0,"uagb_excerpt":"Le nettoyeur de chaussures Square est un must pour tous les terrains de sport. Avec ses quatre brosses en nylon souple, il offre un nettoyage en profondeur mais en douceur pour les chaussures de football, sans endommager le mat\u00e9riel. Sa conception robuste lui assure une longue dur\u00e9e de vie, m\u00eame en cas d'utilisation intensive sur\u2026","_links":{"self":[{"href":"https:\/\/ruckstuhlsport.ch\/fr\/wp-json\/wp\/v2\/product\/18849","targetHints":{"allow":["GET"]}}],"collection":[{"href":"https:\/\/ruckstuhlsport.ch\/fr\/wp-json\/wp\/v2\/product"}],"about":[{"href":"https:\/\/ruckstuhlsport.ch\/fr\/wp-json\/wp\/v2\/types\/product"}],"wp:featuredmedia":[{"embeddable":true,"href":"https:\/\/ruckstuhlsport.ch\/fr\/wp-json\/wp\/v2\/media\/18853"}],"wp:attachment":[{"href":"https:\/\/ruckstuhlsport.ch\/fr\/wp-json\/wp\/v2\/media?parent=18849"}],"wp:term":[{"taxonomy":"product_brand","embeddable":true,"href":"https:\/\/ruckstuhlsport.ch\/fr\/wp-json\/wp\/v2\/product_brand?post=18849"},{"taxonomy":"product_cat","embeddable":true,"href":"https:\/\/ruckstuhlsport.ch\/fr\/wp-json\/wp\/v2\/product_cat?post=18849"},{"taxonomy":"product_tag","embeddable":true,"href":"https:\/\/ruckstuhlsport.ch\/fr\/wp-json\/wp\/v2\/product_tag?post=18849"}],"curies":[{"name":"wp","href":"https:\/\/api.w.org\/{rel}","templated":true}]}}