{"id":18873,"date":"2024-05-29T12:24:30","date_gmt":"2024-05-29T10:24:30","guid":{"rendered":"https:\/\/ruckstuhlsport.ch\/?post_type=product&#038;p=18873"},"modified":"2026-03-20T11:05:38","modified_gmt":"2026-03-20T10:05:38","slug":"quickplay-mini-but-pop-up-152-x-91-cm-kopie-kopie-kopie","status":"publish","type":"product","link":"https:\/\/ruckstuhlsport.ch\/fr\/football\/quickplay-mini-but-pop-up-152-x-91-cm-kopie-kopie-kopie\/","title":{"rendered":"Quickplay Replay Station XL"},"content":{"rendered":"<h3>REPLAY Station XL<\/h3>\n<p>La REPLAY Station XL est un outil d&rsquo;entra\u00eenement exceptionnel pour les passionn\u00e9s de football, les professionnels comme les d\u00e9butants. Avec une grande surface de rebond, il aide les joueurs \u00e0 pratiquer et \u00e0 am\u00e9liorer diff\u00e9rentes comp\u00e9tences telles que les passes, les tirs et le contr\u00f4le du ballon. Que vous soyez d\u00e9butant ou professionnel, ce rebond offre une plateforme polyvalente pour am\u00e9liorer votre contr\u00f4le de balle, votre pr\u00e9cision de passe et vos r\u00e9flexes. Ce rebond est une construction robuste qui r\u00e9siste \u00e0 des s\u00e9ances d&rsquo;entra\u00eenement intensives.<\/p>\n<h3>Caract\u00e9ristiques principales :<\/h3>\n<ul>\n<li><strong>Outil d&rsquo;entra\u00eenement 4 en 1<\/strong> : la REPLAY Station XL am\u00e9liore le contr\u00f4le du ballon et le jeu de passes gr\u00e2ce \u00e0 son design polyvalent.<\/li>\n<li><strong>Deux angles et deux surfaces<\/strong> : Passez sans transition d&rsquo;un drill \u00e0 l&rsquo;autre pour recr\u00e9er des situations de jeu r\u00e9alistes.<\/li>\n<li><strong>Conception \u00e0 angle r\u00e9glable<\/strong> : alternez sans effort entre les passes \u00e0 plat et les passes hautes pour perfectionner les techniques et la pr\u00e9cision.<\/li>\n<li><strong>Entra\u00eenement des r\u00e9flexes<\/strong> : le double panneau offre des passes en retrait pr\u00e9visibles et impr\u00e9visibles afin de simuler des situations de jeu pour les joueurs de champ et les gardiens de but.<\/li>\n<li><strong>Stable &amp; robuste <\/strong> : la structure stable en acier lest\u00e9 avec un sac de sable suppl\u00e9mentaire assure la stabilit\u00e9 sur des surfaces telles que le gazon synth\u00e9tique.<\/li>\n<li><strong>Construction durable<\/strong> : con\u00e7u pour les s\u00e9ances d&rsquo;entra\u00eenement intensives, il offre durabilit\u00e9 et fiabilit\u00e9.<\/li>\n<li><strong>Deux tailles de panneaux <\/strong> : Disponible en taille <a href=\"https:\/\/ruckstuhlsport.ch\/fussball\/trainingsmaterial-fussball\/mini-tore-training\/quickplay-replay-station\/\">originale (95 cm x 24 cm)<\/a> et XL (119 cm x 37 cm) pour r\u00e9pondre aux diff\u00e9rents besoins d&rsquo;entra\u00eenement.<\/li>\n<\/ul>\n<h3>Angle r\u00e9glable<\/h3>\n<p>La planche peut \u00eatre r\u00e9gl\u00e9e selon deux angles diff\u00e9rents, ce qui permet aux joueurs de s&rsquo;entra\u00eener \u00e0 diff\u00e9rents types de passes en arri\u00e8re.<\/p>\n<h3>Conception portable<\/h3>\n<p>Malgr\u00e9 sa taille, la REPLAY Station XL est facile \u00e0 transporter et \u00e0 stocker, ce qui la rend adapt\u00e9e aussi bien \u00e0 l&rsquo;int\u00e9rieur qu&rsquo;\u00e0 l&rsquo;ext\u00e9rieur.<\/p>\n<h3>D\u00e9veloppement des comp\u00e9tences<\/h3>\n<p>Un entra\u00eenement r\u00e9gulier avec la planche \u00e0 rebond peut am\u00e9liorer consid\u00e9rablement la premi\u00e8re touche de balle, les capacit\u00e9s de vol\u00e9e et le contr\u00f4le du ballon d&rsquo;un joueur.<\/p>\n","protected":false},"excerpt":{"rendered":"<p>Augmentez votre niveau de jeu avec la REPLAY Station XL. Cet outil d&rsquo;entra\u00eenement indispensable am\u00e9liore le jeu \u00e0 tous les postes de football et a \u00e9t\u00e9 con\u00e7u pour porter vos comp\u00e9tences \u00e0 un niveau d&rsquo;\u00e9lite.<\/p>\n<ul>\n<li><strong>Taille :<\/strong> XL 119 cm x 37 cm (l x h) &#8211; \u00e9galement disponible en <a href=\"https:\/\/ruckstuhlsport.ch\/fr\/quickplay-replay-station-2\/\">taille originale 95 cm x 24 cm (l x h)<\/a> <\/li>\n<li><strong>Design 4 en 1 <\/strong> : am\u00e9liore le contr\u00f4le du ballon et la pr\u00e9cision de l&rsquo;ajustement<\/li>\n<li><strong>Angles r\u00e9glables<\/strong> : perfectionne les passes au sol et les passes hautes<\/li>\n<li><strong>Entra\u00eenement des r\u00e9flexes <\/strong> : rebonds pr\u00e9visibles et impr\u00e9visibles<\/li>\n<li><strong>Construction stable <\/strong> : cadre en acier robuste et pond\u00e9r\u00e9<\/li>\n<li><strong>Durable<\/strong> : con\u00e7u pour les entra\u00eenements intensifs<\/li>\n<\/ul>\n","protected":false},"featured_media":18875,"template":"","meta":{"_crdt_document":"","_uag_custom_page_level_css":"","site-sidebar-layout":"default","site-content-layout":"default","ast-site-content-layout":"default","site-content-style":"default","site-sidebar-style":"default","ast-global-header-display":"","ast-banner-title-visibility":"","ast-main-header-display":"","ast-hfb-above-header-display":"","ast-hfb-below-header-display":"","ast-hfb-mobile-header-display":"","site-post-title":"","ast-breadcrumbs-content":"","ast-featured-img":"","footer-sml-layout":"","ast-disable-related-posts":"","theme-transparent-header-meta":"default","adv-header-id-meta":"","stick-header-meta":"default","header-above-stick-meta":"","header-main-stick-meta":"","header-below-stick-meta":"","astra-migrate-meta-layouts":"set","ast-page-background-enabled":"default","ast-page-background-meta":{"desktop":{"background-color":"","background-image":"","background-repeat":"repeat","background-position":"center center","background-size":"auto","background-attachment":"scroll","background-type":"","background-media":"","overlay-type":"","overlay-color":"","overlay-opacity":"","overlay-gradient":""},"tablet":{"background-color":"","background-image":"","background-repeat":"repeat","background-position":"center center","background-size":"auto","background-attachment":"scroll","background-type":"","background-media":"","overlay-type":"","overlay-color":"","overlay-opacity":"","overlay-gradient":""},"mobile":{"background-color":"","background-image":"","background-repeat":"repeat","background-position":"center center","background-size":"auto","background-attachment":"scroll","background-type":"","background-media":"","overlay-type":"","overlay-color":"","overlay-opacity":"","overlay-gradient":""}},"ast-content-background-meta":{"desktop":{"background-color":"var(--ast-global-color-5)","background-image":"","background-repeat":"repeat","background-position":"center center","background-size":"auto","background-attachment":"scroll","background-type":"","background-media":"","overlay-type":"","overlay-color":"","overlay-opacity":"","overlay-gradient":""},"tablet":{"background-color":"var(--ast-global-color-5)","background-image":"","background-repeat":"repeat","background-position":"center center","background-size":"auto","background-attachment":"scroll","background-type":"","background-media":"","overlay-type":"","overlay-color":"","overlay-opacity":"","overlay-gradient":""},"mobile":{"background-color":"var(--ast-global-color-5)","background-image":"","background-repeat":"repeat","background-position":"center center","background-size":"auto","background-attachment":"scroll","background-type":"","background-media":"","overlay-type":"","overlay-color":"","overlay-opacity":"","overlay-gradient":""}}},"product_brand":[],"product_cat":[932,933,973],"product_tag":[],"class_list":{"0":"post-18873","1":"product","2":"type-product","3":"status-publish","4":"has-post-thumbnail","6":"product_cat-football","7":"product_cat-materiel-dentrainement-de-football","8":"product_cat-filets-rebonds","9":"product_shipping_class-defaut","10":"desktop-align-center","11":"tablet-align-center","12":"mobile-align-center","13":"ast-product-gallery-layout-horizontal","14":"ast-product-gallery-with-no-image","15":"ast-product-tabs-layout-horizontal","17":"first","18":"instock","19":"taxable","20":"shipping-taxable","21":"purchasable","22":"product-type-simple"},"uagb_featured_image_src":{"full":["https:\/\/ruckstuhlsport.ch\/wp-content\/uploads\/replay-station-xl.webp",1100,1100,false],"thumbnail":["https:\/\/ruckstuhlsport.ch\/wp-content\/uploads\/replay-station-xl-150x150.webp",150,150,true],"medium":["https:\/\/ruckstuhlsport.ch\/wp-content\/uploads\/replay-station-xl-300x300.webp",300,300,true],"medium_large":["https:\/\/ruckstuhlsport.ch\/wp-content\/uploads\/replay-station-xl-768x768.webp",768,768,true],"large":["https:\/\/ruckstuhlsport.ch\/wp-content\/uploads\/replay-station-xl-1024x1024.webp",1024,1024,true],"1536x1536":["https:\/\/ruckstuhlsport.ch\/wp-content\/uploads\/replay-station-xl.webp",1100,1100,false],"2048x2048":["https:\/\/ruckstuhlsport.ch\/wp-content\/uploads\/replay-station-xl.webp",1100,1100,false],"woocommerce_thumbnail":["https:\/\/ruckstuhlsport.ch\/wp-content\/uploads\/replay-station-xl-300x300.webp",300,300,true],"woocommerce_single":["https:\/\/ruckstuhlsport.ch\/wp-content\/uploads\/replay-station-xl-600x600.webp",600,600,true],"woocommerce_gallery_thumbnail":["https:\/\/ruckstuhlsport.ch\/wp-content\/uploads\/replay-station-xl-100x100.webp",100,100,true],"wc_order_status_icon":["https:\/\/ruckstuhlsport.ch\/wp-content\/uploads\/replay-station-xl-32x32.webp",32,32,true],"dgwt-wcas-product-suggestion":["https:\/\/ruckstuhlsport.ch\/wp-content\/uploads\/replay-station-xl-64x64.webp",64,64,true]},"uagb_author_info":{"display_name":"admin","author_link":"https:\/\/ruckstuhlsport.ch\/fr\/author\/"},"uagb_comment_info":0,"uagb_excerpt":"Augmentez votre niveau de jeu avec la REPLAY Station XL. Cet outil d'entra\u00eenement indispensable am\u00e9liore le jeu \u00e0 tous les postes de football et a \u00e9t\u00e9 con\u00e7u pour porter vos comp\u00e9tences \u00e0 un niveau d'\u00e9lite. Taille : XL 119 cm x 37 cm (l x h) - \u00e9galement disponible en taille originale 95 cm x\u2026","_links":{"self":[{"href":"https:\/\/ruckstuhlsport.ch\/fr\/wp-json\/wp\/v2\/product\/18873","targetHints":{"allow":["GET"]}}],"collection":[{"href":"https:\/\/ruckstuhlsport.ch\/fr\/wp-json\/wp\/v2\/product"}],"about":[{"href":"https:\/\/ruckstuhlsport.ch\/fr\/wp-json\/wp\/v2\/types\/product"}],"wp:featuredmedia":[{"embeddable":true,"href":"https:\/\/ruckstuhlsport.ch\/fr\/wp-json\/wp\/v2\/media\/18875"}],"wp:attachment":[{"href":"https:\/\/ruckstuhlsport.ch\/fr\/wp-json\/wp\/v2\/media?parent=18873"}],"wp:term":[{"taxonomy":"product_brand","embeddable":true,"href":"https:\/\/ruckstuhlsport.ch\/fr\/wp-json\/wp\/v2\/product_brand?post=18873"},{"taxonomy":"product_cat","embeddable":true,"href":"https:\/\/ruckstuhlsport.ch\/fr\/wp-json\/wp\/v2\/product_cat?post=18873"},{"taxonomy":"product_tag","embeddable":true,"href":"https:\/\/ruckstuhlsport.ch\/fr\/wp-json\/wp\/v2\/product_tag?post=18873"}],"curies":[{"name":"wp","href":"https:\/\/api.w.org\/{rel}","templated":true}]}}