{"id":18876,"date":"2024-05-29T12:17:17","date_gmt":"2024-05-29T10:17:17","guid":{"rendered":"https:\/\/ruckstuhlsport.ch\/non%20class\u00e9\/planche-a-rebond-replay-station\/"},"modified":"2025-09-19T14:35:46","modified_gmt":"2025-09-19T12:35:46","slug":"planche-a-rebond-replay-station","status":"publish","type":"product","link":"https:\/\/ruckstuhlsport.ch\/fr\/football\/materiel-dentrainement-de-football\/filets-rebonds\/planche-a-rebond-replay-station\/","title":{"rendered":"Planche \u00e0 rebond Replay Station"},"content":{"rendered":"<h3>La station REPLAY de Quickplay<\/h3>\n<p>D\u00e9couvrez la station r\u00e9volutionnaire REPLAY, le panneau de rebond footballistique de pointe, qui porte vos exercices de passe et de contr\u00f4le du ballon \u00e0 un niveau sup\u00e9rieur. Cet appareil d&rsquo;entra\u00eenement polyvalent 4 en 1 a \u00e9t\u00e9 con\u00e7u avec l&rsquo;innovation en t\u00eate et vous permet de varier les exercices et de simuler des situations de jeu r\u00e9elles. Les joueurs de tous niveaux peuvent ainsi am\u00e9liorer leurs comp\u00e9tences et leur capacit\u00e9 d&rsquo;adaptation.<\/p>\n<h3>Caract\u00e9ristiques principales :<\/h3>\n<ul>\n<li><strong>Conception am\u00e9lior\u00e9e 4 en 1<\/strong> : La station REPLAY dispose d&rsquo;une conception innovante 4 en 1 qui r\u00e9pond \u00e0 tous vos besoins en mati\u00e8re de passes et de contr\u00f4le du ballon. Avec des angles r\u00e9glables et des surfaces variables, vous pouvez adapter vos s\u00e9ances d&rsquo;entra\u00eenement pour vous entra\u00eener \u00e0 faire des passes au sol, des passes hautes ou m\u00eame des rebonds impr\u00e9visibles. Ce design dynamique assure un programme d&rsquo;entra\u00eenement complet.<\/li>\n<li><strong>Une polyvalence incomparable<\/strong> : la fonction multi-angles innovante de la station REPLAY permet d&rsquo;ajuster l&rsquo;angle de la balle sans effort. Vous pouvez ainsi alterner entre une surface plate qui renvoie les passes au sol et une surface inclin\u00e9e qui d\u00e9fie votre contr\u00f4le du ballon dans les airs. C&rsquo;est l&rsquo;outil ultime pour am\u00e9liorer votre technique, votre toucher et votre pr\u00e9cision.<\/li>\n<li><strong>Exp\u00e9rience d&rsquo;entra\u00eenement adaptative<\/strong> : pr\u00e9parez-vous \u00e0 l&rsquo;inattendu avec la fonction de rebond al\u00e9atoire de la station REPLAY. Rabattez les jambes et la surface textur\u00e9e offre des retours impr\u00e9visibles, mettant ainsi \u00e0 l&rsquo;\u00e9preuve votre attention, votre temps de r\u00e9action et vos comp\u00e9tences techniques. Cette simulation r\u00e9aliste de sc\u00e9narios de jeu am\u00e9liore les capacit\u00e9s cognitives des joueurs et favorise la r\u00e9flexion rapide sur le terrain.<\/li>\n<li><strong>Stabilit\u00e9 robuste<\/strong> : La station REPLAY est construite avec un cadre en acier stable et lest\u00e9, qui assure une stabilit\u00e9 incomparable pendant les s\u00e9ances d&rsquo;entra\u00eenement intensives. Pour plus de s\u00e9curit\u00e9, le sac de sable fourni (sable non inclus) permet d&rsquo;ancrer le panneau sur diff\u00e9rentes surfaces, y compris les terrains accident\u00e9s ou les pelouses artificielles lisses.<\/li>\n<li><strong>Qualit\u00e9 in\u00e9gal\u00e9e<\/strong> : la station REPLAY est fabriqu\u00e9e avec le plus grand soin \u00e0 partir de mat\u00e9riaux de qualit\u00e9 sup\u00e9rieure, ce qui lui garantit une longue dur\u00e9e de vie. Des mat\u00e9riaux de haute qualit\u00e9 \u00e0 la finition haut de gamme, cet appareil d&rsquo;entra\u00eenement est con\u00e7u pour r\u00e9sister aux rigueurs des s\u00e9ances d&rsquo;entra\u00eenement intensives et pour \u00eatre votre compagnon fiable tout au long de votre carri\u00e8re de footballeur.<\/li>\n<li><strong>Options de taille \u00e9tendues<\/strong> : Choisissez la taille parfaite pour vos besoins d&rsquo;entra\u00eenement. La taille originale (95 cm x 24 cm) offre une surface d&rsquo;entra\u00eenement compacte et efficace. Vous pouvez \u00e9galement choisir la <a href=\"https:\/\/ruckstuhlsport.ch\/fussball\/quickplay-replay-station-xl\/\">taille XL (119 cm x 37 cm),<\/a> qui offre une plus grande surface cible pour les s\u00e9ances d&rsquo;entra\u00eenement avanc\u00e9es.<\/li>\n<\/ul>\n<h3>Contenu de la livraison :<\/h3>\n<ul>\n<li>Panneau de reond REPLAY Station<\/li>\n<li>Pieds en acier pond\u00e9r\u00e9 (2)<\/li>\n<li>Sac de sable (sable non inclus)<\/li>\n<\/ul>\n<h3>Sp\u00e9cifications de taille et de poids :<\/h3>\n<ul>\n<li><strong>Taille d\u00e9ploy\u00e9e :<\/strong> 95 cm (L), 24 cm (H), 38 cm (P)<\/li>\n<li><strong>Poids de la bo\u00eete <\/strong> : 6 kg<\/li>\n<li><strong>Dimensions de l&#8217;emballage<\/strong> : 99 cm (l) x 25 cm (h) x 13 cm (p)<\/li>\n<\/ul>\n<p>Am\u00e9liorez vos comp\u00e9tences en mati\u00e8re de passes et de contr\u00f4le du ballon avec la station REPLAY. Que vous soyez un milieu de terrain en devenir, un attaquant, un d\u00e9fenseur ou un gardien de but, cet outil d&rsquo;entra\u00eenement indispensable simule des situations de jeu r\u00e9alistes et met votre technique \u00e0 l&rsquo;\u00e9preuve afin que vous puissiez donner le meilleur de vous-m\u00eame au moment d\u00e9cisif.<\/p>\n","protected":false},"excerpt":{"rendered":"<ul>\n<li><strong>Dimensions:<\/strong> 95 cm x 24 cm (L x H) &#8211; \u00e9galement disponible en <a href=\"https:\/\/ruckstuhlsport.ch\/fussball\/quickplay-replay-station-xl\/\">XL (119 cm x 37 cm)<\/a><\/li>\n<li><strong>Conception 4 en 1<\/strong> : varie les exercices et simule les situations de jeu<\/li>\n<li><strong>Angle r\u00e9glable<\/strong> : pour les passes \u00e0 plat et les passes hautes<\/li>\n<li><strong>Rebonds pr\u00e9visibles ou al\u00e9atoires<\/strong> : am\u00e9liore les r\u00e9actions et l&rsquo;adaptabilit\u00e9<\/li>\n<li><strong>Cadre en acier stable et lest\u00e9 <\/strong> : long\u00e9vit\u00e9 pour un entra\u00eenement intensif<\/li>\n<li><strong>Haute qualit\u00e9<\/strong> : une finition soign\u00e9e pour des performances durables<\/li>\n<\/ul>\n","protected":false},"featured_media":5843,"template":"","meta":{"_crdt_document":"","_uag_custom_page_level_css":"","site-sidebar-layout":"default","site-content-layout":"default","ast-site-content-layout":"default","site-content-style":"default","site-sidebar-style":"default","ast-global-header-display":"","ast-banner-title-visibility":"","ast-main-header-display":"","ast-hfb-above-header-display":"","ast-hfb-below-header-display":"","ast-hfb-mobile-header-display":"","site-post-title":"","ast-breadcrumbs-content":"","ast-featured-img":"","footer-sml-layout":"","ast-disable-related-posts":"","theme-transparent-header-meta":"default","adv-header-id-meta":"","stick-header-meta":"default","header-above-stick-meta":"","header-main-stick-meta":"","header-below-stick-meta":"","astra-migrate-meta-layouts":"default","ast-page-background-enabled":"default","ast-page-background-meta":{"desktop":{"background-color":"","background-image":"","background-repeat":"repeat","background-position":"center center","background-size":"auto","background-attachment":"scroll","background-type":"","background-media":"","overlay-type":"","overlay-color":"","overlay-opacity":"","overlay-gradient":""},"tablet":{"background-color":"","background-image":"","background-repeat":"repeat","background-position":"center center","background-size":"auto","background-attachment":"scroll","background-type":"","background-media":"","overlay-type":"","overlay-color":"","overlay-opacity":"","overlay-gradient":""},"mobile":{"background-color":"","background-image":"","background-repeat":"repeat","background-position":"center center","background-size":"auto","background-attachment":"scroll","background-type":"","background-media":"","overlay-type":"","overlay-color":"","overlay-opacity":"","overlay-gradient":""}},"ast-content-background-meta":{"desktop":{"background-color":"var(--ast-global-color-5)","background-image":"","background-repeat":"repeat","background-position":"center center","background-size":"auto","background-attachment":"scroll","background-type":"","background-media":"","overlay-type":"","overlay-color":"","overlay-opacity":"","overlay-gradient":""},"tablet":{"background-color":"var(--ast-global-color-5)","background-image":"","background-repeat":"repeat","background-position":"center center","background-size":"auto","background-attachment":"scroll","background-type":"","background-media":"","overlay-type":"","overlay-color":"","overlay-opacity":"","overlay-gradient":""},"mobile":{"background-color":"var(--ast-global-color-5)","background-image":"","background-repeat":"repeat","background-position":"center center","background-size":"auto","background-attachment":"scroll","background-type":"","background-media":"","overlay-type":"","overlay-color":"","overlay-opacity":"","overlay-gradient":""}}},"product_brand":[],"product_cat":[973,932,933],"product_tag":[],"class_list":{"0":"post-18876","1":"product","2":"type-product","3":"status-publish","4":"has-post-thumbnail","6":"product_cat-filets-rebonds","7":"product_cat-football","8":"product_cat-materiel-dentrainement-de-football","9":"product_shipping_class-defaut","10":"desktop-align-center","11":"tablet-align-center","12":"mobile-align-center","13":"ast-product-gallery-layout-horizontal","14":"ast-product-tabs-layout-horizontal","16":"first","17":"instock","18":"taxable","19":"shipping-taxable","20":"purchasable","21":"product-type-simple"},"uagb_featured_image_src":{"full":["https:\/\/ruckstuhlsport.ch\/wp-content\/uploads\/quickplay-replay-station.jpg",800,800,false],"thumbnail":["https:\/\/ruckstuhlsport.ch\/wp-content\/uploads\/quickplay-replay-station-150x150.jpg",150,150,true],"medium":["https:\/\/ruckstuhlsport.ch\/wp-content\/uploads\/quickplay-replay-station-300x300.jpg",300,300,true],"medium_large":["https:\/\/ruckstuhlsport.ch\/wp-content\/uploads\/quickplay-replay-station-768x768.jpg",768,768,true],"large":["https:\/\/ruckstuhlsport.ch\/wp-content\/uploads\/quickplay-replay-station.jpg",800,800,false],"1536x1536":["https:\/\/ruckstuhlsport.ch\/wp-content\/uploads\/quickplay-replay-station.jpg",800,800,false],"2048x2048":["https:\/\/ruckstuhlsport.ch\/wp-content\/uploads\/quickplay-replay-station.jpg",800,800,false],"woocommerce_thumbnail":["https:\/\/ruckstuhlsport.ch\/wp-content\/uploads\/quickplay-replay-station-300x300.jpg",300,300,true],"woocommerce_single":["https:\/\/ruckstuhlsport.ch\/wp-content\/uploads\/quickplay-replay-station-600x600.jpg",600,600,true],"woocommerce_gallery_thumbnail":["https:\/\/ruckstuhlsport.ch\/wp-content\/uploads\/quickplay-replay-station-100x100.jpg",100,100,true],"wc_order_status_icon":["https:\/\/ruckstuhlsport.ch\/wp-content\/uploads\/quickplay-replay-station.jpg",32,32,false],"dgwt-wcas-product-suggestion":["https:\/\/ruckstuhlsport.ch\/wp-content\/uploads\/quickplay-replay-station-64x64.jpg",64,64,true]},"uagb_author_info":{"display_name":"admin","author_link":"https:\/\/ruckstuhlsport.ch\/fr\/author\/"},"uagb_comment_info":0,"uagb_excerpt":"Dimensions: 95 cm x 24 cm (L x H) - \u00e9galement disponible en XL (119 cm x 37 cm) Conception 4 en 1 : varie les exercices et simule les situations de jeu Angle r\u00e9glable : pour les passes \u00e0 plat et les passes hautes Rebonds pr\u00e9visibles ou al\u00e9atoires : am\u00e9liore les r\u00e9actions et l'adaptabilit\u00e9\u2026","_links":{"self":[{"href":"https:\/\/ruckstuhlsport.ch\/fr\/wp-json\/wp\/v2\/product\/18876","targetHints":{"allow":["GET"]}}],"collection":[{"href":"https:\/\/ruckstuhlsport.ch\/fr\/wp-json\/wp\/v2\/product"}],"about":[{"href":"https:\/\/ruckstuhlsport.ch\/fr\/wp-json\/wp\/v2\/types\/product"}],"wp:featuredmedia":[{"embeddable":true,"href":"https:\/\/ruckstuhlsport.ch\/fr\/wp-json\/wp\/v2\/media\/5843"}],"wp:attachment":[{"href":"https:\/\/ruckstuhlsport.ch\/fr\/wp-json\/wp\/v2\/media?parent=18876"}],"wp:term":[{"taxonomy":"product_brand","embeddable":true,"href":"https:\/\/ruckstuhlsport.ch\/fr\/wp-json\/wp\/v2\/product_brand?post=18876"},{"taxonomy":"product_cat","embeddable":true,"href":"https:\/\/ruckstuhlsport.ch\/fr\/wp-json\/wp\/v2\/product_cat?post=18876"},{"taxonomy":"product_tag","embeddable":true,"href":"https:\/\/ruckstuhlsport.ch\/fr\/wp-json\/wp\/v2\/product_tag?post=18876"}],"curies":[{"name":"wp","href":"https:\/\/api.w.org\/{rel}","templated":true}]}}