{"id":18885,"date":"2024-05-29T13:27:08","date_gmt":"2024-05-29T11:27:08","guid":{"rendered":"https:\/\/ruckstuhlsport.ch\/?post_type=product&#038;p=18885"},"modified":"2025-10-01T15:51:48","modified_gmt":"2025-10-01T13:51:48","slug":"quickplay-pro-rebounder-150x150cm","status":"publish","type":"product","link":"https:\/\/ruckstuhlsport.ch\/fr\/football\/materiel-dentrainement-de-football\/filets-rebonds\/quickplay-pro-rebounder-150x150cm\/","title":{"rendered":"Quickplay Pro Rebounder, 1.50 x 1.50 m"},"content":{"rendered":"<h3>Le Pro Rebounder : votre outil d&rsquo;entra\u00eenement indispensable<\/h3>\n<p>Le Pro Rebounder est l&rsquo;outil id\u00e9al pour l&rsquo;entra\u00eenement au rebond. Il permet aux joueurs de s&rsquo;entra\u00eener \u00e0 la fois aux passes au sol et aux passes a\u00e9riennes et d&rsquo;am\u00e9liorer leur contr\u00f4le du ballon. Avec ses dimensions de 90 x 90 cm (3 x 3 pieds), il offre une excellente surface qui aide les joueurs de tous niveaux \u00e0 perfectionner leur technique, leur contr\u00f4le, leur toucher de balle et leur pr\u00e9cision, tant pour les tirs que pour les passes.<\/p>\n<h3>Caract\u00e9ristiques principales :<\/h3>\n<ul>\n<li><strong>Rebonds hauts et bas<\/strong> : le Pro Rebounder permet aux joueurs de s&rsquo;entra\u00eener \u00e0 la fois aux passes \u00e0 plat et aux passes a\u00e9riennes et d&rsquo;am\u00e9liorer leur contr\u00f4le du ballon.<\/li>\n<li><strong>Rebond \u00e0 haute tension<\/strong> : fournit un rebond puissant qui rend l&rsquo;entra\u00eenement intense et r\u00e9aliste.<\/li>\n<li><strong>Angle facilement r\u00e9glable<\/strong> : l&rsquo;angle du Pro Rebounder peut \u00eatre facilement ajust\u00e9, ce qui permet \u00e0 l&rsquo;entra\u00eeneur de modifier l&rsquo;angle de rebond de la balle afin de simuler diff\u00e9rentes situations d&rsquo;entra\u00eenement.<\/li>\n<li><strong>Construction super robuste<\/strong> : con\u00e7ue pour \u00eatre extr\u00eamement durable et r\u00e9sister aux exigences des s\u00e9ances d&rsquo;entra\u00eenement intensives.<\/li>\n<li><strong>Cadre en acier rev\u00eatu par poudre et r\u00e9sistant aux intemp\u00e9ries<\/strong> : Le Pro Rebounder est adapt\u00e9 \u00e0 toutes les conditions m\u00e9t\u00e9orologiques et peut \u00eatre mont\u00e9 sur place de mani\u00e8re permanente.<\/li>\n<\/ul>\n<h3>Avantages :<\/h3>\n<ul>\n<li><strong>Entra\u00eenement polyvalent <\/strong> : sa conception unique permet de s&rsquo;entra\u00eener aux passes et aux touches de balle aussi bien au sol que dans les airs, ce qui am\u00e9liore la technique et la pr\u00e9cision.<\/li>\n<li><strong>Conditions d&rsquo;entra\u00eenement adaptables<\/strong> : L&rsquo;angle r\u00e9glable permet de simuler diff\u00e9rents sc\u00e9narios de rebond pour varier l&rsquo;entra\u00eenement et le rendre plus r\u00e9aliste.<\/li>\n<li><strong>Durabilit\u00e9 <\/strong> : la construction robuste et le rev\u00eatement r\u00e9sistant aux intemp\u00e9ries garantissent une longue dur\u00e9e de vie et des performances constantes dans toutes les conditions m\u00e9t\u00e9orologiques.<\/li>\n<li><strong>Qualit\u00e9 institutionnelle<\/strong> : le Pro Rebounder est fabriqu\u00e9 selon un standard \u00e9lev\u00e9, ce qui lui permet de r\u00e9sister aux conditions d&rsquo;entra\u00eenement les plus exigeantes et de rester sur le terrain d&rsquo;entra\u00eenement \u00e0 long terme.<\/li>\n<\/ul>\n","protected":false},"excerpt":{"rendered":"<p>Le Pro Rebounder est un outil d&rsquo;entra\u00eenement indispensable pour les joueurs et les entra\u00eeneurs qui souhaitent am\u00e9liorer leur technique, leur contr\u00f4le et leur pr\u00e9cision lors des passes et des tirs. Il est con\u00e7u pour une utilisation \u00e0 long terme et offre d&rsquo;excellentes performances m\u00eame dans les conditions les plus difficiles.<\/p>\n<ul>\n<li><strong>Dimensions :<\/strong> 150 x 150 cm, id\u00e9al pour un entra\u00eenement pr\u00e9cis<\/li>\n<li><strong>2 surfaces jouables : <\/strong>La surface inf\u00e9rieure renvoie des passes \u00e0 ras de terre et, en jouant sur la surface sup\u00e9rieure, des balles hauts sont renvoy\u00e9s.<\/li>\n<li><strong>Angle r\u00e9glable<\/strong> : adaptable \u00e0 diff\u00e9rents sc\u00e9narios d&rsquo;entra\u00eenement<\/li>\n<li><strong>Rebond \u00e0 haute tension<\/strong> : des rebonds puissants pour un entra\u00eenement intensif<\/li>\n<li><strong>Mat\u00e9riau <\/strong> : cadre en acier r\u00e9sistant aux intemp\u00e9ries et rev\u00eatu par poudre<\/li>\n<li><strong>Construction :<\/strong> super robuste et durable<\/li>\n<li><strong>Lieu d&rsquo;utilisation<\/strong> : peut \u00eatre mont\u00e9 sur place de mani\u00e8re permanente<\/li>\n<li><strong>Application : <\/strong> Pour les joueurs de tous niveaux pour am\u00e9liorer la technique, le contr\u00f4le et la pr\u00e9cision.<\/li>\n<\/ul>\n","protected":false},"featured_media":5889,"template":"","meta":{"_crdt_document":"","_uag_custom_page_level_css":"","site-sidebar-layout":"default","site-content-layout":"default","ast-site-content-layout":"default","site-content-style":"default","site-sidebar-style":"default","ast-global-header-display":"","ast-banner-title-visibility":"","ast-main-header-display":"","ast-hfb-above-header-display":"","ast-hfb-below-header-display":"","ast-hfb-mobile-header-display":"","site-post-title":"","ast-breadcrumbs-content":"","ast-featured-img":"","footer-sml-layout":"","ast-disable-related-posts":"","theme-transparent-header-meta":"default","adv-header-id-meta":"","stick-header-meta":"default","header-above-stick-meta":"","header-main-stick-meta":"","header-below-stick-meta":"","astra-migrate-meta-layouts":"set","ast-page-background-enabled":"default","ast-page-background-meta":{"desktop":{"background-color":"","background-image":"","background-repeat":"repeat","background-position":"center center","background-size":"auto","background-attachment":"scroll","background-type":"","background-media":"","overlay-type":"","overlay-color":"","overlay-opacity":"","overlay-gradient":""},"tablet":{"background-color":"","background-image":"","background-repeat":"repeat","background-position":"center center","background-size":"auto","background-attachment":"scroll","background-type":"","background-media":"","overlay-type":"","overlay-color":"","overlay-opacity":"","overlay-gradient":""},"mobile":{"background-color":"","background-image":"","background-repeat":"repeat","background-position":"center center","background-size":"auto","background-attachment":"scroll","background-type":"","background-media":"","overlay-type":"","overlay-color":"","overlay-opacity":"","overlay-gradient":""}},"ast-content-background-meta":{"desktop":{"background-color":"var(--ast-global-color-5)","background-image":"","background-repeat":"repeat","background-position":"center center","background-size":"auto","background-attachment":"scroll","background-type":"","background-media":"","overlay-type":"","overlay-color":"","overlay-opacity":"","overlay-gradient":""},"tablet":{"background-color":"var(--ast-global-color-5)","background-image":"","background-repeat":"repeat","background-position":"center center","background-size":"auto","background-attachment":"scroll","background-type":"","background-media":"","overlay-type":"","overlay-color":"","overlay-opacity":"","overlay-gradient":""},"mobile":{"background-color":"var(--ast-global-color-5)","background-image":"","background-repeat":"repeat","background-position":"center center","background-size":"auto","background-attachment":"scroll","background-type":"","background-media":"","overlay-type":"","overlay-color":"","overlay-opacity":"","overlay-gradient":""}}},"product_brand":[],"product_cat":[973,932,933],"product_tag":[],"class_list":{"0":"post-18885","1":"product","2":"type-product","3":"status-publish","4":"has-post-thumbnail","6":"product_cat-filets-rebonds","7":"product_cat-football","8":"product_cat-materiel-dentrainement-de-football","9":"product_shipping_class-marchandise-volumineuse","10":"desktop-align-center","11":"tablet-align-center","12":"mobile-align-center","13":"ast-product-gallery-layout-horizontal","14":"ast-product-tabs-layout-horizontal","16":"first","17":"instock","18":"taxable","19":"shipping-taxable","20":"purchasable","21":"product-type-simple"},"uagb_featured_image_src":{"full":["https:\/\/ruckstuhlsport.ch\/wp-content\/uploads\/quickplay-pro-rebounder-150x150cm.jpg",800,800,false],"thumbnail":["https:\/\/ruckstuhlsport.ch\/wp-content\/uploads\/quickplay-pro-rebounder-150x150cm-150x150.jpg",150,150,true],"medium":["https:\/\/ruckstuhlsport.ch\/wp-content\/uploads\/quickplay-pro-rebounder-150x150cm-300x300.jpg",300,300,true],"medium_large":["https:\/\/ruckstuhlsport.ch\/wp-content\/uploads\/quickplay-pro-rebounder-150x150cm-768x768.jpg",768,768,true],"large":["https:\/\/ruckstuhlsport.ch\/wp-content\/uploads\/quickplay-pro-rebounder-150x150cm.jpg",800,800,false],"1536x1536":["https:\/\/ruckstuhlsport.ch\/wp-content\/uploads\/quickplay-pro-rebounder-150x150cm.jpg",800,800,false],"2048x2048":["https:\/\/ruckstuhlsport.ch\/wp-content\/uploads\/quickplay-pro-rebounder-150x150cm.jpg",800,800,false],"woocommerce_thumbnail":["https:\/\/ruckstuhlsport.ch\/wp-content\/uploads\/quickplay-pro-rebounder-150x150cm-300x300.jpg",300,300,true],"woocommerce_single":["https:\/\/ruckstuhlsport.ch\/wp-content\/uploads\/quickplay-pro-rebounder-150x150cm-600x600.jpg",600,600,true],"woocommerce_gallery_thumbnail":["https:\/\/ruckstuhlsport.ch\/wp-content\/uploads\/quickplay-pro-rebounder-150x150cm-100x100.jpg",100,100,true],"wc_order_status_icon":["https:\/\/ruckstuhlsport.ch\/wp-content\/uploads\/quickplay-pro-rebounder-150x150cm.jpg",32,32,false],"dgwt-wcas-product-suggestion":["https:\/\/ruckstuhlsport.ch\/wp-content\/uploads\/quickplay-pro-rebounder-150x150cm-64x64.jpg",64,64,true]},"uagb_author_info":{"display_name":"admin","author_link":"https:\/\/ruckstuhlsport.ch\/fr\/author\/"},"uagb_comment_info":0,"uagb_excerpt":"Le Pro Rebounder est un outil d'entra\u00eenement indispensable pour les joueurs et les entra\u00eeneurs qui souhaitent am\u00e9liorer leur technique, leur contr\u00f4le et leur pr\u00e9cision lors des passes et des tirs. Il est con\u00e7u pour une utilisation \u00e0 long terme et offre d'excellentes performances m\u00eame dans les conditions les plus difficiles. Dimensions : 150 x 150\u2026","_links":{"self":[{"href":"https:\/\/ruckstuhlsport.ch\/fr\/wp-json\/wp\/v2\/product\/18885","targetHints":{"allow":["GET"]}}],"collection":[{"href":"https:\/\/ruckstuhlsport.ch\/fr\/wp-json\/wp\/v2\/product"}],"about":[{"href":"https:\/\/ruckstuhlsport.ch\/fr\/wp-json\/wp\/v2\/types\/product"}],"wp:featuredmedia":[{"embeddable":true,"href":"https:\/\/ruckstuhlsport.ch\/fr\/wp-json\/wp\/v2\/media\/5889"}],"wp:attachment":[{"href":"https:\/\/ruckstuhlsport.ch\/fr\/wp-json\/wp\/v2\/media?parent=18885"}],"wp:term":[{"taxonomy":"product_brand","embeddable":true,"href":"https:\/\/ruckstuhlsport.ch\/fr\/wp-json\/wp\/v2\/product_brand?post=18885"},{"taxonomy":"product_cat","embeddable":true,"href":"https:\/\/ruckstuhlsport.ch\/fr\/wp-json\/wp\/v2\/product_cat?post=18885"},{"taxonomy":"product_tag","embeddable":true,"href":"https:\/\/ruckstuhlsport.ch\/fr\/wp-json\/wp\/v2\/product_tag?post=18885"}],"curies":[{"name":"wp","href":"https:\/\/api.w.org\/{rel}","templated":true}]}}