{"id":18889,"date":"2024-05-29T13:43:08","date_gmt":"2024-05-29T11:43:08","guid":{"rendered":"https:\/\/ruckstuhlsport.ch\/?post_type=product&#038;p=18889"},"modified":"2025-10-01T15:51:50","modified_gmt":"2025-10-01T13:51:50","slug":"quickplay-spot-rebounder-240x150cm","status":"publish","type":"product","link":"https:\/\/ruckstuhlsport.ch\/fr\/football\/materiel-dentrainement-de-football\/filets-rebonds\/quickplay-spot-rebounder-240x150cm\/","title":{"rendered":"Quickplay SPOT Rebounder, 2.4 x 1.5 m"},"content":{"rendered":"<h3>SPOT Rebounder : l&rsquo;appareil d&rsquo;entra\u00eenement polyvalent pour les footballeurs<\/h3>\n<p>Le rebondisseur SPOT est un appareil d&rsquo;entra\u00eenement de premi\u00e8re classe, sp\u00e9cialement con\u00e7u pour les joueurs de football afin d&rsquo;am\u00e9liorer leurs capacit\u00e9s de passe et de contr\u00f4le du ballon. Avec ses dimensions g\u00e9n\u00e9reuses de 2,40 x 1,50 m, il constitue une cible id\u00e9ale qui permet aux joueurs de tous niveaux de perfectionner leur technique, leur contr\u00f4le et leur pr\u00e9cision, aussi bien pour les passes au sol que pour les passes a\u00e9riennes.<\/p>\n<h3>Caract\u00e9ristiques principales du rebond SPOT<\/h3>\n<ul>\n<li><strong>Grande surface de rebond<\/strong> : avec ses dimensions de 2,40 x 1,50 m, le rebondisseur offre suffisamment de place pour des exercices d&rsquo;entra\u00eenement vari\u00e9s.<\/li>\n<li><strong>Verstellbarer Winkel:<\/strong> Erm\u00f6glicht es Trainern und Spielern, den R\u00fcckprallwinkel des Balls anzupassen, um verschiedene Trainingssituationen zu simulieren.<\/li>\n<li><strong>Tension \u00e9lev\u00e9e pour un rebond puissant <\/strong> : assure des rebonds r\u00e9alistes et puissants qui rendent l&rsquo;entra\u00eenement intense et efficace.<\/li>\n<li><strong>Construction durable <\/strong> : fabriqu\u00e9 \u00e0 partir de mat\u00e9riaux robustes et r\u00e9sistants aux intemp\u00e9ries, le rebond SPOT est con\u00e7u pour une utilisation durable \u00e0 l&rsquo;ext\u00e9rieur.<\/li>\n<li><strong>Montage rapide et facile <\/strong> : le rebond se monte rapidement et est pr\u00eat \u00e0 l&#8217;emploi, ce qui le rend id\u00e9al pour les s\u00e9ances d&rsquo;entra\u00eenement sur le terrain.<\/li>\n<\/ul>\n<h3>Avantages du rebondisseur SPOT<\/h3>\n<ul>\n<li><strong>Possibilit\u00e9s d&rsquo;entra\u00eenement \u00e9largies<\/strong> : Le grand rebond permet de s&rsquo;entra\u00eener aux passes et au contr\u00f4le du ballon \u00e0 diff\u00e9rentes hauteurs et sous diff\u00e9rents angles, ce qui augmente la polyvalence et l&rsquo;efficacit\u00e9 de l&rsquo;entra\u00eenement.<\/li>\n<li><strong>Stabilit\u00e9 et r\u00e9sistance :<\/strong> la construction robuste permet au rebond de r\u00e9sister \u00e0 des s\u00e9ances d&rsquo;entra\u00eenement m\u00eame intensives et garantit une longue dur\u00e9e de vie.<\/li>\n<li><strong>Une utilisation flexible <\/strong> : L&rsquo;angle r\u00e9glable et le montage facile font du rebondisseur SPOT un outil d&rsquo;entra\u00eenement polyvalent, adapt\u00e9 aussi bien aux joueurs individuels qu&rsquo;aux entra\u00eenements d&rsquo;\u00e9quipe.<\/li>\n<\/ul>\n","protected":false},"excerpt":{"rendered":"<p>Le rebondisseur SPOT est l&rsquo;outil d&rsquo;entra\u00eenement id\u00e9al pour les footballeurs qui souhaitent porter leurs comp\u00e9tences au niveau sup\u00e9rieur. Avec sa grande surface de rebond, son angle r\u00e9glable et sa construction robuste, il offre une combinaison imbattable de polyvalence, de durabilit\u00e9 et d&rsquo;efficacit\u00e9 pour l&rsquo;entra\u00eenement de football.<\/p>\n<ul>\n<li><strong>Dimensions: <\/strong> 2.40 x 1.50 m, grande surface de rebond<\/li>\n<li><strong>Angle r\u00e9glable<\/strong> : adaptable \u00e0 diff\u00e9rents sc\u00e9narios d&rsquo;entra\u00eenement<\/li>\n<li><strong>Haute tension :<\/strong> rebonds puissants pour un entra\u00eenement intensif<\/li>\n<li><strong>Mat\u00e9riau :<\/strong> r\u00e9sistant aux intemp\u00e9ries et robuste<\/li>\n<li><strong>Construction<\/strong> : durable et stable<\/li>\n<li><strong>Montage <\/strong> : rapide et facile \u00e0 monter<\/li>\n<li><strong>Groupe cible :<\/strong> Joueurs de tous niveaux pour am\u00e9liorer la technique, le contr\u00f4le et la pr\u00e9cision<\/li>\n<\/ul>\n","protected":false},"featured_media":18891,"template":"","meta":{"_crdt_document":"","_uag_custom_page_level_css":"","site-sidebar-layout":"default","site-content-layout":"default","ast-site-content-layout":"default","site-content-style":"default","site-sidebar-style":"default","ast-global-header-display":"","ast-banner-title-visibility":"","ast-main-header-display":"","ast-hfb-above-header-display":"","ast-hfb-below-header-display":"","ast-hfb-mobile-header-display":"","site-post-title":"","ast-breadcrumbs-content":"","ast-featured-img":"","footer-sml-layout":"","ast-disable-related-posts":"","theme-transparent-header-meta":"default","adv-header-id-meta":"","stick-header-meta":"default","header-above-stick-meta":"","header-main-stick-meta":"","header-below-stick-meta":"","astra-migrate-meta-layouts":"set","ast-page-background-enabled":"default","ast-page-background-meta":{"desktop":{"background-color":"","background-image":"","background-repeat":"repeat","background-position":"center center","background-size":"auto","background-attachment":"scroll","background-type":"","background-media":"","overlay-type":"","overlay-color":"","overlay-opacity":"","overlay-gradient":""},"tablet":{"background-color":"","background-image":"","background-repeat":"repeat","background-position":"center center","background-size":"auto","background-attachment":"scroll","background-type":"","background-media":"","overlay-type":"","overlay-color":"","overlay-opacity":"","overlay-gradient":""},"mobile":{"background-color":"","background-image":"","background-repeat":"repeat","background-position":"center center","background-size":"auto","background-attachment":"scroll","background-type":"","background-media":"","overlay-type":"","overlay-color":"","overlay-opacity":"","overlay-gradient":""}},"ast-content-background-meta":{"desktop":{"background-color":"var(--ast-global-color-5)","background-image":"","background-repeat":"repeat","background-position":"center center","background-size":"auto","background-attachment":"scroll","background-type":"","background-media":"","overlay-type":"","overlay-color":"","overlay-opacity":"","overlay-gradient":""},"tablet":{"background-color":"var(--ast-global-color-5)","background-image":"","background-repeat":"repeat","background-position":"center center","background-size":"auto","background-attachment":"scroll","background-type":"","background-media":"","overlay-type":"","overlay-color":"","overlay-opacity":"","overlay-gradient":""},"mobile":{"background-color":"var(--ast-global-color-5)","background-image":"","background-repeat":"repeat","background-position":"center center","background-size":"auto","background-attachment":"scroll","background-type":"","background-media":"","overlay-type":"","overlay-color":"","overlay-opacity":"","overlay-gradient":""}}},"product_brand":[],"product_cat":[973,932,933],"product_tag":[],"class_list":{"0":"post-18889","1":"product","2":"type-product","3":"status-publish","4":"has-post-thumbnail","6":"product_cat-filets-rebonds","7":"product_cat-football","8":"product_cat-materiel-dentrainement-de-football","9":"product_shipping_class-defaut","10":"desktop-align-center","11":"tablet-align-center","12":"mobile-align-center","13":"ast-product-gallery-layout-horizontal","14":"ast-product-gallery-with-no-image","15":"ast-product-tabs-layout-horizontal","17":"first","18":"instock","19":"taxable","20":"shipping-taxable","21":"purchasable","22":"product-type-simple"},"uagb_featured_image_src":{"full":["https:\/\/ruckstuhlsport.ch\/wp-content\/uploads\/spot-reounder-240x150cm-quickplay.webp",1000,1000,false],"thumbnail":["https:\/\/ruckstuhlsport.ch\/wp-content\/uploads\/spot-reounder-240x150cm-quickplay-150x150.webp",150,150,true],"medium":["https:\/\/ruckstuhlsport.ch\/wp-content\/uploads\/spot-reounder-240x150cm-quickplay-300x300.webp",300,300,true],"medium_large":["https:\/\/ruckstuhlsport.ch\/wp-content\/uploads\/spot-reounder-240x150cm-quickplay-768x768.webp",768,768,true],"large":["https:\/\/ruckstuhlsport.ch\/wp-content\/uploads\/spot-reounder-240x150cm-quickplay.webp",1000,1000,false],"1536x1536":["https:\/\/ruckstuhlsport.ch\/wp-content\/uploads\/spot-reounder-240x150cm-quickplay.webp",1000,1000,false],"2048x2048":["https:\/\/ruckstuhlsport.ch\/wp-content\/uploads\/spot-reounder-240x150cm-quickplay.webp",1000,1000,false],"woocommerce_thumbnail":["https:\/\/ruckstuhlsport.ch\/wp-content\/uploads\/spot-reounder-240x150cm-quickplay-300x300.webp",300,300,true],"woocommerce_single":["https:\/\/ruckstuhlsport.ch\/wp-content\/uploads\/spot-reounder-240x150cm-quickplay-600x600.webp",600,600,true],"woocommerce_gallery_thumbnail":["https:\/\/ruckstuhlsport.ch\/wp-content\/uploads\/spot-reounder-240x150cm-quickplay-100x100.webp",100,100,true],"wc_order_status_icon":["https:\/\/ruckstuhlsport.ch\/wp-content\/uploads\/spot-reounder-240x150cm-quickplay-32x32.webp",32,32,true],"dgwt-wcas-product-suggestion":["https:\/\/ruckstuhlsport.ch\/wp-content\/uploads\/spot-reounder-240x150cm-quickplay-64x64.webp",64,64,true]},"uagb_author_info":{"display_name":"admin","author_link":"https:\/\/ruckstuhlsport.ch\/fr\/author\/"},"uagb_comment_info":0,"uagb_excerpt":"Le rebondisseur SPOT est l'outil d'entra\u00eenement id\u00e9al pour les footballeurs qui souhaitent porter leurs comp\u00e9tences au niveau sup\u00e9rieur. Avec sa grande surface de rebond, son angle r\u00e9glable et sa construction robuste, il offre une combinaison imbattable de polyvalence, de durabilit\u00e9 et d'efficacit\u00e9 pour l'entra\u00eenement de football. Dimensions: 2.40 x 1.50 m, grande surface de rebond\u2026","_links":{"self":[{"href":"https:\/\/ruckstuhlsport.ch\/fr\/wp-json\/wp\/v2\/product\/18889","targetHints":{"allow":["GET"]}}],"collection":[{"href":"https:\/\/ruckstuhlsport.ch\/fr\/wp-json\/wp\/v2\/product"}],"about":[{"href":"https:\/\/ruckstuhlsport.ch\/fr\/wp-json\/wp\/v2\/types\/product"}],"wp:featuredmedia":[{"embeddable":true,"href":"https:\/\/ruckstuhlsport.ch\/fr\/wp-json\/wp\/v2\/media\/18891"}],"wp:attachment":[{"href":"https:\/\/ruckstuhlsport.ch\/fr\/wp-json\/wp\/v2\/media?parent=18889"}],"wp:term":[{"taxonomy":"product_brand","embeddable":true,"href":"https:\/\/ruckstuhlsport.ch\/fr\/wp-json\/wp\/v2\/product_brand?post=18889"},{"taxonomy":"product_cat","embeddable":true,"href":"https:\/\/ruckstuhlsport.ch\/fr\/wp-json\/wp\/v2\/product_cat?post=18889"},{"taxonomy":"product_tag","embeddable":true,"href":"https:\/\/ruckstuhlsport.ch\/fr\/wp-json\/wp\/v2\/product_tag?post=18889"}],"curies":[{"name":"wp","href":"https:\/\/api.w.org\/{rel}","templated":true}]}}