{"id":18903,"date":"2024-05-27T13:03:39","date_gmt":"2024-05-29T15:13:30","guid":{"rendered":"https:\/\/ruckstuhlsport.ch\/non class\u00e9\/banniere-publicitaire-en-mesh-2-x-12-m-avec-impression\/"},"modified":"2024-05-29T17:13:30","modified_gmt":"2024-05-29T15:13:30","slug":"banniere-publicitaire-en-mesh-2-x-12-m-avec-impression","status":"publish","type":"product","link":"https:\/\/ruckstuhlsport.ch\/fr\/football\/autour-du-terrain\/bannieres-publicitaires\/banniere-publicitaire-en-mesh-2-x-12-m-avec-impression\/","title":{"rendered":"Banni\u00e8re publicitaire en Mesh 2 x 12 m, avec impression"},"content":{"rendered":"<p>\u00cates-vous \u00e0 la recherche d&rsquo;une plateforme publicitaire ou de l&rsquo;accroche-regard ultime pour votre court? Alors vous avez tout \u00e0 fait raison. Avec nos b\u00e2ches en maille de haute qualit\u00e9, il n&rsquo;y a aucune restriction dans la conception et peut donc \u00eatre imprim\u00e9e sur toute la surface et \u00e0 moindre co\u00fbt. Les banni\u00e8res en maille ont un renfort de bord suppl\u00e9mentaire avec des \u0153illets, sont r\u00e9sistantes aux UV et perm\u00e9ables au vent.<br \/>\nIls sont id\u00e9aux pour les \u00e9v\u00e9nements \u00e0 court terme afin de g\u00e9n\u00e9rer des revenus publicitaires ou comme \u00e9cran de confidentialit\u00e9 toute l&rsquo;ann\u00e9e avec un logo ou un texte de votre choix.<\/p>\n<p>En option, vous pouvez trouver tous les accessoires tels que des mousquetons ou des c\u00e2bles m\u00e9talliques pour attacher la b\u00e2che dans notre gamme sous accessoires.<\/p>\n","protected":false},"excerpt":{"rendered":"<ul>\n<li>Banni\u00e8re publicitaire en maille (Mesh)<\/li>\n<li>perm\u00e9able au vent et robuste<\/li>\n<li>bords renforc\u00e9es avec \u0153illets toutes les 50 cm<\/li>\n<li>enti\u00e8rement imprimable<\/li>\n<li>le dos est toujours blanc<\/li>\n<li>incl. Mousqueton<\/li>\n<li>M\u00e9thode d&rsquo;impression: impression num\u00e9rique 4c<\/li>\n<\/ul>\n","protected":false},"featured_media":18796,"template":"","meta":{"_crdt_document":"","_uag_custom_page_level_css":"","site-sidebar-layout":"default","site-content-layout":"default","ast-site-content-layout":"default","site-content-style":"default","site-sidebar-style":"default","ast-global-header-display":"","ast-banner-title-visibility":"","ast-main-header-display":"","ast-hfb-above-header-display":"","ast-hfb-below-header-display":"","ast-hfb-mobile-header-display":"","site-post-title":"","ast-breadcrumbs-content":"","ast-featured-img":"","footer-sml-layout":"","ast-disable-related-posts":"","theme-transparent-header-meta":"default","adv-header-id-meta":"","stick-header-meta":"default","header-above-stick-meta":"","header-main-stick-meta":"","header-below-stick-meta":"","astra-migrate-meta-layouts":"default","ast-page-background-enabled":"default","ast-page-background-meta":{"desktop":{"background-color":"","background-image":"","background-repeat":"repeat","background-position":"center center","background-size":"auto","background-attachment":"scroll","background-type":"","background-media":"","overlay-type":"","overlay-color":"","overlay-opacity":"","overlay-gradient":""},"tablet":{"background-color":"","background-image":"","background-repeat":"repeat","background-position":"center center","background-size":"auto","background-attachment":"scroll","background-type":"","background-media":"","overlay-type":"","overlay-color":"","overlay-opacity":"","overlay-gradient":""},"mobile":{"background-color":"","background-image":"","background-repeat":"repeat","background-position":"center center","background-size":"auto","background-attachment":"scroll","background-type":"","background-media":"","overlay-type":"","overlay-color":"","overlay-opacity":"","overlay-gradient":""}},"ast-content-background-meta":{"desktop":{"background-color":"var(--ast-global-color-5)","background-image":"","background-repeat":"repeat","background-position":"center center","background-size":"auto","background-attachment":"scroll","background-type":"","background-media":"","overlay-type":"","overlay-color":"","overlay-opacity":"","overlay-gradient":""},"tablet":{"background-color":"var(--ast-global-color-5)","background-image":"","background-repeat":"repeat","background-position":"center center","background-size":"auto","background-attachment":"scroll","background-type":"","background-media":"","overlay-type":"","overlay-color":"","overlay-opacity":"","overlay-gradient":""},"mobile":{"background-color":"var(--ast-global-color-5)","background-image":"","background-repeat":"repeat","background-position":"center center","background-size":"auto","background-attachment":"scroll","background-type":"","background-media":"","overlay-type":"","overlay-color":"","overlay-opacity":"","overlay-gradient":""}}},"product_brand":[],"product_cat":[932,1354,1353,934,1296,1329],"product_tag":[],"class_list":{"0":"post-18903","1":"product","2":"type-product","3":"status-publish","4":"has-post-thumbnail","6":"product_cat-football","7":"product_cat-autour-du-terrain","8":"product_cat-bannieres-publicitaires","9":"product_cat-tennis","10":"product_cat-equipement-courts-tennis","11":"product_cat-baches-de-tennis","12":"product_shipping_class-marchandise-volumineuse","13":"desktop-align-center","14":"tablet-align-center","15":"mobile-align-center","16":"ast-product-gallery-layout-horizontal","17":"ast-product-tabs-layout-horizontal","19":"first","20":"onbackorder","21":"taxable","22":"shipping-taxable","23":"purchasable","24":"product-type-simple"},"uagb_featured_image_src":{"full":["https:\/\/ruckstuhlsport.ch\/wp-content\/uploads\/Mesh-Banner-Han-Uster-TC-Greifensee-2023.jpg",1080,566,false],"thumbnail":["https:\/\/ruckstuhlsport.ch\/wp-content\/uploads\/Mesh-Banner-Han-Uster-TC-Greifensee-2023-150x150.jpg",150,150,true],"medium":["https:\/\/ruckstuhlsport.ch\/wp-content\/uploads\/Mesh-Banner-Han-Uster-TC-Greifensee-2023-300x157.jpg",300,157,true],"medium_large":["https:\/\/ruckstuhlsport.ch\/wp-content\/uploads\/Mesh-Banner-Han-Uster-TC-Greifensee-2023-768x402.jpg",768,402,true],"large":["https:\/\/ruckstuhlsport.ch\/wp-content\/uploads\/Mesh-Banner-Han-Uster-TC-Greifensee-2023-1024x537.jpg",1024,537,true],"1536x1536":["https:\/\/ruckstuhlsport.ch\/wp-content\/uploads\/Mesh-Banner-Han-Uster-TC-Greifensee-2023.jpg",1080,566,false],"2048x2048":["https:\/\/ruckstuhlsport.ch\/wp-content\/uploads\/Mesh-Banner-Han-Uster-TC-Greifensee-2023.jpg",1080,566,false],"woocommerce_thumbnail":["https:\/\/ruckstuhlsport.ch\/wp-content\/uploads\/Mesh-Banner-Han-Uster-TC-Greifensee-2023-300x157.jpg",300,157,true],"woocommerce_single":["https:\/\/ruckstuhlsport.ch\/wp-content\/uploads\/Mesh-Banner-Han-Uster-TC-Greifensee-2023-600x314.jpg",600,314,true],"woocommerce_gallery_thumbnail":["https:\/\/ruckstuhlsport.ch\/wp-content\/uploads\/Mesh-Banner-Han-Uster-TC-Greifensee-2023-100x100.jpg",100,100,true],"wc_order_status_icon":["https:\/\/ruckstuhlsport.ch\/wp-content\/uploads\/Mesh-Banner-Han-Uster-TC-Greifensee-2023-32x32.jpg",32,32,true],"dgwt-wcas-product-suggestion":["https:\/\/ruckstuhlsport.ch\/wp-content\/uploads\/Mesh-Banner-Han-Uster-TC-Greifensee-2023-64x34.jpg",64,34,true]},"uagb_author_info":{"display_name":"admin","author_link":"https:\/\/ruckstuhlsport.ch\/fr\/author\/"},"uagb_comment_info":0,"uagb_excerpt":"Banni\u00e8re publicitaire en maille (Mesh) perm\u00e9able au vent et robuste bords renforc\u00e9es avec \u0153illets toutes les 50 cm enti\u00e8rement imprimable le dos est toujours blanc incl. Mousqueton M\u00e9thode d'impression: impression num\u00e9rique 4c","_links":{"self":[{"href":"https:\/\/ruckstuhlsport.ch\/fr\/wp-json\/wp\/v2\/product\/18903","targetHints":{"allow":["GET"]}}],"collection":[{"href":"https:\/\/ruckstuhlsport.ch\/fr\/wp-json\/wp\/v2\/product"}],"about":[{"href":"https:\/\/ruckstuhlsport.ch\/fr\/wp-json\/wp\/v2\/types\/product"}],"wp:featuredmedia":[{"embeddable":true,"href":"https:\/\/ruckstuhlsport.ch\/fr\/wp-json\/wp\/v2\/media\/18796"}],"wp:attachment":[{"href":"https:\/\/ruckstuhlsport.ch\/fr\/wp-json\/wp\/v2\/media?parent=18903"}],"wp:term":[{"taxonomy":"product_brand","embeddable":true,"href":"https:\/\/ruckstuhlsport.ch\/fr\/wp-json\/wp\/v2\/product_brand?post=18903"},{"taxonomy":"product_cat","embeddable":true,"href":"https:\/\/ruckstuhlsport.ch\/fr\/wp-json\/wp\/v2\/product_cat?post=18903"},{"taxonomy":"product_tag","embeddable":true,"href":"https:\/\/ruckstuhlsport.ch\/fr\/wp-json\/wp\/v2\/product_tag?post=18903"}],"curies":[{"name":"wp","href":"https:\/\/api.w.org\/{rel}","templated":true}]}}