{"id":19062,"date":"2024-06-28T09:43:58","date_gmt":"2024-06-28T07:43:58","guid":{"rendered":"https:\/\/ruckstuhlsport.ch\/non%20class\u00e9\/protection-des-bords-easy\/"},"modified":"2025-10-01T15:51:56","modified_gmt":"2025-10-01T13:51:56","slug":"protection-des-bords-easy","status":"publish","type":"product","link":"https:\/\/ruckstuhlsport.ch\/fr\/football\/autour-du-terrain\/matelas-de-protection\/protection-des-bords-easy\/","title":{"rendered":"Protection des bords Easy"},"content":{"rendered":"<p>La <strong>prot\u00e8ge-ar\u00eate Easy <\/strong> est une protection d&rsquo;angle polyvalente et durable, con\u00e7ue pour prot\u00e9ger des blessures en cas de choc ou de saut contre les ar\u00eates. D&rsquo;une longueur de 200 cm, d&rsquo;une largeur de 5 + 5 cm et d&rsquo;une \u00e9paisseur de 15 mm, cette bande de protection offre un excellent rembourrage et une grande s\u00e9curit\u00e9 pour votre terrain de sport. Avec le ruban adh\u00e9sif appropri\u00e9, le prot\u00e8ge-ar\u00eate adh\u00e8re solidement aux coins et offre un bord rembourr\u00e9 pour \u00e9viter les blessures.<\/p>\n","protected":false},"excerpt":{"rendered":"<ul>\n<li><strong>Dimensions <\/strong> : 200 cm de long, 5 + 5 cm de large et 15 mm d&rsquo;\u00e9paisseur.<\/li>\n<li><strong>Mat\u00e9riau<\/strong>: E.V.A. de haute qualit\u00e9 qui absorbe les chocs et minimise le risque de blessure.<\/li>\n<li><strong>Adaptable<\/strong>: Facilement d\u00e9coupable \u00e0 la longueur souhait\u00e9e pour un ajustement parfait.<\/li>\n<li><strong>Choix de couleurs<\/strong>: Disponible en plusieurs couleurs : blanc, noir, rouge, orange, bleu clair, bleu fonc\u00e9, vert et gris<\/li>\n<li><strong>Einfache Installation<\/strong>: mit dem passenden Klebeband einfach aufkleben<\/li>\n<\/ul>\n<p><strong>Veuillez noter que la quantit\u00e9 minimale de commande par couleur est de 10 pi\u00e8ces.<\/strong><\/p>\n","protected":false},"featured_media":19022,"template":"","meta":{"_crdt_document":"","_uag_custom_page_level_css":"","site-sidebar-layout":"default","site-content-layout":"","ast-site-content-layout":"default","site-content-style":"default","site-sidebar-style":"default","ast-global-header-display":"","ast-banner-title-visibility":"","ast-main-header-display":"","ast-hfb-above-header-display":"","ast-hfb-below-header-display":"","ast-hfb-mobile-header-display":"","site-post-title":"","ast-breadcrumbs-content":"","ast-featured-img":"","footer-sml-layout":"","ast-disable-related-posts":"","theme-transparent-header-meta":"default","adv-header-id-meta":"","stick-header-meta":"default","header-above-stick-meta":"","header-main-stick-meta":"","header-below-stick-meta":"","astra-migrate-meta-layouts":"default","ast-page-background-enabled":"default","ast-page-background-meta":{"desktop":{"background-color":"","background-image":"","background-repeat":"repeat","background-position":"center center","background-size":"auto","background-attachment":"scroll","background-type":"","background-media":"","overlay-type":"","overlay-color":"","overlay-opacity":"","overlay-gradient":""},"tablet":{"background-color":"","background-image":"","background-repeat":"repeat","background-position":"center center","background-size":"auto","background-attachment":"scroll","background-type":"","background-media":"","overlay-type":"","overlay-color":"","overlay-opacity":"","overlay-gradient":""},"mobile":{"background-color":"","background-image":"","background-repeat":"repeat","background-position":"center center","background-size":"auto","background-attachment":"scroll","background-type":"","background-media":"","overlay-type":"","overlay-color":"","overlay-opacity":"","overlay-gradient":""}},"ast-content-background-meta":{"desktop":{"background-color":"var(--ast-global-color-5)","background-image":"","background-repeat":"repeat","background-position":"center center","background-size":"auto","background-attachment":"scroll","background-type":"","background-media":"","overlay-type":"","overlay-color":"","overlay-opacity":"","overlay-gradient":""},"tablet":{"background-color":"var(--ast-global-color-5)","background-image":"","background-repeat":"repeat","background-position":"center center","background-size":"auto","background-attachment":"scroll","background-type":"","background-media":"","overlay-type":"","overlay-color":"","overlay-opacity":"","overlay-gradient":""},"mobile":{"background-color":"var(--ast-global-color-5)","background-image":"","background-repeat":"repeat","background-position":"center center","background-size":"auto","background-attachment":"scroll","background-type":"","background-media":"","overlay-type":"","overlay-color":"","overlay-opacity":"","overlay-gradient":""}}},"product_brand":[],"product_cat":[1364],"product_tag":[],"class_list":{"0":"post-19062","1":"product","2":"type-product","3":"status-publish","4":"has-post-thumbnail","6":"product_cat-matelas-de-protection","7":"pa_farbe-anthracite","8":"pa_farbe-blanc","9":"pa_farbe-bleu-clair","10":"pa_farbe-bleu-fonce","11":"pa_farbe-gris","12":"pa_farbe-noir","13":"pa_farbe-orange-fr","14":"pa_farbe-rouge","15":"pa_farbe-vert","16":"desktop-align-center","17":"tablet-align-center","18":"mobile-align-center","19":"ast-product-gallery-layout-horizontal","20":"ast-product-single-variable","21":"ast-product-tabs-layout-horizontal","23":"first","24":"instock","25":"taxable","26":"shipping-taxable","27":"purchasable","28":"product-type-variable"},"uagb_featured_image_src":{"full":["https:\/\/ruckstuhlsport.ch\/wp-content\/uploads\/kantenschutz.jpg",478,413,false],"thumbnail":["https:\/\/ruckstuhlsport.ch\/wp-content\/uploads\/kantenschutz-150x150.jpg",150,150,true],"medium":["https:\/\/ruckstuhlsport.ch\/wp-content\/uploads\/kantenschutz-300x259.jpg",300,259,true],"medium_large":["https:\/\/ruckstuhlsport.ch\/wp-content\/uploads\/kantenschutz.jpg",478,413,false],"large":["https:\/\/ruckstuhlsport.ch\/wp-content\/uploads\/kantenschutz.jpg",478,413,false],"1536x1536":["https:\/\/ruckstuhlsport.ch\/wp-content\/uploads\/kantenschutz.jpg",478,413,false],"2048x2048":["https:\/\/ruckstuhlsport.ch\/wp-content\/uploads\/kantenschutz.jpg",478,413,false],"woocommerce_thumbnail":["https:\/\/ruckstuhlsport.ch\/wp-content\/uploads\/kantenschutz-300x259.jpg",300,259,true],"woocommerce_single":["https:\/\/ruckstuhlsport.ch\/wp-content\/uploads\/kantenschutz.jpg",478,413,false],"woocommerce_gallery_thumbnail":["https:\/\/ruckstuhlsport.ch\/wp-content\/uploads\/kantenschutz-100x100.jpg",100,100,true],"wc_order_status_icon":["https:\/\/ruckstuhlsport.ch\/wp-content\/uploads\/kantenschutz-32x32.jpg",32,32,true],"dgwt-wcas-product-suggestion":["https:\/\/ruckstuhlsport.ch\/wp-content\/uploads\/kantenschutz-64x55.jpg",64,55,true]},"uagb_author_info":{"display_name":"admin","author_link":"https:\/\/ruckstuhlsport.ch\/fr\/author\/"},"uagb_comment_info":0,"uagb_excerpt":"Dimensions : 200 cm de long, 5 + 5 cm de large et 15 mm d'\u00e9paisseur. Mat\u00e9riau: E.V.A. de haute qualit\u00e9 qui absorbe les chocs et minimise le risque de blessure. Adaptable: Facilement d\u00e9coupable \u00e0 la longueur souhait\u00e9e pour un ajustement parfait. Choix de couleurs: Disponible en plusieurs couleurs : blanc, noir, rouge, orange, bleu\u2026","_links":{"self":[{"href":"https:\/\/ruckstuhlsport.ch\/fr\/wp-json\/wp\/v2\/product\/19062","targetHints":{"allow":["GET"]}}],"collection":[{"href":"https:\/\/ruckstuhlsport.ch\/fr\/wp-json\/wp\/v2\/product"}],"about":[{"href":"https:\/\/ruckstuhlsport.ch\/fr\/wp-json\/wp\/v2\/types\/product"}],"wp:featuredmedia":[{"embeddable":true,"href":"https:\/\/ruckstuhlsport.ch\/fr\/wp-json\/wp\/v2\/media\/19022"}],"wp:attachment":[{"href":"https:\/\/ruckstuhlsport.ch\/fr\/wp-json\/wp\/v2\/media?parent=19062"}],"wp:term":[{"taxonomy":"product_brand","embeddable":true,"href":"https:\/\/ruckstuhlsport.ch\/fr\/wp-json\/wp\/v2\/product_brand?post=19062"},{"taxonomy":"product_cat","embeddable":true,"href":"https:\/\/ruckstuhlsport.ch\/fr\/wp-json\/wp\/v2\/product_cat?post=19062"},{"taxonomy":"product_tag","embeddable":true,"href":"https:\/\/ruckstuhlsport.ch\/fr\/wp-json\/wp\/v2\/product_tag?post=19062"}],"curies":[{"name":"wp","href":"https:\/\/api.w.org\/{rel}","templated":true}]}}