{"id":19837,"date":"2024-06-21T10:00:12","date_gmt":"2024-10-28T07:26:52","guid":{"rendered":"https:\/\/ruckstuhlsport.ch\/non class\u00e9\/teamseat-3-places\/"},"modified":"2024-10-28T08:26:52","modified_gmt":"2024-10-28T07:26:52","slug":"teamseat-3-places","status":"publish","type":"product","link":"https:\/\/ruckstuhlsport.ch\/fr\/football\/autour-du-terrain\/abri-banc-de-joueurs\/teamseats-fr\/teamseat-3-places\/","title":{"rendered":"Teamseat 3 places"},"content":{"rendered":"<p>Le Teamseat 3 avec si\u00e8ges coque offre une combinaison unique de design moderne et de fonctionnalit\u00e9 pratique, id\u00e9ale pour les \u00e9quipes sportives et les lieux d&rsquo;\u00e9v\u00e9nements qui recherchent une option de si\u00e8ge compacte mais confortable. Ce si\u00e8ge innovant porte l&rsquo;importance de la coh\u00e9sion d&rsquo;\u00e9quipe et du confort \u00e0 un niveau sup\u00e9rieur. <\/p>\n<p><strong>Mise en \u00e9vidence du design :<\/strong><\/p>\n<ul>\n<li><strong>Dimensions :<\/strong> Le Teamseat 3 a des dimensions optimis\u00e9es de 1760 mm de largeur, 580 mm de profondeur et 800 mm de hauteur, ce qui permet \u00e0 trois personnes de s&rsquo;asseoir confortablement sans restreindre leur espace personnel.<\/li>\n<li><strong>Si\u00e8ges coques:<\/strong> les si\u00e8ges coques sont fabriqu\u00e9s dans un mat\u00e9riau durable de haute qualit\u00e9 et sont con\u00e7us de mani\u00e8re ergonomique pour garantir un confort maximal, m\u00eame pendant de longues p\u00e9riodes. Leur design \u00e9l\u00e9gant s&rsquo;int\u00e8gre parfaitement \u00e0 tout environnement. <\/li>\n<li><strong>Hauteur d&rsquo;assise :<\/strong> une hauteur d&rsquo;assise d&rsquo;environ 500 mm favorise une position assise saine, id\u00e9ale pour une utilisation pendant de longues p\u00e9riodes de jeu ou lors d&rsquo;\u00e9v\u00e9nements.<\/li>\n<li><strong>Capacit\u00e9 de charge :<\/strong> chaque si\u00e8ge est con\u00e7u pour supporter une charge maximale de 120 kg, ce qui confirme la robustesse et la fiabilit\u00e9 du Teamseat 3.<\/li>\n<li><strong>Possibilit\u00e9s de publicit\u00e9 :<\/strong> Avec une surface publicitaire de 1733 x 295 mm \u00e0 l&rsquo;avant\/\u00e0 l&rsquo;arri\u00e8re et de 335 x 290 mm sur les parties lat\u00e9rales, le Teamseat 3 offre une excellente plate-forme pour le branding et le sponsoring.<\/li>\n<li><strong>Mat\u00e9riaux et finitions :<\/strong> le ch\u00e2ssis en t\u00f4le galvanis\u00e9e pour le sablage promet une longue dur\u00e9e de vie et est prot\u00e9g\u00e9 contre la corrosion. Le rev\u00eatement en poudre de haute qualit\u00e9 dans diff\u00e9rentes couleurs RAL assure un aspect attrayant et une protection suppl\u00e9mentaire. <\/li>\n<li><strong>Manipulation ais\u00e9e :<\/strong> les roulettes pivotantes int\u00e9gr\u00e9es avec frein facilitent la mobilit\u00e9 du Teamseat 3, ce qui permet de le d\u00e9placer facilement \u00e0 l&rsquo;endroit souhait\u00e9 et de le positionner en toute s\u00e9curit\u00e9.<\/li>\n<\/ul>\n<p>Le Teamseat 3 avec si\u00e8ges baquets est le choix parfait pour les \u00e9quipes et les organisateurs qui recherchent un si\u00e8ge de qualit\u00e9, \u00e9l\u00e9gant et fonctionnel, qui non seulement am\u00e9liore le confort et le bien-\u00eatre des utilisateurs, mais contribue \u00e9galement \u00e0 l&rsquo;am\u00e9lioration visuelle de tout site sportif ou \u00e9v\u00e9nementiel.<\/p>\n","protected":false},"excerpt":{"rendered":"<p>Le Teamseat 3 places allie confort, fonctionnalit\u00e9 et esprit de communaut\u00e9 en un seul produit. Sp\u00e9cialement con\u00e7u pour accueillir confortablement trois personnes, ce mod\u00e8le ne fait aucun compromis sur la qualit\u00e9 et la durabilit\u00e9. Le Teamseat 3 places est la solution id\u00e9ale pour les \u00e9quipes qui accordent de l&rsquo;importance \u00e0 l&rsquo;unit\u00e9 et \u00e0 la coh\u00e9sion.  <\/p>\n<ul>\n<li><strong>Dimensions : <\/strong>1760 x 580 x 800 mm<\/li>\n<li><strong>Si\u00e8ges :<\/strong> Si\u00e8ges \u00e0 coque dure<\/li>\n<li><strong>Hauteur du si\u00e8ge : <\/strong>environ 500 mm Charge utile par si\u00e8ge : 120 kg<\/li>\n<li><strong>Espace publicitaire : <\/strong>Avant\/arri\u00e8re : 1733 x 295 mm, parties lat\u00e9rales : 335 x 290 mm<\/li>\n<li><strong>Mat\u00e9riau : <\/strong>t\u00f4le grenaill\u00e9e galvanis\u00e9e<\/li>\n<li><strong>Surface : <\/strong>rev\u00eatement en poudre RAL<\/li>\n<li><strong>Roues : <\/strong>Roulette pivotante avec frein D=100 mm<\/li>\n<\/ul>\n","protected":false},"featured_media":18199,"template":"","meta":{"_crdt_document":"","_uag_custom_page_level_css":"","site-sidebar-layout":"default","site-content-layout":"","ast-site-content-layout":"default","site-content-style":"default","site-sidebar-style":"default","ast-global-header-display":"","ast-banner-title-visibility":"","ast-main-header-display":"","ast-hfb-above-header-display":"","ast-hfb-below-header-display":"","ast-hfb-mobile-header-display":"","site-post-title":"","ast-breadcrumbs-content":"","ast-featured-img":"","footer-sml-layout":"","ast-disable-related-posts":"","theme-transparent-header-meta":"default","adv-header-id-meta":"","stick-header-meta":"default","header-above-stick-meta":"","header-main-stick-meta":"","header-below-stick-meta":"","astra-migrate-meta-layouts":"default","ast-page-background-enabled":"default","ast-page-background-meta":{"desktop":{"background-color":"","background-image":"","background-repeat":"repeat","background-position":"center center","background-size":"auto","background-attachment":"scroll","background-type":"","background-media":"","overlay-type":"","overlay-color":"","overlay-opacity":"","overlay-gradient":""},"tablet":{"background-color":"","background-image":"","background-repeat":"repeat","background-position":"center center","background-size":"auto","background-attachment":"scroll","background-type":"","background-media":"","overlay-type":"","overlay-color":"","overlay-opacity":"","overlay-gradient":""},"mobile":{"background-color":"","background-image":"","background-repeat":"repeat","background-position":"center center","background-size":"auto","background-attachment":"scroll","background-type":"","background-media":"","overlay-type":"","overlay-color":"","overlay-opacity":"","overlay-gradient":""}},"ast-content-background-meta":{"desktop":{"background-color":"var(--ast-global-color-5)","background-image":"","background-repeat":"repeat","background-position":"center center","background-size":"auto","background-attachment":"scroll","background-type":"","background-media":"","overlay-type":"","overlay-color":"","overlay-opacity":"","overlay-gradient":""},"tablet":{"background-color":"var(--ast-global-color-5)","background-image":"","background-repeat":"repeat","background-position":"center center","background-size":"auto","background-attachment":"scroll","background-type":"","background-media":"","overlay-type":"","overlay-color":"","overlay-opacity":"","overlay-gradient":""},"mobile":{"background-color":"var(--ast-global-color-5)","background-image":"","background-repeat":"repeat","background-position":"center center","background-size":"auto","background-attachment":"scroll","background-type":"","background-media":"","overlay-type":"","overlay-color":"","overlay-opacity":"","overlay-gradient":""}}},"product_brand":[],"product_cat":[1944],"product_tag":[],"class_list":{"0":"post-19837","1":"product","2":"type-product","3":"status-publish","4":"has-post-thumbnail","6":"product_cat-teamseats-fr","7":"product_shipping_class-defaut","8":"pa_anzahl-plaetze-3-places","9":"pa_groesse-176-cm-fr","10":"desktop-align-center","11":"tablet-align-center","12":"mobile-align-center","13":"ast-product-gallery-layout-horizontal","14":"ast-product-tabs-layout-horizontal","16":"first","17":"instock","18":"taxable","19":"shipping-taxable","20":"purchasable","21":"product-type-simple"},"uagb_featured_image_src":{"full":["https:\/\/ruckstuhlsport.ch\/wp-content\/uploads\/teamseat_3er.webp",1024,600,false],"thumbnail":["https:\/\/ruckstuhlsport.ch\/wp-content\/uploads\/teamseat_3er-150x150.webp",150,150,true],"medium":["https:\/\/ruckstuhlsport.ch\/wp-content\/uploads\/teamseat_3er-300x176.webp",300,176,true],"medium_large":["https:\/\/ruckstuhlsport.ch\/wp-content\/uploads\/teamseat_3er-768x450.webp",768,450,true],"large":["https:\/\/ruckstuhlsport.ch\/wp-content\/uploads\/teamseat_3er.webp",1024,600,false],"1536x1536":["https:\/\/ruckstuhlsport.ch\/wp-content\/uploads\/teamseat_3er.webp",1024,600,false],"2048x2048":["https:\/\/ruckstuhlsport.ch\/wp-content\/uploads\/teamseat_3er.webp",1024,600,false],"woocommerce_thumbnail":["https:\/\/ruckstuhlsport.ch\/wp-content\/uploads\/teamseat_3er-300x176.webp",300,176,true],"woocommerce_single":["https:\/\/ruckstuhlsport.ch\/wp-content\/uploads\/teamseat_3er-600x352.webp",600,352,true],"woocommerce_gallery_thumbnail":["https:\/\/ruckstuhlsport.ch\/wp-content\/uploads\/teamseat_3er-100x100.webp",100,100,true],"wc_order_status_icon":["https:\/\/ruckstuhlsport.ch\/wp-content\/uploads\/teamseat_3er-32x32.webp",32,32,true],"dgwt-wcas-product-suggestion":["https:\/\/ruckstuhlsport.ch\/wp-content\/uploads\/teamseat_3er-64x38.webp",64,38,true]},"uagb_author_info":{"display_name":"admin","author_link":"https:\/\/ruckstuhlsport.ch\/fr\/author\/"},"uagb_comment_info":0,"uagb_excerpt":"Le Teamseat 3 places allie confort, fonctionnalit\u00e9 et esprit de communaut\u00e9 en un seul produit. Sp\u00e9cialement con\u00e7u pour accueillir confortablement trois personnes, ce mod\u00e8le ne fait aucun compromis sur la qualit\u00e9 et la durabilit\u00e9. Le Teamseat 3 places est la solution id\u00e9ale pour les \u00e9quipes qui accordent de l'importance \u00e0 l'unit\u00e9 et \u00e0 la coh\u00e9sion.\u2026","_links":{"self":[{"href":"https:\/\/ruckstuhlsport.ch\/fr\/wp-json\/wp\/v2\/product\/19837","targetHints":{"allow":["GET"]}}],"collection":[{"href":"https:\/\/ruckstuhlsport.ch\/fr\/wp-json\/wp\/v2\/product"}],"about":[{"href":"https:\/\/ruckstuhlsport.ch\/fr\/wp-json\/wp\/v2\/types\/product"}],"wp:featuredmedia":[{"embeddable":true,"href":"https:\/\/ruckstuhlsport.ch\/fr\/wp-json\/wp\/v2\/media\/18199"}],"wp:attachment":[{"href":"https:\/\/ruckstuhlsport.ch\/fr\/wp-json\/wp\/v2\/media?parent=19837"}],"wp:term":[{"taxonomy":"product_brand","embeddable":true,"href":"https:\/\/ruckstuhlsport.ch\/fr\/wp-json\/wp\/v2\/product_brand?post=19837"},{"taxonomy":"product_cat","embeddable":true,"href":"https:\/\/ruckstuhlsport.ch\/fr\/wp-json\/wp\/v2\/product_cat?post=19837"},{"taxonomy":"product_tag","embeddable":true,"href":"https:\/\/ruckstuhlsport.ch\/fr\/wp-json\/wp\/v2\/product_tag?post=19837"}],"curies":[{"name":"wp","href":"https:\/\/api.w.org\/{rel}","templated":true}]}}