{"id":19838,"date":"2024-06-21T10:00:19","date_gmt":"2024-10-28T07:29:38","guid":{"rendered":"https:\/\/ruckstuhlsport.ch\/non%20class\u00e9\/siege-dequipe-4-places\/"},"modified":"2024-10-28T08:55:53","modified_gmt":"2024-10-28T07:55:53","slug":"siege-dequipe-4-places","status":"publish","type":"product","link":"https:\/\/ruckstuhlsport.ch\/fr\/football\/autour-du-terrain\/abri-banc-de-joueurs\/teamseats-fr\/siege-dequipe-4-places\/","title":{"rendered":"Teamseat 4 places"},"content":{"rendered":"<p>Le Teamseat 4 avec si\u00e8ges coques repr\u00e9sente une solution d&rsquo;assise avanc\u00e9e, sp\u00e9cialement con\u00e7ue pour favoriser la coh\u00e9sion et le bien-\u00eatre des \u00e9quipes. Avec son design \u00e9l\u00e9gant et sa grande fonctionnalit\u00e9, ce si\u00e8ge \u00e9tablit de nouveaux standards dans la conception d&rsquo;espaces sportifs et \u00e9v\u00e9nementiels. <\/p>\n<p><strong>Caract\u00e9ristiques uniques :<\/strong><\/p>\n<ul>\n<li><strong>Dimensions :<\/strong> Le Teamseat 4 mesure 2330 mm de largeur, 580 mm de profondeur et 800 mm de hauteur. Il offre donc suffisamment d&rsquo;espace pour quatre personnes, sans pour autant renoncer \u00e0 un confort individuel.<\/li>\n<li><strong>Si\u00e8ges \u00e0 coque dure :<\/strong> les si\u00e8ges en mat\u00e9riau robuste sont con\u00e7us de mani\u00e8re ergonomique pour offrir un confort et un soutien maximum. Le design \u00e9pur\u00e9 et moderne des si\u00e8ges coques s&rsquo;int\u00e8gre parfaitement \u00e0 tout environnement. <\/li>\n<li><strong>Hauteur d&rsquo;assise :<\/strong> avec une hauteur d&rsquo;assise d&rsquo;environ 500 mm, le Teamseat 4 est con\u00e7u de mani\u00e8re optimale pour une position assise naturelle et confortable.<\/li>\n<li><strong>Capacit\u00e9 de charge :<\/strong> chaque si\u00e8ge peut supporter une charge utile allant jusqu&rsquo;\u00e0 120 kg, ce qui souligne la qualit\u00e9 et la stabilit\u00e9 du Teamseat 4.<\/li>\n<li><strong>Espaces publicitaires :<\/strong> Les surfaces publicitaires g\u00e9n\u00e9reuses de 2307 x 295 mm \u00e0 l&rsquo;avant\/\u00e0 l&rsquo;arri\u00e8re et de 335 x 290 mm sur les parties lat\u00e9rales offrent d&rsquo;excellentes possibilit\u00e9s pour apposer les logos des sponsors ou la marque de l&rsquo;\u00e9quipe.<\/li>\n<li><strong>Qualit\u00e9 des mat\u00e9riaux :<\/strong> la structure en t\u00f4le galvanis\u00e9e pour le sablage assure la durabilit\u00e9 et la r\u00e9sistance aux influences ext\u00e9rieures.<\/li>\n<li><strong>Traitement de surface :<\/strong> l&rsquo;application d&rsquo;un rev\u00eatement en poudre dans des couleurs RAL s\u00e9lectionn\u00e9es conf\u00e8re au Teamseat 4 non seulement un aspect attrayant, mais offre \u00e9galement une protection contre les intemp\u00e9ries et l&rsquo;usure.<\/li>\n<li><strong>Mobilit\u00e9 :<\/strong> gr\u00e2ce aux roulettes pivotantes pratiques avec frein, le Teamseat 4 se d\u00e9place facilement et se place en toute s\u00e9curit\u00e9.<\/li>\n<\/ul>\n<p>Le Teamseat 4 places avec si\u00e8ges baquets est plus qu&rsquo;un simple banc ; c&rsquo;est un investissement dans l&rsquo;avenir des sports d&rsquo;\u00e9quipe et de l&rsquo;organisation d&rsquo;\u00e9v\u00e9nements. Gr\u00e2ce \u00e0 sa conception sup\u00e9rieure et \u00e0 son design attrayant, il offre un m\u00e9lange parfait de fonctionnalit\u00e9, de confort et de style. <\/p>\n","protected":false},"excerpt":{"rendered":"<p>Le Teamseat 4 est la solution d&rsquo;assise id\u00e9ale pour les \u00e9quipes et les organisateurs qui privil\u00e9gient la mobilit\u00e9 et l&rsquo;esprit d&rsquo;\u00e9quipe. Avec sa construction robuste et ses panneaux publicitaires personnalisables, il allie fonctionnalit\u00e9 et style, parfait pour tout environnement sportif. <\/p>\n<ul>\n<li><strong>Dimensions : <\/strong>2330 x 580 x 800 mm<\/li>\n<li><strong>Si\u00e8ges :<\/strong> Si\u00e8ges \u00e0 coque dure<\/li>\n<li><strong>Hauteur du si\u00e8ge : <\/strong>environ 500 mm Charge utile par si\u00e8ge : 120 kg<\/li>\n<li><strong>Espace publicitaire : <\/strong>Avant\/arri\u00e8re : 2307 x 295 mm, parties lat\u00e9rales : 335 x 290 mm<\/li>\n<li><strong>Mat\u00e9riau : <\/strong>t\u00f4le grenaill\u00e9e galvanis\u00e9e<\/li>\n<li><strong>Surface : <\/strong>rev\u00eatement en poudre RAL<\/li>\n<li><strong>Roues : <\/strong>Roulette pivotante avec frein D=100 mm<\/li>\n<\/ul>\n","protected":false},"featured_media":18209,"template":"","meta":{"_crdt_document":"","_uag_custom_page_level_css":"","site-sidebar-layout":"default","site-content-layout":"","ast-site-content-layout":"default","site-content-style":"default","site-sidebar-style":"default","ast-global-header-display":"","ast-banner-title-visibility":"","ast-main-header-display":"","ast-hfb-above-header-display":"","ast-hfb-below-header-display":"","ast-hfb-mobile-header-display":"","site-post-title":"","ast-breadcrumbs-content":"","ast-featured-img":"","footer-sml-layout":"","ast-disable-related-posts":"","theme-transparent-header-meta":"default","adv-header-id-meta":"","stick-header-meta":"default","header-above-stick-meta":"","header-main-stick-meta":"","header-below-stick-meta":"","astra-migrate-meta-layouts":"default","ast-page-background-enabled":"default","ast-page-background-meta":{"desktop":{"background-color":"","background-image":"","background-repeat":"repeat","background-position":"center center","background-size":"auto","background-attachment":"scroll","background-type":"","background-media":"","overlay-type":"","overlay-color":"","overlay-opacity":"","overlay-gradient":""},"tablet":{"background-color":"","background-image":"","background-repeat":"repeat","background-position":"center center","background-size":"auto","background-attachment":"scroll","background-type":"","background-media":"","overlay-type":"","overlay-color":"","overlay-opacity":"","overlay-gradient":""},"mobile":{"background-color":"","background-image":"","background-repeat":"repeat","background-position":"center center","background-size":"auto","background-attachment":"scroll","background-type":"","background-media":"","overlay-type":"","overlay-color":"","overlay-opacity":"","overlay-gradient":""}},"ast-content-background-meta":{"desktop":{"background-color":"var(--ast-global-color-5)","background-image":"","background-repeat":"repeat","background-position":"center center","background-size":"auto","background-attachment":"scroll","background-type":"","background-media":"","overlay-type":"","overlay-color":"","overlay-opacity":"","overlay-gradient":""},"tablet":{"background-color":"var(--ast-global-color-5)","background-image":"","background-repeat":"repeat","background-position":"center center","background-size":"auto","background-attachment":"scroll","background-type":"","background-media":"","overlay-type":"","overlay-color":"","overlay-opacity":"","overlay-gradient":""},"mobile":{"background-color":"var(--ast-global-color-5)","background-image":"","background-repeat":"repeat","background-position":"center center","background-size":"auto","background-attachment":"scroll","background-type":"","background-media":"","overlay-type":"","overlay-color":"","overlay-opacity":"","overlay-gradient":""}}},"product_brand":[],"product_cat":[1944],"product_tag":[],"class_list":{"0":"post-19838","1":"product","2":"type-product","3":"status-publish","4":"has-post-thumbnail","6":"product_cat-teamseats-fr","7":"product_shipping_class-defaut","8":"pa_anzahl-plaetze-4-courts","9":"pa_groesse-233-cm-fr","10":"desktop-align-center","11":"tablet-align-center","12":"mobile-align-center","13":"ast-product-gallery-layout-horizontal","14":"ast-product-tabs-layout-horizontal","16":"first","17":"instock","18":"taxable","19":"shipping-taxable","20":"purchasable","21":"product-type-simple"},"uagb_featured_image_src":{"full":["https:\/\/ruckstuhlsport.ch\/wp-content\/uploads\/teamseat_4er.webp",1024,600,false],"thumbnail":["https:\/\/ruckstuhlsport.ch\/wp-content\/uploads\/teamseat_4er-150x150.webp",150,150,true],"medium":["https:\/\/ruckstuhlsport.ch\/wp-content\/uploads\/teamseat_4er-300x176.webp",300,176,true],"medium_large":["https:\/\/ruckstuhlsport.ch\/wp-content\/uploads\/teamseat_4er-768x450.webp",768,450,true],"large":["https:\/\/ruckstuhlsport.ch\/wp-content\/uploads\/teamseat_4er.webp",1024,600,false],"1536x1536":["https:\/\/ruckstuhlsport.ch\/wp-content\/uploads\/teamseat_4er.webp",1024,600,false],"2048x2048":["https:\/\/ruckstuhlsport.ch\/wp-content\/uploads\/teamseat_4er.webp",1024,600,false],"woocommerce_thumbnail":["https:\/\/ruckstuhlsport.ch\/wp-content\/uploads\/teamseat_4er-300x176.webp",300,176,true],"woocommerce_single":["https:\/\/ruckstuhlsport.ch\/wp-content\/uploads\/teamseat_4er-600x352.webp",600,352,true],"woocommerce_gallery_thumbnail":["https:\/\/ruckstuhlsport.ch\/wp-content\/uploads\/teamseat_4er-100x100.webp",100,100,true],"wc_order_status_icon":["https:\/\/ruckstuhlsport.ch\/wp-content\/uploads\/teamseat_4er-32x32.webp",32,32,true],"dgwt-wcas-product-suggestion":["https:\/\/ruckstuhlsport.ch\/wp-content\/uploads\/teamseat_4er-64x38.webp",64,38,true]},"uagb_author_info":{"display_name":"admin","author_link":"https:\/\/ruckstuhlsport.ch\/fr\/author\/"},"uagb_comment_info":0,"uagb_excerpt":"Le Teamseat 4 est la solution d'assise id\u00e9ale pour les \u00e9quipes et les organisateurs qui privil\u00e9gient la mobilit\u00e9 et l'esprit d'\u00e9quipe. Avec sa construction robuste et ses panneaux publicitaires personnalisables, il allie fonctionnalit\u00e9 et style, parfait pour tout environnement sportif. Dimensions : 2330 x 580 x 800 mm Si\u00e8ges : Si\u00e8ges \u00e0 coque dure Hauteur\u2026","_links":{"self":[{"href":"https:\/\/ruckstuhlsport.ch\/fr\/wp-json\/wp\/v2\/product\/19838","targetHints":{"allow":["GET"]}}],"collection":[{"href":"https:\/\/ruckstuhlsport.ch\/fr\/wp-json\/wp\/v2\/product"}],"about":[{"href":"https:\/\/ruckstuhlsport.ch\/fr\/wp-json\/wp\/v2\/types\/product"}],"wp:featuredmedia":[{"embeddable":true,"href":"https:\/\/ruckstuhlsport.ch\/fr\/wp-json\/wp\/v2\/media\/18209"}],"wp:attachment":[{"href":"https:\/\/ruckstuhlsport.ch\/fr\/wp-json\/wp\/v2\/media?parent=19838"}],"wp:term":[{"taxonomy":"product_brand","embeddable":true,"href":"https:\/\/ruckstuhlsport.ch\/fr\/wp-json\/wp\/v2\/product_brand?post=19838"},{"taxonomy":"product_cat","embeddable":true,"href":"https:\/\/ruckstuhlsport.ch\/fr\/wp-json\/wp\/v2\/product_cat?post=19838"},{"taxonomy":"product_tag","embeddable":true,"href":"https:\/\/ruckstuhlsport.ch\/fr\/wp-json\/wp\/v2\/product_tag?post=19838"}],"curies":[{"name":"wp","href":"https:\/\/api.w.org\/{rel}","templated":true}]}}