{"id":19839,"date":"2024-06-21T10:00:25","date_gmt":"2024-10-28T07:36:12","guid":{"rendered":"https:\/\/ruckstuhlsport.ch\/non class\u00e9\/teamseat-5\/"},"modified":"2024-10-28T08:36:12","modified_gmt":"2024-10-28T07:36:12","slug":"teamseat-5","status":"publish","type":"product","link":"https:\/\/ruckstuhlsport.ch\/fr\/football\/autour-du-terrain\/abri-banc-de-joueurs\/teamseats-fr\/teamseat-5\/","title":{"rendered":"Teamseat 5"},"content":{"rendered":"<p>Le Teamseat 5 avec si\u00e8ges coques est un compl\u00e9ment moderne et styl\u00e9 pour toute installation sportive, qui ne se contente pas de donner le ton en mati\u00e8re de design, mais qui convainc \u00e9galement par sa fonctionnalit\u00e9 et son confort. Cette variante est sp\u00e9cialement con\u00e7ue pour les \u00e9quipes qui attachent de l&rsquo;importance \u00e0 une forte pr\u00e9sence visuelle et \u00e0 un confort d&rsquo;assise exceptionnel. <\/p>\n<p><strong>Sp\u00e9cifications techniques :<\/strong><\/p>\n<ul>\n<li><strong>Dimensions :<\/strong> avec ses dimensions de 2900 mm de large, 580 mm de profondeur et 800 mm de hauteur, le Teamseat 5 offre suffisamment d&rsquo;espace pour cinq personnes, sans pour autant sacrifier le confort.<\/li>\n<li><strong>Si\u00e8ges :<\/strong> Les si\u00e8ges innovants \u00e0 coque dure offrent une assise ergonomique qui garantit un confort et un soutien optimaux pendant les longs \u00e9v\u00e9nements ou les jeux. Ces si\u00e8ges combinent un design moderne et une fonctionnalit\u00e9 pratique. <\/li>\n<li><strong>Hauteur d&rsquo;assise :<\/strong> La hauteur d&rsquo;assise d&rsquo;environ 500 mm est id\u00e9ale pour permettre une position assise confortable et ergonomique.<\/li>\n<li><strong>Charge utile :<\/strong> chaque si\u00e8ge peut supporter une charge allant jusqu&rsquo;\u00e0 120 kg, ce qui souligne la robustesse et la stabilit\u00e9 du Teamseat 5.<\/li>\n<li><strong>Espace publicitaire :<\/strong> avec des surfaces publicitaires \u00e9tendues de 2881 x 295 mm \u00e0 l&rsquo;avant\/\u00e0 l&rsquo;arri\u00e8re et de 335 x 290 mm sur les parties lat\u00e9rales, cette variante offre d&rsquo;excellentes possibilit\u00e9s d&rsquo;afficher les logos des sponsors et de renforcer l&rsquo;identit\u00e9 de l&rsquo;\u00e9quipe.<\/li>\n<li><strong>Mat\u00e9riau :<\/strong> le ch\u00e2ssis en t\u00f4le galvanis\u00e9e pour le sablage assure une longue dur\u00e9e de vie et une grande r\u00e9sistance \u00e0 la corrosion.<\/li>\n<li><strong>Finition :<\/strong> Le rev\u00eatement en poudre dans les couleurs RAL conf\u00e8re au Teamseat 5 un aspect attrayant et une protection suppl\u00e9mentaire contre les intemp\u00e9ries.<\/li>\n<li><strong>Mobilit\u00e9 :<\/strong> gr\u00e2ce aux roulettes pivotantes avec frein (diam\u00e8tre 100 mm), le Teamseat 5 est facile \u00e0 d\u00e9placer et \u00e0 positionner en toute s\u00e9curit\u00e9.<\/li>\n<\/ul>\n<p>Le Teamseat 5 avec si\u00e8ges coques est le choix id\u00e9al pour les installations sportives et les \u00e9quipes qui souhaitent faire preuve d&rsquo;un grand sens du design sans pour autant faire de compromis sur la qualit\u00e9 et le confort. Il constitue une plate-forme id\u00e9ale pour promouvoir l&rsquo;esprit d&rsquo;\u00e9quipe, rendre la marque visible et am\u00e9liorer l&rsquo;exp\u00e9rience des spectateurs. Faites une d\u00e9claration claire avec le Teamseat 5 avec si\u00e8ges baquets &#8211; un si\u00e8ge qui restera dans les m\u00e9moires.  <\/p>\n","protected":false},"excerpt":{"rendered":"<p>Le Teamseat 5 \u00e9largit la d\u00e9finition du confort et de la coh\u00e9sion d&rsquo;\u00e9quipe. Avec de la place pour cinq, une construction robuste et de grands espaces publicitaires, c&rsquo;est le choix ultime pour les \u00e9quipes qui recherchent \u00e0 la fois fonctionnalit\u00e9 et visibilit\u00e9. <\/p>\n<ul>\n<li><strong>Dimensions : <\/strong>2900 x 580 x 800 mm<\/li>\n<li><strong>Si\u00e8ges :<\/strong> Si\u00e8ges \u00e0 coque dure<\/li>\n<li><strong>Hauteur du si\u00e8ge : <\/strong>environ 500 mm Charge utile par si\u00e8ge : 120 kg<\/li>\n<li><strong>Espace publicitaire : <\/strong>Avant\/arri\u00e8re : 2881 x 295 mm, parties lat\u00e9rales : 335 x 290 mm<\/li>\n<li><strong>Mat\u00e9riau : <\/strong>t\u00f4le grenaill\u00e9e galvanis\u00e9e<\/li>\n<li><strong>Surface : <\/strong>rev\u00eatement en poudre RAL<\/li>\n<li><strong>Roues : <\/strong>Roulette pivotante avec frein D=100 mm<\/li>\n<\/ul>\n","protected":false},"featured_media":18215,"template":"","meta":{"_crdt_document":"","_uag_custom_page_level_css":"","site-sidebar-layout":"default","site-content-layout":"","ast-site-content-layout":"default","site-content-style":"default","site-sidebar-style":"default","ast-global-header-display":"","ast-banner-title-visibility":"","ast-main-header-display":"","ast-hfb-above-header-display":"","ast-hfb-below-header-display":"","ast-hfb-mobile-header-display":"","site-post-title":"","ast-breadcrumbs-content":"","ast-featured-img":"","footer-sml-layout":"","ast-disable-related-posts":"","theme-transparent-header-meta":"default","adv-header-id-meta":"","stick-header-meta":"default","header-above-stick-meta":"","header-main-stick-meta":"","header-below-stick-meta":"","astra-migrate-meta-layouts":"default","ast-page-background-enabled":"default","ast-page-background-meta":{"desktop":{"background-color":"","background-image":"","background-repeat":"repeat","background-position":"center center","background-size":"auto","background-attachment":"scroll","background-type":"","background-media":"","overlay-type":"","overlay-color":"","overlay-opacity":"","overlay-gradient":""},"tablet":{"background-color":"","background-image":"","background-repeat":"repeat","background-position":"center center","background-size":"auto","background-attachment":"scroll","background-type":"","background-media":"","overlay-type":"","overlay-color":"","overlay-opacity":"","overlay-gradient":""},"mobile":{"background-color":"","background-image":"","background-repeat":"repeat","background-position":"center center","background-size":"auto","background-attachment":"scroll","background-type":"","background-media":"","overlay-type":"","overlay-color":"","overlay-opacity":"","overlay-gradient":""}},"ast-content-background-meta":{"desktop":{"background-color":"var(--ast-global-color-5)","background-image":"","background-repeat":"repeat","background-position":"center center","background-size":"auto","background-attachment":"scroll","background-type":"","background-media":"","overlay-type":"","overlay-color":"","overlay-opacity":"","overlay-gradient":""},"tablet":{"background-color":"var(--ast-global-color-5)","background-image":"","background-repeat":"repeat","background-position":"center center","background-size":"auto","background-attachment":"scroll","background-type":"","background-media":"","overlay-type":"","overlay-color":"","overlay-opacity":"","overlay-gradient":""},"mobile":{"background-color":"var(--ast-global-color-5)","background-image":"","background-repeat":"repeat","background-position":"center center","background-size":"auto","background-attachment":"scroll","background-type":"","background-media":"","overlay-type":"","overlay-color":"","overlay-opacity":"","overlay-gradient":""}}},"product_brand":[],"product_cat":[1944],"product_tag":[],"class_list":{"0":"post-19839","1":"product","2":"type-product","3":"status-publish","4":"has-post-thumbnail","6":"product_cat-teamseats-fr","7":"product_shipping_class-defaut","8":"pa_anzahl-plaetze-5-places","9":"pa_groesse-290-cm-fr","10":"desktop-align-center","11":"tablet-align-center","12":"mobile-align-center","13":"ast-product-gallery-layout-horizontal","14":"ast-product-tabs-layout-horizontal","16":"first","17":"instock","18":"taxable","19":"shipping-taxable","20":"purchasable","21":"product-type-simple"},"uagb_featured_image_src":{"full":["https:\/\/ruckstuhlsport.ch\/wp-content\/uploads\/teamseat_5er.webp",1024,600,false],"thumbnail":["https:\/\/ruckstuhlsport.ch\/wp-content\/uploads\/teamseat_5er-150x150.webp",150,150,true],"medium":["https:\/\/ruckstuhlsport.ch\/wp-content\/uploads\/teamseat_5er-300x176.webp",300,176,true],"medium_large":["https:\/\/ruckstuhlsport.ch\/wp-content\/uploads\/teamseat_5er-768x450.webp",768,450,true],"large":["https:\/\/ruckstuhlsport.ch\/wp-content\/uploads\/teamseat_5er.webp",1024,600,false],"1536x1536":["https:\/\/ruckstuhlsport.ch\/wp-content\/uploads\/teamseat_5er.webp",1024,600,false],"2048x2048":["https:\/\/ruckstuhlsport.ch\/wp-content\/uploads\/teamseat_5er.webp",1024,600,false],"woocommerce_thumbnail":["https:\/\/ruckstuhlsport.ch\/wp-content\/uploads\/teamseat_5er-300x176.webp",300,176,true],"woocommerce_single":["https:\/\/ruckstuhlsport.ch\/wp-content\/uploads\/teamseat_5er-600x352.webp",600,352,true],"woocommerce_gallery_thumbnail":["https:\/\/ruckstuhlsport.ch\/wp-content\/uploads\/teamseat_5er-100x100.webp",100,100,true],"wc_order_status_icon":["https:\/\/ruckstuhlsport.ch\/wp-content\/uploads\/teamseat_5er-32x32.webp",32,32,true],"dgwt-wcas-product-suggestion":["https:\/\/ruckstuhlsport.ch\/wp-content\/uploads\/teamseat_5er-64x38.webp",64,38,true]},"uagb_author_info":{"display_name":"admin","author_link":"https:\/\/ruckstuhlsport.ch\/fr\/author\/"},"uagb_comment_info":0,"uagb_excerpt":"Le Teamseat 5 \u00e9largit la d\u00e9finition du confort et de la coh\u00e9sion d'\u00e9quipe. Avec de la place pour cinq, une construction robuste et de grands espaces publicitaires, c'est le choix ultime pour les \u00e9quipes qui recherchent \u00e0 la fois fonctionnalit\u00e9 et visibilit\u00e9. Dimensions : 2900 x 580 x 800 mm Si\u00e8ges : Si\u00e8ges \u00e0 coque\u2026","_links":{"self":[{"href":"https:\/\/ruckstuhlsport.ch\/fr\/wp-json\/wp\/v2\/product\/19839","targetHints":{"allow":["GET"]}}],"collection":[{"href":"https:\/\/ruckstuhlsport.ch\/fr\/wp-json\/wp\/v2\/product"}],"about":[{"href":"https:\/\/ruckstuhlsport.ch\/fr\/wp-json\/wp\/v2\/types\/product"}],"wp:featuredmedia":[{"embeddable":true,"href":"https:\/\/ruckstuhlsport.ch\/fr\/wp-json\/wp\/v2\/media\/18215"}],"wp:attachment":[{"href":"https:\/\/ruckstuhlsport.ch\/fr\/wp-json\/wp\/v2\/media?parent=19839"}],"wp:term":[{"taxonomy":"product_brand","embeddable":true,"href":"https:\/\/ruckstuhlsport.ch\/fr\/wp-json\/wp\/v2\/product_brand?post=19839"},{"taxonomy":"product_cat","embeddable":true,"href":"https:\/\/ruckstuhlsport.ch\/fr\/wp-json\/wp\/v2\/product_cat?post=19839"},{"taxonomy":"product_tag","embeddable":true,"href":"https:\/\/ruckstuhlsport.ch\/fr\/wp-json\/wp\/v2\/product_tag?post=19839"}],"curies":[{"name":"wp","href":"https:\/\/api.w.org\/{rel}","templated":true}]}}