{"id":20556,"date":"2025-06-13T05:22:12","date_gmt":"2025-06-13T03:22:12","guid":{"rendered":"https:\/\/ruckstuhlsport.ch\/non%20class\u00e9\/fourche-gazon-expert\/"},"modified":"2026-02-17T10:12:03","modified_gmt":"2026-02-17T09:12:03","slug":"fourche-gazon-expert","status":"publish","type":"product","link":"https:\/\/ruckstuhlsport.ch\/fr\/greenkeeping\/fourche-gazon-expert\/","title":{"rendered":"Fourche gazon Expert"},"content":{"rendered":"<h2>El\u00e9vateur de pelouse stable &#8211; entretien pr\u00e9cis du terrain<\/h2>\n<p>La fourche \u00e0 gazon \u00ab Expert \u00bb est un rel\u00e8ve-gazon de haute qualit\u00e9 qui permet de compenser rapidement les trous et les creux. La t\u00eate de fourche robuste en acier inoxydable V4A avec barre transversale et entretoise garantit une stabilit\u00e9 maximale &#8211; parfaitement adapt\u00e9e \u00e0 une utilisation quotidienne dans le domaine professionnel. <\/p>\n<h2>Parfait pour une intervention pendant les pauses de match<\/h2>\n<p style=\"text-align: left;\">Sur les terrains de football, le rel\u00e8ve-pitch est particuli\u00e8rement utilis\u00e9 \u00e0 la mi-temps : percez, soulevez, appuyez &#8211; et le trou est r\u00e9par\u00e9. La surface de jeu reste ainsi dans un \u00e9tat optimal pendant la deuxi\u00e8me mi-temps. <\/p>\n<h2>Les points forts en un coup d\u2019\u0153il<\/h2>\n<ul>\n<li>T\u00eate en acier inoxydable V4A \u2013 solide, r\u00e9sistante \u00e0 la corrosion et durable<\/li>\n<li>Longueur des dents environ 12 cm, longueur totale avec le manche environ 1,52 m<\/li>\n<li>Rel\u00e8ve pelouse professionnel &#8211; id\u00e9al pour une utilisation professionnelle<\/li>\n<li>Parfait pour les pauses entre les matchs &#8211; rapide, pr\u00e9cis &amp; efficace<\/li>\n<\/ul>\n<h2>Domaines d&rsquo;application<\/h2>\n<ul>\n<li>R\u00e9parer les trous \u00e0 la mi-temps sur les terrains de football<\/li>\n<li>R\u00e9paration de creux, de d\u00e9pressions et de trous sur les terrains de sport<\/li>\n<li>Outil pour les gardiens de terrain et les greenkeepers pour des r\u00e9parations rapides<\/li>\n<\/ul>\n","protected":false},"excerpt":{"rendered":"<p>La fourche \u00e0 gazon \u00ab Expert \u00bb est l&rsquo;outil id\u00e9al pour les greenkeepers, les gardiens de terrain et tous ceux qui souhaitent entretenir les pelouses de mani\u00e8re professionnelle. Robuste et durable, la fourche \u00e0 gazon a fait ses preuves dans de nombreux stades de la Bundesliga et de la Super League. <\/p>\n<ul>\n<li>T\u00eate robuste en acier inoxydable (V4A) avec renforcement<\/li>\n<li>Manche en bois de 1,40 m<\/li>\n<li>Trois dents de 12 cm de long<\/li>\n<li>Con\u00e7u pour \u00eatre utilis\u00e9 sur les terrains de sport, les terrains de golf, les parcs, etc.<\/li>\n<li>Outils de qualit\u00e9 &#8211; fabriqu\u00e9s pour une utilisation professionnelle<\/li>\n<\/ul>\n","protected":false},"featured_media":20553,"template":"","meta":{"_crdt_document":"","_uag_custom_page_level_css":"","site-sidebar-layout":"default","site-content-layout":"","ast-site-content-layout":"default","site-content-style":"default","site-sidebar-style":"default","ast-global-header-display":"","ast-banner-title-visibility":"","ast-main-header-display":"","ast-hfb-above-header-display":"","ast-hfb-below-header-display":"","ast-hfb-mobile-header-display":"","site-post-title":"","ast-breadcrumbs-content":"","ast-featured-img":"","footer-sml-layout":"","ast-disable-related-posts":"","theme-transparent-header-meta":"default","adv-header-id-meta":"","stick-header-meta":"default","header-above-stick-meta":"","header-main-stick-meta":"","header-below-stick-meta":"","astra-migrate-meta-layouts":"default","ast-page-background-enabled":"default","ast-page-background-meta":{"desktop":{"background-color":"","background-image":"","background-repeat":"repeat","background-position":"center center","background-size":"auto","background-attachment":"scroll","background-type":"","background-media":"","overlay-type":"","overlay-color":"","overlay-opacity":"","overlay-gradient":""},"tablet":{"background-color":"","background-image":"","background-repeat":"repeat","background-position":"center center","background-size":"auto","background-attachment":"scroll","background-type":"","background-media":"","overlay-type":"","overlay-color":"","overlay-opacity":"","overlay-gradient":""},"mobile":{"background-color":"","background-image":"","background-repeat":"repeat","background-position":"center center","background-size":"auto","background-attachment":"scroll","background-type":"","background-media":"","overlay-type":"","overlay-color":"","overlay-opacity":"","overlay-gradient":""}},"ast-content-background-meta":{"desktop":{"background-color":"var(--ast-global-color-5)","background-image":"","background-repeat":"repeat","background-position":"center center","background-size":"auto","background-attachment":"scroll","background-type":"","background-media":"","overlay-type":"","overlay-color":"","overlay-opacity":"","overlay-gradient":""},"tablet":{"background-color":"var(--ast-global-color-5)","background-image":"","background-repeat":"repeat","background-position":"center center","background-size":"auto","background-attachment":"scroll","background-type":"","background-media":"","overlay-type":"","overlay-color":"","overlay-opacity":"","overlay-gradient":""},"mobile":{"background-color":"var(--ast-global-color-5)","background-image":"","background-repeat":"repeat","background-position":"center center","background-size":"auto","background-attachment":"scroll","background-type":"","background-media":"","overlay-type":"","overlay-color":"","overlay-opacity":"","overlay-gradient":""}}},"product_brand":[],"product_cat":[906,1232,1467],"product_tag":[],"class_list":{"0":"post-20556","1":"product","2":"type-product","3":"status-publish","4":"has-post-thumbnail","6":"product_cat-greenkeeping","7":"product_cat-outils-dentretien","8":"product_cat-outils-de-reparation-gazon","9":"product_shipping_class-marchandise-volumineuse","10":"desktop-align-center","11":"tablet-align-center","12":"mobile-align-center","13":"ast-product-gallery-layout-horizontal","14":"ast-product-gallery-with-no-image","15":"ast-product-tabs-layout-horizontal","17":"first","18":"onbackorder","19":"taxable","20":"shipping-taxable","21":"purchasable","22":"product-type-simple"},"uagb_featured_image_src":{"full":["https:\/\/ruckstuhlsport.ch\/wp-content\/uploads\/Rasengabel-rasenlifter-expert-1.png",1200,1200,false],"thumbnail":["https:\/\/ruckstuhlsport.ch\/wp-content\/uploads\/Rasengabel-rasenlifter-expert-1-150x150.png",150,150,true],"medium":["https:\/\/ruckstuhlsport.ch\/wp-content\/uploads\/Rasengabel-rasenlifter-expert-1-300x300.png",300,300,true],"medium_large":["https:\/\/ruckstuhlsport.ch\/wp-content\/uploads\/Rasengabel-rasenlifter-expert-1-768x768.png",768,768,true],"large":["https:\/\/ruckstuhlsport.ch\/wp-content\/uploads\/Rasengabel-rasenlifter-expert-1-1024x1024.png",1024,1024,true],"1536x1536":["https:\/\/ruckstuhlsport.ch\/wp-content\/uploads\/Rasengabel-rasenlifter-expert-1.png",1200,1200,false],"2048x2048":["https:\/\/ruckstuhlsport.ch\/wp-content\/uploads\/Rasengabel-rasenlifter-expert-1.png",1200,1200,false],"woocommerce_thumbnail":["https:\/\/ruckstuhlsport.ch\/wp-content\/uploads\/Rasengabel-rasenlifter-expert-1-300x300.png",300,300,true],"woocommerce_single":["https:\/\/ruckstuhlsport.ch\/wp-content\/uploads\/Rasengabel-rasenlifter-expert-1-600x600.png",600,600,true],"woocommerce_gallery_thumbnail":["https:\/\/ruckstuhlsport.ch\/wp-content\/uploads\/Rasengabel-rasenlifter-expert-1-100x100.png",100,100,true],"wc_order_status_icon":["https:\/\/ruckstuhlsport.ch\/wp-content\/uploads\/Rasengabel-rasenlifter-expert-1-32x32.png",32,32,true],"dgwt-wcas-product-suggestion":["https:\/\/ruckstuhlsport.ch\/wp-content\/uploads\/Rasengabel-rasenlifter-expert-1-64x64.png",64,64,true]},"uagb_author_info":{"display_name":"admin","author_link":"https:\/\/ruckstuhlsport.ch\/fr\/author\/"},"uagb_comment_info":0,"uagb_excerpt":"La fourche \u00e0 gazon \u00ab Expert \u00bb est l'outil id\u00e9al pour les greenkeepers, les gardiens de terrain et tous ceux qui souhaitent entretenir les pelouses de mani\u00e8re professionnelle. Robuste et durable, la fourche \u00e0 gazon a fait ses preuves dans de nombreux stades de la Bundesliga et de la Super League. T\u00eate robuste en acier\u2026","_links":{"self":[{"href":"https:\/\/ruckstuhlsport.ch\/fr\/wp-json\/wp\/v2\/product\/20556","targetHints":{"allow":["GET"]}}],"collection":[{"href":"https:\/\/ruckstuhlsport.ch\/fr\/wp-json\/wp\/v2\/product"}],"about":[{"href":"https:\/\/ruckstuhlsport.ch\/fr\/wp-json\/wp\/v2\/types\/product"}],"wp:featuredmedia":[{"embeddable":true,"href":"https:\/\/ruckstuhlsport.ch\/fr\/wp-json\/wp\/v2\/media\/20553"}],"wp:attachment":[{"href":"https:\/\/ruckstuhlsport.ch\/fr\/wp-json\/wp\/v2\/media?parent=20556"}],"wp:term":[{"taxonomy":"product_brand","embeddable":true,"href":"https:\/\/ruckstuhlsport.ch\/fr\/wp-json\/wp\/v2\/product_brand?post=20556"},{"taxonomy":"product_cat","embeddable":true,"href":"https:\/\/ruckstuhlsport.ch\/fr\/wp-json\/wp\/v2\/product_cat?post=20556"},{"taxonomy":"product_tag","embeddable":true,"href":"https:\/\/ruckstuhlsport.ch\/fr\/wp-json\/wp\/v2\/product_tag?post=20556"}],"curies":[{"name":"wp","href":"https:\/\/api.w.org\/{rel}","templated":true}]}}