{"id":20828,"date":"2025-09-04T20:59:56","date_gmt":"2025-09-04T18:59:56","guid":{"rendered":"https:\/\/ruckstuhlsport.ch\/non%20class\u00e9\/dossier-dentraineur-de-football-avec-tableau-magnetique\/"},"modified":"2025-09-04T22:53:05","modified_gmt":"2025-09-04T20:53:05","slug":"dossier-dentraineur-de-football-avec-tableau-magnetique","status":"publish","type":"product","link":"https:\/\/ruckstuhlsport.ch\/fr\/football\/dossier-dentraineur-de-football-avec-tableau-magnetique\/","title":{"rendered":"Dossier d&rsquo;entra\u00eeneur de football avec tableau magn\u00e9tique"},"content":{"rendered":"<p>Ce dossier d&rsquo;entra\u00eeneur de football est l&rsquo;outil id\u00e9al pour les entra\u00eeneurs de football afin de transmettre leurs instructions tactiques de mani\u00e8re claire et efficace. Il dispose d&rsquo;un terrain de jeu magn\u00e9tique et est livr\u00e9 avec 27 pions (13 bleus, 13 rouges et un noir), ce qui permet de repr\u00e9senter facilement diff\u00e9rentes formations et mouvements de jeu. Le stylo int\u00e9gr\u00e9 avec gomme et le chiffon en microfibre fourni permettent de modifier et d&rsquo;optimiser rapidement les strat\u00e9gies de jeu.  <\/p>\n<p>Outre la surface de jeu magn\u00e9tique, le tableau d&rsquo;entra\u00eenement contient 25 feuilles de notes d\u00e9tachables, parfaites pour noter des id\u00e9es tactiques ou des analyses de jeu. Le tableau est rang\u00e9 dans un sac pratique \u00e0 fermeture \u00e9clair qui facilite son transport et le prot\u00e8ge. Avec des dimensions compactes de 36 x 25 cm, il est id\u00e9al pour une utilisation sur le terrain ou dans les vestiaires.  <\/p>\n<p>Cette planche est r\u00e9sistante aux intemp\u00e9ries et convient donc parfaitement \u00e0 une utilisation en int\u00e9rieur et en ext\u00e9rieur. Elle offre un graphisme de terrain clair et un design l\u00e9ger et maniable qui aide tout entra\u00eeneur \u00e0 planifier et \u00e0 enseigner des tactiques. <\/p>\n<p><strong>D\u00e9tails techniques :<\/strong><\/p>\n<ul>\n<li>Dimensions : 36 x 25 cm<\/li>\n<li>Contenu : Terrain de jeu magn\u00e9tique, 27 pions, stylo avec gomme, chiffon microfibre, 25 feuilles de notes<\/li>\n<li>Emballage : sac \u00e0 fermeture \u00e9clair<\/li>\n<\/ul>\n","protected":false},"excerpt":{"rendered":"<p>Ce dossier d&rsquo;entra\u00eeneur de football est un tableau tactique portable pour les entra\u00eeneurs de football. Il contient un terrain de jeu magn\u00e9tique, des pions magn\u00e9tiques et un stylo avec gomme. Parfait pour la repr\u00e9sentation visuelle des tactiques de jeu.  <\/p>\n<ul>\n<li>Surface magn\u00e9tique<\/li>\n<li>27 pions (13 bleus, 13 rouges, 1 noir)<\/li>\n<li>Stylo avec gomme et chiffon microfibre<\/li>\n<li>25 feuilles de notes d\u00e9tachables<\/li>\n<li>Sac \u00e0 fermeture \u00e9clair pour un transport facile<\/li>\n<\/ul>\n","protected":false},"featured_media":19759,"template":"","meta":{"_crdt_document":"","_uag_custom_page_level_css":"","site-sidebar-layout":"default","site-content-layout":"","ast-site-content-layout":"default","site-content-style":"default","site-sidebar-style":"default","ast-global-header-display":"","ast-banner-title-visibility":"","ast-main-header-display":"","ast-hfb-above-header-display":"","ast-hfb-below-header-display":"","ast-hfb-mobile-header-display":"","site-post-title":"","ast-breadcrumbs-content":"","ast-featured-img":"","footer-sml-layout":"","ast-disable-related-posts":"","theme-transparent-header-meta":"default","adv-header-id-meta":"","stick-header-meta":"default","header-above-stick-meta":"","header-main-stick-meta":"","header-below-stick-meta":"","astra-migrate-meta-layouts":"default","ast-page-background-enabled":"default","ast-page-background-meta":{"desktop":{"background-color":"","background-image":"","background-repeat":"repeat","background-position":"center center","background-size":"auto","background-attachment":"scroll","background-type":"","background-media":"","overlay-type":"","overlay-color":"","overlay-opacity":"","overlay-gradient":""},"tablet":{"background-color":"","background-image":"","background-repeat":"repeat","background-position":"center center","background-size":"auto","background-attachment":"scroll","background-type":"","background-media":"","overlay-type":"","overlay-color":"","overlay-opacity":"","overlay-gradient":""},"mobile":{"background-color":"","background-image":"","background-repeat":"repeat","background-position":"center center","background-size":"auto","background-attachment":"scroll","background-type":"","background-media":"","overlay-type":"","overlay-color":"","overlay-opacity":"","overlay-gradient":""}},"ast-content-background-meta":{"desktop":{"background-color":"var(--ast-global-color-5)","background-image":"","background-repeat":"repeat","background-position":"center center","background-size":"auto","background-attachment":"scroll","background-type":"","background-media":"","overlay-type":"","overlay-color":"","overlay-opacity":"","overlay-gradient":""},"tablet":{"background-color":"var(--ast-global-color-5)","background-image":"","background-repeat":"repeat","background-position":"center center","background-size":"auto","background-attachment":"scroll","background-type":"","background-media":"","overlay-type":"","overlay-color":"","overlay-opacity":"","overlay-gradient":""},"mobile":{"background-color":"var(--ast-global-color-5)","background-image":"","background-repeat":"repeat","background-position":"center center","background-size":"auto","background-attachment":"scroll","background-type":"","background-media":"","overlay-type":"","overlay-color":"","overlay-opacity":"","overlay-gradient":""}}},"product_brand":[],"product_cat":[932,2004,2005],"product_tag":[],"class_list":{"0":"post-20828","1":"product","2":"type-product","3":"status-publish","4":"has-post-thumbnail","6":"product_cat-football","7":"product_cat-fournitures-pour-entraineurs","8":"product_cat-tactique-analyse-de-jeu","9":"desktop-align-center","10":"tablet-align-center","11":"mobile-align-center","12":"ast-product-gallery-layout-horizontal","13":"ast-product-tabs-layout-horizontal","15":"first","16":"onbackorder","17":"taxable","18":"shipping-taxable","19":"purchasable","20":"product-type-simple"},"uagb_featured_image_src":{"full":["https:\/\/ruckstuhlsport.ch\/wp-content\/uploads\/fussball-trainermappe-magnettafel.jpg",1200,1200,false],"thumbnail":["https:\/\/ruckstuhlsport.ch\/wp-content\/uploads\/fussball-trainermappe-magnettafel-150x150.jpg",150,150,true],"medium":["https:\/\/ruckstuhlsport.ch\/wp-content\/uploads\/fussball-trainermappe-magnettafel-300x300.jpg",300,300,true],"medium_large":["https:\/\/ruckstuhlsport.ch\/wp-content\/uploads\/fussball-trainermappe-magnettafel-768x768.jpg",768,768,true],"large":["https:\/\/ruckstuhlsport.ch\/wp-content\/uploads\/fussball-trainermappe-magnettafel-1024x1024.jpg",1024,1024,true],"1536x1536":["https:\/\/ruckstuhlsport.ch\/wp-content\/uploads\/fussball-trainermappe-magnettafel.jpg",1200,1200,false],"2048x2048":["https:\/\/ruckstuhlsport.ch\/wp-content\/uploads\/fussball-trainermappe-magnettafel.jpg",1200,1200,false],"woocommerce_thumbnail":["https:\/\/ruckstuhlsport.ch\/wp-content\/uploads\/fussball-trainermappe-magnettafel-300x300.jpg",300,300,true],"woocommerce_single":["https:\/\/ruckstuhlsport.ch\/wp-content\/uploads\/fussball-trainermappe-magnettafel-600x600.jpg",600,600,true],"woocommerce_gallery_thumbnail":["https:\/\/ruckstuhlsport.ch\/wp-content\/uploads\/fussball-trainermappe-magnettafel-100x100.jpg",100,100,true],"wc_order_status_icon":["https:\/\/ruckstuhlsport.ch\/wp-content\/uploads\/fussball-trainermappe-magnettafel-32x32.jpg",32,32,true],"dgwt-wcas-product-suggestion":["https:\/\/ruckstuhlsport.ch\/wp-content\/uploads\/fussball-trainermappe-magnettafel-64x64.jpg",64,64,true]},"uagb_author_info":{"display_name":"admin","author_link":"https:\/\/ruckstuhlsport.ch\/fr\/author\/"},"uagb_comment_info":0,"uagb_excerpt":"Ce dossier d'entra\u00eeneur de football est un tableau tactique portable pour les entra\u00eeneurs de football. Il contient un terrain de jeu magn\u00e9tique, des pions magn\u00e9tiques et un stylo avec gomme. Parfait pour la repr\u00e9sentation visuelle des tactiques de jeu. Surface magn\u00e9tique 27 pions (13 bleus, 13 rouges, 1 noir) Stylo avec gomme et chiffon microfibre\u2026","_links":{"self":[{"href":"https:\/\/ruckstuhlsport.ch\/fr\/wp-json\/wp\/v2\/product\/20828","targetHints":{"allow":["GET"]}}],"collection":[{"href":"https:\/\/ruckstuhlsport.ch\/fr\/wp-json\/wp\/v2\/product"}],"about":[{"href":"https:\/\/ruckstuhlsport.ch\/fr\/wp-json\/wp\/v2\/types\/product"}],"wp:featuredmedia":[{"embeddable":true,"href":"https:\/\/ruckstuhlsport.ch\/fr\/wp-json\/wp\/v2\/media\/19759"}],"wp:attachment":[{"href":"https:\/\/ruckstuhlsport.ch\/fr\/wp-json\/wp\/v2\/media?parent=20828"}],"wp:term":[{"taxonomy":"product_brand","embeddable":true,"href":"https:\/\/ruckstuhlsport.ch\/fr\/wp-json\/wp\/v2\/product_brand?post=20828"},{"taxonomy":"product_cat","embeddable":true,"href":"https:\/\/ruckstuhlsport.ch\/fr\/wp-json\/wp\/v2\/product_cat?post=20828"},{"taxonomy":"product_tag","embeddable":true,"href":"https:\/\/ruckstuhlsport.ch\/fr\/wp-json\/wp\/v2\/product_tag?post=20828"}],"curies":[{"name":"wp","href":"https:\/\/api.w.org\/{rel}","templated":true}]}}