{"id":20829,"date":"2025-09-04T21:05:31","date_gmt":"2025-09-04T19:05:31","guid":{"rendered":"https:\/\/ruckstuhlsport.ch\/non%20class\u00e9\/chronometre-easy\/"},"modified":"2025-09-04T22:53:10","modified_gmt":"2025-09-04T20:53:10","slug":"chronometre-easy","status":"publish","type":"product","link":"https:\/\/ruckstuhlsport.ch\/fr\/football\/fournitures-pour-entraineurs\/chronometres-sifflets\/chronometre-easy\/","title":{"rendered":"Chronom\u00e8tre Easy"},"content":{"rendered":"","protected":false},"excerpt":{"rendered":"<p>Un chronom\u00e9trage pr\u00e9cis pour les entra\u00eeneurs et les arbitres : le chronom\u00e8tre Easy fournit des temps exacts pour les s\u00e9ances d&rsquo;entra\u00eenement et les tests de performance. Son design compact permet une utilisation facile au bord du terrain. <\/p>\n<ul>\n<li>chronom\u00e8tre r\u00e9sistant aux \u00e9claboussures<\/li>\n<li>avec une pr\u00e9cision de 1\/100 de seconde<\/li>\n<li>Fonction de temps interm\u00e9diaire<\/li>\n<li>horloge, calendrier et alarme int\u00e9gr\u00e9s<\/li>\n<\/ul>\n","protected":false},"featured_media":20780,"template":"","meta":{"_crdt_document":"","_uag_custom_page_level_css":"","site-sidebar-layout":"default","site-content-layout":"","ast-site-content-layout":"default","site-content-style":"default","site-sidebar-style":"default","ast-global-header-display":"","ast-banner-title-visibility":"","ast-main-header-display":"","ast-hfb-above-header-display":"","ast-hfb-below-header-display":"","ast-hfb-mobile-header-display":"","site-post-title":"","ast-breadcrumbs-content":"","ast-featured-img":"","footer-sml-layout":"","ast-disable-related-posts":"","theme-transparent-header-meta":"default","adv-header-id-meta":"","stick-header-meta":"default","header-above-stick-meta":"","header-main-stick-meta":"","header-below-stick-meta":"","astra-migrate-meta-layouts":"default","ast-page-background-enabled":"default","ast-page-background-meta":{"desktop":{"background-color":"","background-image":"","background-repeat":"repeat","background-position":"center center","background-size":"auto","background-attachment":"scroll","background-type":"","background-media":"","overlay-type":"","overlay-color":"","overlay-opacity":"","overlay-gradient":""},"tablet":{"background-color":"","background-image":"","background-repeat":"repeat","background-position":"center center","background-size":"auto","background-attachment":"scroll","background-type":"","background-media":"","overlay-type":"","overlay-color":"","overlay-opacity":"","overlay-gradient":""},"mobile":{"background-color":"","background-image":"","background-repeat":"repeat","background-position":"center center","background-size":"auto","background-attachment":"scroll","background-type":"","background-media":"","overlay-type":"","overlay-color":"","overlay-opacity":"","overlay-gradient":""}},"ast-content-background-meta":{"desktop":{"background-color":"var(--ast-global-color-5)","background-image":"","background-repeat":"repeat","background-position":"center center","background-size":"auto","background-attachment":"scroll","background-type":"","background-media":"","overlay-type":"","overlay-color":"","overlay-opacity":"","overlay-gradient":""},"tablet":{"background-color":"var(--ast-global-color-5)","background-image":"","background-repeat":"repeat","background-position":"center center","background-size":"auto","background-attachment":"scroll","background-type":"","background-media":"","overlay-type":"","overlay-color":"","overlay-opacity":"","overlay-gradient":""},"mobile":{"background-color":"var(--ast-global-color-5)","background-image":"","background-repeat":"repeat","background-position":"center center","background-size":"auto","background-attachment":"scroll","background-type":"","background-media":"","overlay-type":"","overlay-color":"","overlay-opacity":"","overlay-gradient":""}}},"product_brand":[],"product_cat":[2006,2004,932],"product_tag":[],"class_list":{"0":"post-20829","1":"product","2":"type-product","3":"status-publish","4":"has-post-thumbnail","6":"product_cat-chronometres-sifflets","7":"product_cat-fournitures-pour-entraineurs","8":"product_cat-football","9":"product_shipping_class-defaut","10":"desktop-align-center","11":"tablet-align-center","12":"mobile-align-center","13":"ast-product-gallery-layout-horizontal","14":"ast-product-gallery-with-no-image","15":"ast-product-tabs-layout-horizontal","17":"first","18":"instock","19":"taxable","20":"shipping-taxable","21":"purchasable","22":"product-type-simple"},"uagb_featured_image_src":{"full":["https:\/\/ruckstuhlsport.ch\/wp-content\/uploads\/Stoppuhr_Easy.png",1200,1200,false],"thumbnail":["https:\/\/ruckstuhlsport.ch\/wp-content\/uploads\/Stoppuhr_Easy-150x150.png",150,150,true],"medium":["https:\/\/ruckstuhlsport.ch\/wp-content\/uploads\/Stoppuhr_Easy-300x300.png",300,300,true],"medium_large":["https:\/\/ruckstuhlsport.ch\/wp-content\/uploads\/Stoppuhr_Easy-768x768.png",768,768,true],"large":["https:\/\/ruckstuhlsport.ch\/wp-content\/uploads\/Stoppuhr_Easy-1024x1024.png",1024,1024,true],"1536x1536":["https:\/\/ruckstuhlsport.ch\/wp-content\/uploads\/Stoppuhr_Easy.png",1200,1200,false],"2048x2048":["https:\/\/ruckstuhlsport.ch\/wp-content\/uploads\/Stoppuhr_Easy.png",1200,1200,false],"woocommerce_thumbnail":["https:\/\/ruckstuhlsport.ch\/wp-content\/uploads\/Stoppuhr_Easy-300x300.png",300,300,true],"woocommerce_single":["https:\/\/ruckstuhlsport.ch\/wp-content\/uploads\/Stoppuhr_Easy-600x600.png",600,600,true],"woocommerce_gallery_thumbnail":["https:\/\/ruckstuhlsport.ch\/wp-content\/uploads\/Stoppuhr_Easy-100x100.png",100,100,true],"wc_order_status_icon":["https:\/\/ruckstuhlsport.ch\/wp-content\/uploads\/Stoppuhr_Easy-32x32.png",32,32,true],"dgwt-wcas-product-suggestion":["https:\/\/ruckstuhlsport.ch\/wp-content\/uploads\/Stoppuhr_Easy-64x64.png",64,64,true]},"uagb_author_info":{"display_name":"admin","author_link":"https:\/\/ruckstuhlsport.ch\/fr\/author\/"},"uagb_comment_info":0,"uagb_excerpt":"Un chronom\u00e9trage pr\u00e9cis pour les entra\u00eeneurs et les arbitres : le chronom\u00e8tre Easy fournit des temps exacts pour les s\u00e9ances d'entra\u00eenement et les tests de performance. Son design compact permet une utilisation facile au bord du terrain. chronom\u00e8tre r\u00e9sistant aux \u00e9claboussures avec une pr\u00e9cision de 1\/100 de seconde Fonction de temps interm\u00e9diaire horloge, calendrier et\u2026","_links":{"self":[{"href":"https:\/\/ruckstuhlsport.ch\/fr\/wp-json\/wp\/v2\/product\/20829","targetHints":{"allow":["GET"]}}],"collection":[{"href":"https:\/\/ruckstuhlsport.ch\/fr\/wp-json\/wp\/v2\/product"}],"about":[{"href":"https:\/\/ruckstuhlsport.ch\/fr\/wp-json\/wp\/v2\/types\/product"}],"wp:featuredmedia":[{"embeddable":true,"href":"https:\/\/ruckstuhlsport.ch\/fr\/wp-json\/wp\/v2\/media\/20780"}],"wp:attachment":[{"href":"https:\/\/ruckstuhlsport.ch\/fr\/wp-json\/wp\/v2\/media?parent=20829"}],"wp:term":[{"taxonomy":"product_brand","embeddable":true,"href":"https:\/\/ruckstuhlsport.ch\/fr\/wp-json\/wp\/v2\/product_brand?post=20829"},{"taxonomy":"product_cat","embeddable":true,"href":"https:\/\/ruckstuhlsport.ch\/fr\/wp-json\/wp\/v2\/product_cat?post=20829"},{"taxonomy":"product_tag","embeddable":true,"href":"https:\/\/ruckstuhlsport.ch\/fr\/wp-json\/wp\/v2\/product_tag?post=20829"}],"curies":[{"name":"wp","href":"https:\/\/api.w.org\/{rel}","templated":true}]}}