{"id":20836,"date":"2025-09-04T22:19:52","date_gmt":"2025-09-04T20:19:52","guid":{"rendered":"https:\/\/ruckstuhlsport.ch\/non%20class\u00e9\/pipe-fox-40-classic\/"},"modified":"2025-09-08T07:46:25","modified_gmt":"2025-09-08T05:46:25","slug":"pipe-fox-40-classic","status":"publish","type":"product","link":"https:\/\/ruckstuhlsport.ch\/fr\/football\/fournitures-pour-entraineurs\/chronometres-sifflets\/pipe-fox-40-classic\/","title":{"rendered":"Sifflet Fox 40 Classic"},"content":{"rendered":"","protected":false},"excerpt":{"rendered":"<p>Le sifflet Fox 40 Classic est le standard robuste pour les entra\u00eeneurs et les arbitres : construction sans bille et sans pi\u00e8ces mobiles, grande s\u00e9curit\u00e9 contre les pannes et signaux clairs et portant loin, m\u00eame en cas de pluie, de vent et de volume sonore ambiant \u00e9lev\u00e9. Le bo\u00eetier r\u00e9sistant fonctionne m\u00eame lorsqu&rsquo;il est mouill\u00e9, s\u00e8che rapidement et est facile \u00e0 nettoyer.<\/p>\n","protected":false},"featured_media":20801,"template":"","meta":{"_crdt_document":"","_uag_custom_page_level_css":"","site-sidebar-layout":"default","site-content-layout":"","ast-site-content-layout":"default","site-content-style":"default","site-sidebar-style":"default","ast-global-header-display":"","ast-banner-title-visibility":"","ast-main-header-display":"","ast-hfb-above-header-display":"","ast-hfb-below-header-display":"","ast-hfb-mobile-header-display":"","site-post-title":"","ast-breadcrumbs-content":"","ast-featured-img":"","footer-sml-layout":"","ast-disable-related-posts":"","theme-transparent-header-meta":"default","adv-header-id-meta":"","stick-header-meta":"default","header-above-stick-meta":"","header-main-stick-meta":"","header-below-stick-meta":"","astra-migrate-meta-layouts":"default","ast-page-background-enabled":"default","ast-page-background-meta":{"desktop":{"background-color":"","background-image":"","background-repeat":"repeat","background-position":"center center","background-size":"auto","background-attachment":"scroll","background-type":"","background-media":"","overlay-type":"","overlay-color":"","overlay-opacity":"","overlay-gradient":""},"tablet":{"background-color":"","background-image":"","background-repeat":"repeat","background-position":"center center","background-size":"auto","background-attachment":"scroll","background-type":"","background-media":"","overlay-type":"","overlay-color":"","overlay-opacity":"","overlay-gradient":""},"mobile":{"background-color":"","background-image":"","background-repeat":"repeat","background-position":"center center","background-size":"auto","background-attachment":"scroll","background-type":"","background-media":"","overlay-type":"","overlay-color":"","overlay-opacity":"","overlay-gradient":""}},"ast-content-background-meta":{"desktop":{"background-color":"var(--ast-global-color-5)","background-image":"","background-repeat":"repeat","background-position":"center center","background-size":"auto","background-attachment":"scroll","background-type":"","background-media":"","overlay-type":"","overlay-color":"","overlay-opacity":"","overlay-gradient":""},"tablet":{"background-color":"var(--ast-global-color-5)","background-image":"","background-repeat":"repeat","background-position":"center center","background-size":"auto","background-attachment":"scroll","background-type":"","background-media":"","overlay-type":"","overlay-color":"","overlay-opacity":"","overlay-gradient":""},"mobile":{"background-color":"var(--ast-global-color-5)","background-image":"","background-repeat":"repeat","background-position":"center center","background-size":"auto","background-attachment":"scroll","background-type":"","background-media":"","overlay-type":"","overlay-color":"","overlay-opacity":"","overlay-gradient":""}}},"product_brand":[],"product_cat":[2006,2004,932],"product_tag":[],"class_list":{"0":"post-20836","1":"product","2":"type-product","3":"status-publish","4":"has-post-thumbnail","6":"product_cat-chronometres-sifflets","7":"product_cat-fournitures-pour-entraineurs","8":"product_cat-football","9":"product_shipping_class-defaut","10":"pa_farbe-bleu","11":"pa_farbe-jaune-fluo","12":"pa_farbe-noir","13":"pa_farbe-rouge","14":"desktop-align-center","15":"tablet-align-center","16":"mobile-align-center","17":"ast-product-gallery-layout-horizontal","18":"ast-product-gallery-with-no-image","19":"ast-product-single-variable","20":"ast-product-tabs-layout-horizontal","22":"first","23":"onbackorder","24":"taxable","25":"shipping-taxable","26":"purchasable","27":"product-type-variable"},"uagb_featured_image_src":{"full":["https:\/\/ruckstuhlsport.ch\/wp-content\/uploads\/pfeife_fox_classic_40.png",1200,1200,false],"thumbnail":["https:\/\/ruckstuhlsport.ch\/wp-content\/uploads\/pfeife_fox_classic_40-150x150.png",150,150,true],"medium":["https:\/\/ruckstuhlsport.ch\/wp-content\/uploads\/pfeife_fox_classic_40-300x300.png",300,300,true],"medium_large":["https:\/\/ruckstuhlsport.ch\/wp-content\/uploads\/pfeife_fox_classic_40-768x768.png",768,768,true],"large":["https:\/\/ruckstuhlsport.ch\/wp-content\/uploads\/pfeife_fox_classic_40-1024x1024.png",1024,1024,true],"1536x1536":["https:\/\/ruckstuhlsport.ch\/wp-content\/uploads\/pfeife_fox_classic_40.png",1200,1200,false],"2048x2048":["https:\/\/ruckstuhlsport.ch\/wp-content\/uploads\/pfeife_fox_classic_40.png",1200,1200,false],"woocommerce_thumbnail":["https:\/\/ruckstuhlsport.ch\/wp-content\/uploads\/pfeife_fox_classic_40-300x300.png",300,300,true],"woocommerce_single":["https:\/\/ruckstuhlsport.ch\/wp-content\/uploads\/pfeife_fox_classic_40-600x600.png",600,600,true],"woocommerce_gallery_thumbnail":["https:\/\/ruckstuhlsport.ch\/wp-content\/uploads\/pfeife_fox_classic_40-100x100.png",100,100,true],"wc_order_status_icon":["https:\/\/ruckstuhlsport.ch\/wp-content\/uploads\/pfeife_fox_classic_40-32x32.png",32,32,true],"dgwt-wcas-product-suggestion":["https:\/\/ruckstuhlsport.ch\/wp-content\/uploads\/pfeife_fox_classic_40-64x64.png",64,64,true]},"uagb_author_info":{"display_name":"admin","author_link":"https:\/\/ruckstuhlsport.ch\/fr\/author\/"},"uagb_comment_info":0,"uagb_excerpt":"Le sifflet Fox 40 Classic est le standard robuste pour les entra\u00eeneurs et les arbitres : construction sans bille et sans pi\u00e8ces mobiles, grande s\u00e9curit\u00e9 contre les pannes et signaux clairs et portant loin, m\u00eame en cas de pluie, de vent et de volume sonore ambiant \u00e9lev\u00e9. Le bo\u00eetier r\u00e9sistant fonctionne m\u00eame lorsqu'il est mouill\u00e9,\u2026","_links":{"self":[{"href":"https:\/\/ruckstuhlsport.ch\/fr\/wp-json\/wp\/v2\/product\/20836","targetHints":{"allow":["GET"]}}],"collection":[{"href":"https:\/\/ruckstuhlsport.ch\/fr\/wp-json\/wp\/v2\/product"}],"about":[{"href":"https:\/\/ruckstuhlsport.ch\/fr\/wp-json\/wp\/v2\/types\/product"}],"wp:featuredmedia":[{"embeddable":true,"href":"https:\/\/ruckstuhlsport.ch\/fr\/wp-json\/wp\/v2\/media\/20801"}],"wp:attachment":[{"href":"https:\/\/ruckstuhlsport.ch\/fr\/wp-json\/wp\/v2\/media?parent=20836"}],"wp:term":[{"taxonomy":"product_brand","embeddable":true,"href":"https:\/\/ruckstuhlsport.ch\/fr\/wp-json\/wp\/v2\/product_brand?post=20836"},{"taxonomy":"product_cat","embeddable":true,"href":"https:\/\/ruckstuhlsport.ch\/fr\/wp-json\/wp\/v2\/product_cat?post=20836"},{"taxonomy":"product_tag","embeddable":true,"href":"https:\/\/ruckstuhlsport.ch\/fr\/wp-json\/wp\/v2\/product_tag?post=20836"}],"curies":[{"name":"wp","href":"https:\/\/api.w.org\/{rel}","templated":true}]}}