{"id":20841,"date":"2025-09-04T22:33:30","date_gmt":"2025-09-04T20:33:30","guid":{"rendered":"https:\/\/ruckstuhlsport.ch\/non%20class\u00e9\/tablette-tactique-dentrainement-lcd\/"},"modified":"2025-09-04T22:53:36","modified_gmt":"2025-09-04T20:53:36","slug":"tablette-tactique-dentrainement-lcd","status":"publish","type":"product","link":"https:\/\/ruckstuhlsport.ch\/fr\/football\/fournitures-pour-entraineurs\/tactique-analyse-de-jeu\/tablette-tactique-dentrainement-lcd\/","title":{"rendered":"Tablette tactique d&rsquo;entra\u00eenement LCD"},"content":{"rendered":"","protected":false},"excerpt":{"rendered":"<p>Tablette tactique \u00e9lectronique pour l&rsquo;entra\u00eenement et les matchs. Id\u00e9ale pour afficher les mouvements, les compositions et les instructions directement sur le terrain. <\/p>\n<ul>\n<li>Fonction d&rsquo;\u00e9criture avec stylet (pas besoin de papier ou d&rsquo;\u00e9lectricit\u00e9)<\/li>\n<li>verso blanc pour utilisation avec un feutre<\/li>\n<li>Les \u00e9crits peuvent \u00eatre effac\u00e9s \u00e0 l&rsquo;aide d&rsquo;une touche<\/li>\n<li>Bo\u00eetier robuste avec cadre de protection<\/li>\n<li>L\u00e9ger, r\u00e9sistant aux intemp\u00e9ries et mobile<\/li>\n<li>Inclut un \u00e9tui de transport, un stylet et un c\u00e2ble de chargement USB-C<\/li>\n<\/ul>\n","protected":false},"featured_media":20822,"template":"","meta":{"_crdt_document":"","_uag_custom_page_level_css":"","site-sidebar-layout":"default","site-content-layout":"","ast-site-content-layout":"default","site-content-style":"default","site-sidebar-style":"default","ast-global-header-display":"","ast-banner-title-visibility":"","ast-main-header-display":"","ast-hfb-above-header-display":"","ast-hfb-below-header-display":"","ast-hfb-mobile-header-display":"","site-post-title":"","ast-breadcrumbs-content":"","ast-featured-img":"","footer-sml-layout":"","ast-disable-related-posts":"","theme-transparent-header-meta":"default","adv-header-id-meta":"","stick-header-meta":"default","header-above-stick-meta":"","header-main-stick-meta":"","header-below-stick-meta":"","astra-migrate-meta-layouts":"default","ast-page-background-enabled":"default","ast-page-background-meta":{"desktop":{"background-color":"","background-image":"","background-repeat":"repeat","background-position":"center center","background-size":"auto","background-attachment":"scroll","background-type":"","background-media":"","overlay-type":"","overlay-color":"","overlay-opacity":"","overlay-gradient":""},"tablet":{"background-color":"","background-image":"","background-repeat":"repeat","background-position":"center center","background-size":"auto","background-attachment":"scroll","background-type":"","background-media":"","overlay-type":"","overlay-color":"","overlay-opacity":"","overlay-gradient":""},"mobile":{"background-color":"","background-image":"","background-repeat":"repeat","background-position":"center center","background-size":"auto","background-attachment":"scroll","background-type":"","background-media":"","overlay-type":"","overlay-color":"","overlay-opacity":"","overlay-gradient":""}},"ast-content-background-meta":{"desktop":{"background-color":"var(--ast-global-color-5)","background-image":"","background-repeat":"repeat","background-position":"center center","background-size":"auto","background-attachment":"scroll","background-type":"","background-media":"","overlay-type":"","overlay-color":"","overlay-opacity":"","overlay-gradient":""},"tablet":{"background-color":"var(--ast-global-color-5)","background-image":"","background-repeat":"repeat","background-position":"center center","background-size":"auto","background-attachment":"scroll","background-type":"","background-media":"","overlay-type":"","overlay-color":"","overlay-opacity":"","overlay-gradient":""},"mobile":{"background-color":"var(--ast-global-color-5)","background-image":"","background-repeat":"repeat","background-position":"center center","background-size":"auto","background-attachment":"scroll","background-type":"","background-media":"","overlay-type":"","overlay-color":"","overlay-opacity":"","overlay-gradient":""}}},"product_brand":[],"product_cat":[2005,2004,932],"product_tag":[],"class_list":{"0":"post-20841","1":"product","2":"type-product","3":"status-publish","4":"has-post-thumbnail","6":"product_cat-tactique-analyse-de-jeu","7":"product_cat-fournitures-pour-entraineurs","8":"product_cat-football","9":"pa_groesse-16-335-x-235-cm","10":"pa_groesse-21-455-x-306-cm","11":"desktop-align-center","12":"tablet-align-center","13":"mobile-align-center","14":"ast-product-gallery-layout-horizontal","15":"ast-product-single-variable","16":"ast-product-tabs-layout-horizontal","18":"first","19":"onbackorder","20":"taxable","21":"shipping-taxable","22":"purchasable","23":"product-type-variable"},"uagb_featured_image_src":{"full":["https:\/\/ruckstuhlsport.ch\/wp-content\/uploads\/trainer_taktik_tablet_LCD_Vorderseite-Rueckseite.png",1200,900,false],"thumbnail":["https:\/\/ruckstuhlsport.ch\/wp-content\/uploads\/trainer_taktik_tablet_LCD_Vorderseite-Rueckseite-150x150.png",150,150,true],"medium":["https:\/\/ruckstuhlsport.ch\/wp-content\/uploads\/trainer_taktik_tablet_LCD_Vorderseite-Rueckseite-300x225.png",300,225,true],"medium_large":["https:\/\/ruckstuhlsport.ch\/wp-content\/uploads\/trainer_taktik_tablet_LCD_Vorderseite-Rueckseite-768x576.png",768,576,true],"large":["https:\/\/ruckstuhlsport.ch\/wp-content\/uploads\/trainer_taktik_tablet_LCD_Vorderseite-Rueckseite-1024x768.png",1024,768,true],"1536x1536":["https:\/\/ruckstuhlsport.ch\/wp-content\/uploads\/trainer_taktik_tablet_LCD_Vorderseite-Rueckseite.png",1200,900,false],"2048x2048":["https:\/\/ruckstuhlsport.ch\/wp-content\/uploads\/trainer_taktik_tablet_LCD_Vorderseite-Rueckseite.png",1200,900,false],"woocommerce_thumbnail":["https:\/\/ruckstuhlsport.ch\/wp-content\/uploads\/trainer_taktik_tablet_LCD_Vorderseite-Rueckseite-300x225.png",300,225,true],"woocommerce_single":["https:\/\/ruckstuhlsport.ch\/wp-content\/uploads\/trainer_taktik_tablet_LCD_Vorderseite-Rueckseite-600x450.png",600,450,true],"woocommerce_gallery_thumbnail":["https:\/\/ruckstuhlsport.ch\/wp-content\/uploads\/trainer_taktik_tablet_LCD_Vorderseite-Rueckseite-100x100.png",100,100,true],"wc_order_status_icon":["https:\/\/ruckstuhlsport.ch\/wp-content\/uploads\/trainer_taktik_tablet_LCD_Vorderseite-Rueckseite-32x32.png",32,32,true],"dgwt-wcas-product-suggestion":["https:\/\/ruckstuhlsport.ch\/wp-content\/uploads\/trainer_taktik_tablet_LCD_Vorderseite-Rueckseite-64x48.png",64,48,true]},"uagb_author_info":{"display_name":"admin","author_link":"https:\/\/ruckstuhlsport.ch\/fr\/author\/"},"uagb_comment_info":0,"uagb_excerpt":"Tablette tactique \u00e9lectronique pour l'entra\u00eenement et les matchs. Id\u00e9ale pour afficher les mouvements, les compositions et les instructions directement sur le terrain. Fonction d'\u00e9criture avec stylet (pas besoin de papier ou d'\u00e9lectricit\u00e9) verso blanc pour utilisation avec un feutre Les \u00e9crits peuvent \u00eatre effac\u00e9s \u00e0 l'aide d'une touche Bo\u00eetier robuste avec cadre de protection L\u00e9ger,\u2026","_links":{"self":[{"href":"https:\/\/ruckstuhlsport.ch\/fr\/wp-json\/wp\/v2\/product\/20841","targetHints":{"allow":["GET"]}}],"collection":[{"href":"https:\/\/ruckstuhlsport.ch\/fr\/wp-json\/wp\/v2\/product"}],"about":[{"href":"https:\/\/ruckstuhlsport.ch\/fr\/wp-json\/wp\/v2\/types\/product"}],"wp:featuredmedia":[{"embeddable":true,"href":"https:\/\/ruckstuhlsport.ch\/fr\/wp-json\/wp\/v2\/media\/20822"}],"wp:attachment":[{"href":"https:\/\/ruckstuhlsport.ch\/fr\/wp-json\/wp\/v2\/media?parent=20841"}],"wp:term":[{"taxonomy":"product_brand","embeddable":true,"href":"https:\/\/ruckstuhlsport.ch\/fr\/wp-json\/wp\/v2\/product_brand?post=20841"},{"taxonomy":"product_cat","embeddable":true,"href":"https:\/\/ruckstuhlsport.ch\/fr\/wp-json\/wp\/v2\/product_cat?post=20841"},{"taxonomy":"product_tag","embeddable":true,"href":"https:\/\/ruckstuhlsport.ch\/fr\/wp-json\/wp\/v2\/product_tag?post=20841"}],"curies":[{"name":"wp","href":"https:\/\/api.w.org\/{rel}","templated":true}]}}