{"id":20960,"date":"2024-03-19T13:02:40","date_gmt":"2024-03-19T12:02:40","guid":{"rendered":"https:\/\/ruckstuhlsport.ch\/non class\u00e9\/cable-metallique-o-6-0-mm-gaine-de-pvc\/"},"modified":"2025-09-19T15:03:06","modified_gmt":"2025-09-19T13:03:06","slug":"cable-metallique-o-6-0-mm-gaine-de-pvc","status":"publish","type":"product","link":"https:\/\/ruckstuhlsport.ch\/fr\/football\/autour-du-terrain\/filets-pare-ballons-football\/cable-metallique-o-6-0-mm-gaine-de-pvc\/","title":{"rendered":"C\u00e2ble m\u00e9tallique \u00f8 6.0 mm, gain\u00e9 de PVC"},"content":{"rendered":"<h3><strong>Domaines d&rsquo;application :<\/strong><\/h3>\n<p>Outre son utilisation dans les installations sportives, notre c\u00e2ble en acier gain\u00e9 de PVC convient parfaitement \u00e0 d&rsquo;autres applications de s\u00e9curit\u00e9 qui requi\u00e8rent fiabilit\u00e9 et r\u00e9sistance aux intemp\u00e9ries.<\/p>\n<h3><strong>Caract\u00e9ristiques et avantages :<\/strong><\/h3>\n<ul>\n<li><strong>R\u00e9sistant aux intemp\u00e9ries :<\/strong> la gaine en PVC prot\u00e8ge le c\u00e2ble d&rsquo;acier contre les intemp\u00e9ries et garantit une longue dur\u00e9e de vie.<\/li>\n<li><strong>Utilisable dans de nombreuses situations :<\/strong> Id\u00e9al pour l&rsquo;installation de filets pare-ballons dans les installations sportives, y compris les courts de tennis et les terrains de football.<\/li>\n<li><strong>Protection contre la corrosion :<\/strong> le PVC offre une protection suppl\u00e9mentaire contre la corrosion, ce qui rend la corde encore plus r\u00e9sistante aux conditions environnementales difficiles.<\/li>\n<li><strong>Facilit\u00e9 d&rsquo;installation :<\/strong> gr\u00e2ce \u00e0 sa flexibilit\u00e9, le c\u00e2ble est facile \u00e0 manipuler et \u00e0 installer, ce qui permet d&rsquo;\u00e9conomiser du temps et des efforts.<\/li>\n<li><strong>Haute capacit\u00e9 de charge :<\/strong> con\u00e7u pour r\u00e9sister aux contraintes des balles frapp\u00e9es sans se d\u00e9chirer ou se d\u00e9former.<\/li>\n<\/ul>\n<p>Investissez dans la s\u00e9curit\u00e9 et la qualit\u00e9 qui tiennent leurs promesses. Notre c\u00e2ble en acier gain\u00e9 de PVC est le choix id\u00e9al pour les installations sportives qui ne veulent pas faire de compromis sur la s\u00e9curit\u00e9 et la durabilit\u00e9 de leur \u00e9quipement. Commandez d\u00e8s maintenant et faites passer votre installation au niveau de s\u00e9curit\u00e9 sup\u00e9rieur !  <\/p>\n","protected":false},"excerpt":{"rendered":"<div class=\"product--description\">\n<p>Notre c\u00e2ble en acier gain\u00e9 de PVC de 6 mm est la solution parfaite pour tous les sites sportifs qui exigent une s\u00e9curit\u00e9 et une durabilit\u00e9 maximales pour l&rsquo;installation de filets pare-ballons. Con\u00e7u pour les conditions exigeantes des courts de tennis et des terrains de football, ce c\u00e2ble offre une fiabilit\u00e9 in\u00e9gal\u00e9e. <\/p>\n<p><strong>D\u00e9tails du produit :<\/strong><\/p>\n<ul>\n<li style=\"list-style-type: none;\">\n<ul>\n<li><strong>Diam\u00e8tre :<\/strong> 6mm (4mm de fil + 2mm de gaine PVC)<\/li>\n<li><strong>Construction :<\/strong> c\u00e2ble m\u00e9tallique 6&#215;7, gain\u00e9 de PVC<\/li>\n<li><strong>Mat\u00e9riau :<\/strong> acier de haute qualit\u00e9, recouvert de PVC robuste<\/li>\n<li><strong>Longueur :<\/strong> choisissez parmi diff\u00e9rentes longueurs celle qui convient le mieux \u00e0 vos besoins.<\/li>\n<\/ul>\n<\/li>\n<\/ul>\n<\/div>\n","protected":false},"featured_media":18217,"template":"","meta":{"_crdt_document":"","_uag_custom_page_level_css":"","site-sidebar-layout":"default","site-content-layout":"","ast-site-content-layout":"default","site-content-style":"default","site-sidebar-style":"default","ast-global-header-display":"","ast-banner-title-visibility":"","ast-main-header-display":"","ast-hfb-above-header-display":"","ast-hfb-below-header-display":"","ast-hfb-mobile-header-display":"","site-post-title":"","ast-breadcrumbs-content":"","ast-featured-img":"","footer-sml-layout":"","ast-disable-related-posts":"","theme-transparent-header-meta":"default","adv-header-id-meta":"","stick-header-meta":"default","header-above-stick-meta":"","header-main-stick-meta":"","header-below-stick-meta":"","astra-migrate-meta-layouts":"default","ast-page-background-enabled":"default","ast-page-background-meta":{"desktop":{"background-color":"","background-image":"","background-repeat":"repeat","background-position":"center center","background-size":"auto","background-attachment":"scroll","background-type":"","background-media":"","overlay-type":"","overlay-color":"","overlay-opacity":"","overlay-gradient":""},"tablet":{"background-color":"","background-image":"","background-repeat":"repeat","background-position":"center center","background-size":"auto","background-attachment":"scroll","background-type":"","background-media":"","overlay-type":"","overlay-color":"","overlay-opacity":"","overlay-gradient":""},"mobile":{"background-color":"","background-image":"","background-repeat":"repeat","background-position":"center center","background-size":"auto","background-attachment":"scroll","background-type":"","background-media":"","overlay-type":"","overlay-color":"","overlay-opacity":"","overlay-gradient":""}},"ast-content-background-meta":{"desktop":{"background-color":"var(--ast-global-color-5)","background-image":"","background-repeat":"repeat","background-position":"center center","background-size":"auto","background-attachment":"scroll","background-type":"","background-media":"","overlay-type":"","overlay-color":"","overlay-opacity":"","overlay-gradient":""},"tablet":{"background-color":"var(--ast-global-color-5)","background-image":"","background-repeat":"repeat","background-position":"center center","background-size":"auto","background-attachment":"scroll","background-type":"","background-media":"","overlay-type":"","overlay-color":"","overlay-opacity":"","overlay-gradient":""},"mobile":{"background-color":"var(--ast-global-color-5)","background-image":"","background-repeat":"repeat","background-position":"center center","background-size":"auto","background-attachment":"scroll","background-type":"","background-media":"","overlay-type":"","overlay-color":"","overlay-opacity":"","overlay-gradient":""}}},"product_brand":[],"product_cat":[1379,932,1354],"product_tag":[],"class_list":{"0":"post-20960","1":"product","2":"type-product","3":"status-publish","4":"has-post-thumbnail","6":"product_cat-filets-pare-ballons-football","7":"product_cat-football","8":"product_cat-autour-du-terrain","9":"desktop-align-center","10":"tablet-align-center","11":"mobile-align-center","12":"ast-product-gallery-layout-horizontal","13":"ast-product-gallery-with-no-image","14":"ast-product-tabs-layout-horizontal","16":"first","17":"instock","18":"taxable","19":"shipping-taxable","20":"purchasable","21":"product-type-simple"},"uagb_featured_image_src":{"full":["https:\/\/ruckstuhlsport.ch\/wp-content\/uploads\/drahtseil-pvc-ummantelt-6mm.jpg",600,600,false],"thumbnail":["https:\/\/ruckstuhlsport.ch\/wp-content\/uploads\/drahtseil-pvc-ummantelt-6mm-150x150.jpg",150,150,true],"medium":["https:\/\/ruckstuhlsport.ch\/wp-content\/uploads\/drahtseil-pvc-ummantelt-6mm-300x300.jpg",300,300,true],"medium_large":["https:\/\/ruckstuhlsport.ch\/wp-content\/uploads\/drahtseil-pvc-ummantelt-6mm.jpg",600,600,false],"large":["https:\/\/ruckstuhlsport.ch\/wp-content\/uploads\/drahtseil-pvc-ummantelt-6mm.jpg",600,600,false],"1536x1536":["https:\/\/ruckstuhlsport.ch\/wp-content\/uploads\/drahtseil-pvc-ummantelt-6mm.jpg",600,600,false],"2048x2048":["https:\/\/ruckstuhlsport.ch\/wp-content\/uploads\/drahtseil-pvc-ummantelt-6mm.jpg",600,600,false],"woocommerce_thumbnail":["https:\/\/ruckstuhlsport.ch\/wp-content\/uploads\/drahtseil-pvc-ummantelt-6mm-300x300.jpg",300,300,true],"woocommerce_single":["https:\/\/ruckstuhlsport.ch\/wp-content\/uploads\/drahtseil-pvc-ummantelt-6mm.jpg",600,600,false],"woocommerce_gallery_thumbnail":["https:\/\/ruckstuhlsport.ch\/wp-content\/uploads\/drahtseil-pvc-ummantelt-6mm-100x100.jpg",100,100,true],"wc_order_status_icon":["https:\/\/ruckstuhlsport.ch\/wp-content\/uploads\/drahtseil-pvc-ummantelt-6mm-32x32.jpg",32,32,true],"dgwt-wcas-product-suggestion":["https:\/\/ruckstuhlsport.ch\/wp-content\/uploads\/drahtseil-pvc-ummantelt-6mm-64x64.jpg",64,64,true]},"uagb_author_info":{"display_name":"admin","author_link":"https:\/\/ruckstuhlsport.ch\/fr\/author\/"},"uagb_comment_info":0,"uagb_excerpt":"Notre c\u00e2ble en acier gain\u00e9 de PVC de 6 mm est la solution parfaite pour tous les sites sportifs qui exigent une s\u00e9curit\u00e9 et une durabilit\u00e9 maximales pour l'installation de filets pare-ballons. Con\u00e7u pour les conditions exigeantes des courts de tennis et des terrains de football, ce c\u00e2ble offre une fiabilit\u00e9 in\u00e9gal\u00e9e. D\u00e9tails du produit\u2026","_links":{"self":[{"href":"https:\/\/ruckstuhlsport.ch\/fr\/wp-json\/wp\/v2\/product\/20960","targetHints":{"allow":["GET"]}}],"collection":[{"href":"https:\/\/ruckstuhlsport.ch\/fr\/wp-json\/wp\/v2\/product"}],"about":[{"href":"https:\/\/ruckstuhlsport.ch\/fr\/wp-json\/wp\/v2\/types\/product"}],"wp:featuredmedia":[{"embeddable":true,"href":"https:\/\/ruckstuhlsport.ch\/fr\/wp-json\/wp\/v2\/media\/18217"}],"wp:attachment":[{"href":"https:\/\/ruckstuhlsport.ch\/fr\/wp-json\/wp\/v2\/media?parent=20960"}],"wp:term":[{"taxonomy":"product_brand","embeddable":true,"href":"https:\/\/ruckstuhlsport.ch\/fr\/wp-json\/wp\/v2\/product_brand?post=20960"},{"taxonomy":"product_cat","embeddable":true,"href":"https:\/\/ruckstuhlsport.ch\/fr\/wp-json\/wp\/v2\/product_cat?post=20960"},{"taxonomy":"product_tag","embeddable":true,"href":"https:\/\/ruckstuhlsport.ch\/fr\/wp-json\/wp\/v2\/product_tag?post=20960"}],"curies":[{"name":"wp","href":"https:\/\/api.w.org\/{rel}","templated":true}]}}