{"id":20969,"date":"2024-07-02T07:28:44","date_gmt":"2024-07-02T05:28:44","guid":{"rendered":"https:\/\/ruckstuhlsport.ch\/non class\u00e9\/power-pack-pour-machines-a-balles-de-lobster\/"},"modified":"2025-10-01T15:51:48","modified_gmt":"2025-10-01T13:51:48","slug":"power-pack-pour-machines-a-balles-de-lobster","status":"publish","type":"product","link":"https:\/\/ruckstuhlsport.ch\/fr\/tennis\/materiel-dentrainement-tennis\/machine-lance-balles-tennis\/power-pack-pour-machines-a-balles-de-lobster\/","title":{"rendered":"Power Pack pour machines \u00e0 balles de Lobster"},"content":{"rendered":"","protected":false},"excerpt":{"rendered":"<p>Le nouveau Power Pack est un bloc d&rsquo;alimentation \u00e9lectrique qui transforme votre machine \u00e0 balles Elite 1, Elite 2, Elite 3 ou Pickle 2 fonctionnant sur batterie en une machine \u00e9lectrique ! Il suffit de brancher le bloc d&rsquo;alimentation \u00e9lectrique compact dans une prise de courant pour que votre machine soit aliment\u00e9e en \u00e9lectricit\u00e9. Vous avez ainsi le choix d&rsquo;alimenter votre entra\u00eenement avec la batterie interne ou d&rsquo;avoir un temps de jeu illimit\u00e9 avec l&rsquo;\u00e9lectricit\u00e9.  <\/p>\n<p>L&rsquo;adaptateur secteur en tissu l\u00e9ger et rembourr\u00e9 p\u00e8se moins de 1,5 kg et est livr\u00e9 avec une sangle de transport pratique.<\/p>\n<p>\u00c0 utiliser avec les mod\u00e8les Elite One, Elite Two, Elite Three ou Pickle Two.<\/p>\n<ul>\n<li>est livr\u00e9 avec une fiche d&rsquo;alimentation CH<\/li>\n<\/ul>\n","protected":false},"featured_media":19083,"template":"","meta":{"_crdt_document":"","_uag_custom_page_level_css":"","site-sidebar-layout":"default","site-content-layout":"default","ast-site-content-layout":"default","site-content-style":"default","site-sidebar-style":"default","ast-global-header-display":"","ast-banner-title-visibility":"","ast-main-header-display":"","ast-hfb-above-header-display":"","ast-hfb-below-header-display":"","ast-hfb-mobile-header-display":"","site-post-title":"","ast-breadcrumbs-content":"","ast-featured-img":"","footer-sml-layout":"","ast-disable-related-posts":"","theme-transparent-header-meta":"default","adv-header-id-meta":"","stick-header-meta":"default","header-above-stick-meta":"","header-main-stick-meta":"","header-below-stick-meta":"","astra-migrate-meta-layouts":"default","ast-page-background-enabled":"default","ast-page-background-meta":{"desktop":{"background-color":"","background-image":"","background-repeat":"repeat","background-position":"center center","background-size":"auto","background-attachment":"scroll","background-type":"","background-media":"","overlay-type":"","overlay-color":"","overlay-opacity":"","overlay-gradient":""},"tablet":{"background-color":"","background-image":"","background-repeat":"repeat","background-position":"center center","background-size":"auto","background-attachment":"scroll","background-type":"","background-media":"","overlay-type":"","overlay-color":"","overlay-opacity":"","overlay-gradient":""},"mobile":{"background-color":"","background-image":"","background-repeat":"repeat","background-position":"center center","background-size":"auto","background-attachment":"scroll","background-type":"","background-media":"","overlay-type":"","overlay-color":"","overlay-opacity":"","overlay-gradient":""}},"ast-content-background-meta":{"desktop":{"background-color":"var(--ast-global-color-5)","background-image":"","background-repeat":"repeat","background-position":"center center","background-size":"auto","background-attachment":"scroll","background-type":"","background-media":"","overlay-type":"","overlay-color":"","overlay-opacity":"","overlay-gradient":""},"tablet":{"background-color":"var(--ast-global-color-5)","background-image":"","background-repeat":"repeat","background-position":"center center","background-size":"auto","background-attachment":"scroll","background-type":"","background-media":"","overlay-type":"","overlay-color":"","overlay-opacity":"","overlay-gradient":""},"mobile":{"background-color":"var(--ast-global-color-5)","background-image":"","background-repeat":"repeat","background-position":"center center","background-size":"auto","background-attachment":"scroll","background-type":"","background-media":"","overlay-type":"","overlay-color":"","overlay-opacity":"","overlay-gradient":""}}},"product_brand":[],"product_cat":[1339,934,935],"product_tag":[],"class_list":{"0":"post-20969","1":"product","2":"type-product","3":"status-publish","4":"has-post-thumbnail","6":"product_cat-machine-lance-balles-tennis","7":"product_cat-tennis","8":"product_cat-materiel-dentrainement-tennis","9":"product_shipping_class-defaut","10":"desktop-align-center","11":"tablet-align-center","12":"mobile-align-center","13":"ast-product-gallery-layout-horizontal","14":"ast-product-tabs-layout-horizontal","16":"first","17":"onbackorder","18":"taxable","19":"shipping-taxable","20":"purchasable","21":"product-type-simple"},"uagb_featured_image_src":{"full":["https:\/\/ruckstuhlsport.ch\/wp-content\/uploads\/Lobster-elite-powerpack.webp",800,800,false],"thumbnail":["https:\/\/ruckstuhlsport.ch\/wp-content\/uploads\/Lobster-elite-powerpack-150x150.webp",150,150,true],"medium":["https:\/\/ruckstuhlsport.ch\/wp-content\/uploads\/Lobster-elite-powerpack-300x300.webp",300,300,true],"medium_large":["https:\/\/ruckstuhlsport.ch\/wp-content\/uploads\/Lobster-elite-powerpack-768x768.webp",768,768,true],"large":["https:\/\/ruckstuhlsport.ch\/wp-content\/uploads\/Lobster-elite-powerpack.webp",800,800,false],"1536x1536":["https:\/\/ruckstuhlsport.ch\/wp-content\/uploads\/Lobster-elite-powerpack.webp",800,800,false],"2048x2048":["https:\/\/ruckstuhlsport.ch\/wp-content\/uploads\/Lobster-elite-powerpack.webp",800,800,false],"woocommerce_thumbnail":["https:\/\/ruckstuhlsport.ch\/wp-content\/uploads\/Lobster-elite-powerpack-300x300.webp",300,300,true],"woocommerce_single":["https:\/\/ruckstuhlsport.ch\/wp-content\/uploads\/Lobster-elite-powerpack-600x600.webp",600,600,true],"woocommerce_gallery_thumbnail":["https:\/\/ruckstuhlsport.ch\/wp-content\/uploads\/Lobster-elite-powerpack-100x100.webp",100,100,true],"wc_order_status_icon":["https:\/\/ruckstuhlsport.ch\/wp-content\/uploads\/Lobster-elite-powerpack-32x32.webp",32,32,true],"dgwt-wcas-product-suggestion":["https:\/\/ruckstuhlsport.ch\/wp-content\/uploads\/Lobster-elite-powerpack-64x64.webp",64,64,true]},"uagb_author_info":{"display_name":"admin","author_link":"https:\/\/ruckstuhlsport.ch\/fr\/author\/"},"uagb_comment_info":0,"uagb_excerpt":"Le nouveau Power Pack est un bloc d'alimentation \u00e9lectrique qui transforme votre machine \u00e0 balles Elite 1, Elite 2, Elite 3 ou Pickle 2 fonctionnant sur batterie en une machine \u00e9lectrique ! Il suffit de brancher le bloc d'alimentation \u00e9lectrique compact dans une prise de courant pour que votre machine soit aliment\u00e9e en \u00e9lectricit\u00e9. Vous\u2026","_links":{"self":[{"href":"https:\/\/ruckstuhlsport.ch\/fr\/wp-json\/wp\/v2\/product\/20969","targetHints":{"allow":["GET"]}}],"collection":[{"href":"https:\/\/ruckstuhlsport.ch\/fr\/wp-json\/wp\/v2\/product"}],"about":[{"href":"https:\/\/ruckstuhlsport.ch\/fr\/wp-json\/wp\/v2\/types\/product"}],"wp:featuredmedia":[{"embeddable":true,"href":"https:\/\/ruckstuhlsport.ch\/fr\/wp-json\/wp\/v2\/media\/19083"}],"wp:attachment":[{"href":"https:\/\/ruckstuhlsport.ch\/fr\/wp-json\/wp\/v2\/media?parent=20969"}],"wp:term":[{"taxonomy":"product_brand","embeddable":true,"href":"https:\/\/ruckstuhlsport.ch\/fr\/wp-json\/wp\/v2\/product_brand?post=20969"},{"taxonomy":"product_cat","embeddable":true,"href":"https:\/\/ruckstuhlsport.ch\/fr\/wp-json\/wp\/v2\/product_cat?post=20969"},{"taxonomy":"product_tag","embeddable":true,"href":"https:\/\/ruckstuhlsport.ch\/fr\/wp-json\/wp\/v2\/product_tag?post=20969"}],"curies":[{"name":"wp","href":"https:\/\/api.w.org\/{rel}","templated":true}]}}