{"id":21230,"date":"2026-01-21T11:50:59","date_gmt":"2026-01-21T10:50:59","guid":{"rendered":"https:\/\/ruckstuhlsport.ch\/?post_type=product&#038;p=21230"},"modified":"2026-01-21T12:13:48","modified_gmt":"2026-01-21T11:13:48","slug":"crochet-simple-kopie","status":"publish","type":"product","link":"https:\/\/ruckstuhlsport.ch\/fr\/football\/equipement-terrain-foot\/filets-de-but\/accessoires-pour-filets-de-but-de-football\/crochet-simple-kopie\/","title":{"rendered":"Support de filet PowerPress"},"content":{"rendered":"","protected":false},"excerpt":{"rendered":"<p>Le support de filet PowerPress permet de fixer durablement les filets de but au cadre du but.<\/p>\n<ul>\n<li>Mat\u00e9riau robuste et de haute qualit\u00e9 pour une durabilit\u00e9 maximale<\/li>\n<li>Installation et utilisation faciles gr\u00e2ce \u00e0 une conception bien pens\u00e9e<\/li>\n<li>Con\u00e7u pour une utilisation intensive sur les terrains de sport<\/li>\n<li>Emp\u00eache efficacement les filets de glisser et de s&#8217;emm\u00ealer<\/li>\n<\/ul>\n","protected":false},"featured_media":21232,"template":"","meta":{"_crdt_document":"","_uag_custom_page_level_css":"","site-sidebar-layout":"default","site-content-layout":"default","ast-site-content-layout":"default","site-content-style":"default","site-sidebar-style":"default","ast-global-header-display":"","ast-banner-title-visibility":"","ast-main-header-display":"","ast-hfb-above-header-display":"","ast-hfb-below-header-display":"","ast-hfb-mobile-header-display":"","site-post-title":"","ast-breadcrumbs-content":"","ast-featured-img":"","footer-sml-layout":"","ast-disable-related-posts":"","theme-transparent-header-meta":"default","adv-header-id-meta":"","stick-header-meta":"default","header-above-stick-meta":"","header-main-stick-meta":"","header-below-stick-meta":"","astra-migrate-meta-layouts":"set","ast-page-background-enabled":"default","ast-page-background-meta":{"desktop":{"background-color":"","background-image":"","background-repeat":"repeat","background-position":"center center","background-size":"auto","background-attachment":"scroll","background-type":"","background-media":"","overlay-type":"","overlay-color":"","overlay-opacity":"","overlay-gradient":""},"tablet":{"background-color":"","background-image":"","background-repeat":"repeat","background-position":"center center","background-size":"auto","background-attachment":"scroll","background-type":"","background-media":"","overlay-type":"","overlay-color":"","overlay-opacity":"","overlay-gradient":""},"mobile":{"background-color":"","background-image":"","background-repeat":"repeat","background-position":"center center","background-size":"auto","background-attachment":"scroll","background-type":"","background-media":"","overlay-type":"","overlay-color":"","overlay-opacity":"","overlay-gradient":""}},"ast-content-background-meta":{"desktop":{"background-color":"var(--ast-global-color-5)","background-image":"","background-repeat":"repeat","background-position":"center center","background-size":"auto","background-attachment":"scroll","background-type":"","background-media":"","overlay-type":"","overlay-color":"","overlay-opacity":"","overlay-gradient":""},"tablet":{"background-color":"var(--ast-global-color-5)","background-image":"","background-repeat":"repeat","background-position":"center center","background-size":"auto","background-attachment":"scroll","background-type":"","background-media":"","overlay-type":"","overlay-color":"","overlay-opacity":"","overlay-gradient":""},"mobile":{"background-color":"var(--ast-global-color-5)","background-image":"","background-repeat":"repeat","background-position":"center center","background-size":"auto","background-attachment":"scroll","background-type":"","background-media":"","overlay-type":"","overlay-color":"","overlay-opacity":"","overlay-gradient":""}}},"product_brand":[],"product_cat":[1012,932],"product_tag":[],"class_list":{"0":"post-21230","1":"product","2":"type-product","3":"status-publish","4":"has-post-thumbnail","6":"product_cat-accessoires-pour-filets-de-but-de-football","7":"product_cat-football","8":"product_shipping_class-defaut","9":"pa_farbe-gris","10":"desktop-align-center","11":"tablet-align-center","12":"mobile-align-center","13":"ast-product-gallery-layout-horizontal","14":"ast-product-gallery-with-no-image","15":"ast-product-tabs-layout-horizontal","17":"first","18":"instock","19":"taxable","20":"shipping-taxable","21":"purchasable","22":"product-type-simple"},"uagb_featured_image_src":{"full":["https:\/\/ruckstuhlsport.ch\/wp-content\/uploads\/netzhalter-kunststoff-powerpress-tornetze.jpg",2000,1500,false],"thumbnail":["https:\/\/ruckstuhlsport.ch\/wp-content\/uploads\/netzhalter-kunststoff-powerpress-tornetze-150x150.jpg",150,150,true],"medium":["https:\/\/ruckstuhlsport.ch\/wp-content\/uploads\/netzhalter-kunststoff-powerpress-tornetze-300x225.jpg",300,225,true],"medium_large":["https:\/\/ruckstuhlsport.ch\/wp-content\/uploads\/netzhalter-kunststoff-powerpress-tornetze-768x576.jpg",768,576,true],"large":["https:\/\/ruckstuhlsport.ch\/wp-content\/uploads\/netzhalter-kunststoff-powerpress-tornetze-1024x768.jpg",1024,768,true],"1536x1536":["https:\/\/ruckstuhlsport.ch\/wp-content\/uploads\/netzhalter-kunststoff-powerpress-tornetze-1536x1152.jpg",1536,1152,true],"2048x2048":["https:\/\/ruckstuhlsport.ch\/wp-content\/uploads\/netzhalter-kunststoff-powerpress-tornetze.jpg",2000,1500,false],"woocommerce_thumbnail":["https:\/\/ruckstuhlsport.ch\/wp-content\/uploads\/netzhalter-kunststoff-powerpress-tornetze-300x225.jpg",300,225,true],"woocommerce_single":["https:\/\/ruckstuhlsport.ch\/wp-content\/uploads\/netzhalter-kunststoff-powerpress-tornetze-600x450.jpg",600,450,true],"woocommerce_gallery_thumbnail":["https:\/\/ruckstuhlsport.ch\/wp-content\/uploads\/netzhalter-kunststoff-powerpress-tornetze-100x100.jpg",100,100,true],"wc_order_status_icon":["https:\/\/ruckstuhlsport.ch\/wp-content\/uploads\/netzhalter-kunststoff-powerpress-tornetze-32x32.jpg",32,32,true],"dgwt-wcas-product-suggestion":["https:\/\/ruckstuhlsport.ch\/wp-content\/uploads\/netzhalter-kunststoff-powerpress-tornetze-64x48.jpg",64,48,true]},"uagb_author_info":{"display_name":"admin","author_link":"https:\/\/ruckstuhlsport.ch\/fr\/author\/"},"uagb_comment_info":0,"uagb_excerpt":"Le support de filet PowerPress permet de fixer durablement les filets de but au cadre du but. Mat\u00e9riau robuste et de haute qualit\u00e9 pour une durabilit\u00e9 maximale Installation et utilisation faciles gr\u00e2ce \u00e0 une conception bien pens\u00e9e Con\u00e7u pour une utilisation intensive sur les terrains de sport Emp\u00eache efficacement les filets de glisser et de\u2026","_links":{"self":[{"href":"https:\/\/ruckstuhlsport.ch\/fr\/wp-json\/wp\/v2\/product\/21230","targetHints":{"allow":["GET"]}}],"collection":[{"href":"https:\/\/ruckstuhlsport.ch\/fr\/wp-json\/wp\/v2\/product"}],"about":[{"href":"https:\/\/ruckstuhlsport.ch\/fr\/wp-json\/wp\/v2\/types\/product"}],"wp:featuredmedia":[{"embeddable":true,"href":"https:\/\/ruckstuhlsport.ch\/fr\/wp-json\/wp\/v2\/media\/21232"}],"wp:attachment":[{"href":"https:\/\/ruckstuhlsport.ch\/fr\/wp-json\/wp\/v2\/media?parent=21230"}],"wp:term":[{"taxonomy":"product_brand","embeddable":true,"href":"https:\/\/ruckstuhlsport.ch\/fr\/wp-json\/wp\/v2\/product_brand?post=21230"},{"taxonomy":"product_cat","embeddable":true,"href":"https:\/\/ruckstuhlsport.ch\/fr\/wp-json\/wp\/v2\/product_cat?post=21230"},{"taxonomy":"product_tag","embeddable":true,"href":"https:\/\/ruckstuhlsport.ch\/fr\/wp-json\/wp\/v2\/product_tag?post=21230"}],"curies":[{"name":"wp","href":"https:\/\/api.w.org\/{rel}","templated":true}]}}