{"id":21706,"date":"2026-04-03T06:17:19","date_gmt":"2026-04-03T04:17:19","guid":{"rendered":"https:\/\/ruckstuhlsport.ch\/non class\u00e9\/poubelle-bounce-pour-balles\/"},"modified":"2026-04-03T06:28:37","modified_gmt":"2026-04-03T04:28:37","slug":"poubelle-bounce-pour-balles","status":"publish","type":"product","link":"https:\/\/ruckstuhlsport.ch\/fr\/tennis\/poubelle-bounce-pour-balles\/","title":{"rendered":"Poubelle Bounce pour balles"},"content":{"rendered":"<h2>Bounce Balls Bin : le collecteur intelligent de balles d&rsquo;entra\u00eenement<\/h2>\n<p>L\u00e0 o\u00f9 il y a du travail, il y a des copeaux &#8211; et l\u00e0 o\u00f9 il y a de l&rsquo;entra\u00eenement, il y a des balles usag\u00e9es. Souvent, ces ballons finissent dans les poubelles ordinaires, coll\u00e9s aux autres d\u00e9chets et inutilisables pour un retraitement ou un recyclage ult\u00e9rieur. <\/p>\n<p>Avec la poubelle pour balles Bounce, ce probl\u00e8me appartient au pass\u00e9. Gr\u00e2ce \u00e0 son design distinctif, vos membres et entra\u00eeneurs sauront imm\u00e9diatement que seules les balles de padel et de tennis doivent \u00eatre rang\u00e9es ici. <\/p>\n<h3>Le circuit parfait avec le Bounce Pro<\/h3>\n<p>Ce seau est le compl\u00e9ment id\u00e9al de notre <a href=\"https:\/\/ruckstuhlsport.ch\/fr\/bounce-pro\/\">r\u00e9g\u00e9n\u00e9rateur de pression Bounce Pro<\/a>. Lorsque les entra\u00eeneurs ou les joueurs trient les balles, celles-ci sont collect\u00e9es proprement dans le \u00ab\u00a0Balls Bin\u00a0\u00bb. Votre gardien de terrain ou votre headcoach peut ensuite facilement retirer les balles s\u00e8ches et les placer directement dans le compresseur pour les recycler. Vous fermez ainsi le cycle durable sur votre terrain !   <\/p>\n<p>(Remarque : ce seau est \u00e9galement disponible dans le cadre de la <a href=\"https:\/\/ruckstuhlsport.ch\/fr\/tennis\/poubelle-bounce-ecotrio-station-de-dechets-et-de-recyclage\/\">station compl\u00e8te Bounce EcoTrio en 3 parties<\/a> ).<\/p>\n","protected":false},"excerpt":{"rendered":"<p data-path-to-node=\"22\">Collectez les vieilles balles de tennis et de padel proprement et au sec ! Le seau sp\u00e9cial pour balles de tennis Bounce \u00e9vite que les balles mises au rebut ne finissent dans les d\u00e9chets ordinaires. <\/p>\n<p data-path-to-node=\"23\"><b data-path-to-node=\"23\" data-index-in-node=\"0\">Les points forts en un coup d&rsquo;\u0153il :<\/b><\/p>\n<ul data-path-to-node=\"24\">\n<li>\n<p data-path-to-node=\"24,0,0\"><b data-path-to-node=\"24,0,0\" data-index-in-node=\"0\">Identification claire :<\/b> design unique, r\u00e9serv\u00e9 aux balles.<\/p>\n<\/li>\n<li>\n<p data-path-to-node=\"24,1,0\"><b data-path-to-node=\"24,1,0\" data-index-in-node=\"0\">Protection contre les salissures :<\/b> maintient les balles propres et s\u00e9par\u00e9es des restes de nourriture ou des liquides.<\/p>\n<\/li>\n<li>\n<p data-path-to-node=\"24,2,0\"><b data-path-to-node=\"24,2,0\" data-index-in-node=\"0\">Le match parfait pour le <a href=\"https:\/\/ruckstuhlsport.ch\/fr\/bounce-pro\/\">Bounce Pro<\/a>:<\/b> rassemblez ici les balles de mani\u00e8re optimale pour les retraiter ensuite dans le r\u00e9g\u00e9n\u00e9rateur de pression.<\/p>\n<\/li>\n<li>\n<p data-path-to-node=\"24,3,0\"><b data-path-to-node=\"24,3,0\" data-index-in-node=\"0\">Robuste &amp; r\u00e9sistant aux intemp\u00e9ries :<\/b> id\u00e9al pour l&rsquo;ext\u00e9rieur et l&rsquo;int\u00e9rieur (hall).<\/p>\n<\/li>\n<\/ul>\n","protected":false},"featured_media":21705,"template":"","meta":{"_crdt_document":"","_uag_custom_page_level_css":"","site-sidebar-layout":"default","site-content-layout":"","ast-site-content-layout":"default","site-content-style":"default","site-sidebar-style":"default","ast-global-header-display":"","ast-banner-title-visibility":"","ast-main-header-display":"","ast-hfb-above-header-display":"","ast-hfb-below-header-display":"","ast-hfb-mobile-header-display":"","site-post-title":"","ast-breadcrumbs-content":"","ast-featured-img":"","footer-sml-layout":"","ast-disable-related-posts":"","theme-transparent-header-meta":"default","adv-header-id-meta":"","stick-header-meta":"default","header-above-stick-meta":"","header-main-stick-meta":"","header-below-stick-meta":"","astra-migrate-meta-layouts":"default","ast-page-background-enabled":"default","ast-page-background-meta":{"desktop":{"background-color":"","background-image":"","background-repeat":"repeat","background-position":"center center","background-size":"auto","background-attachment":"scroll","background-type":"","background-media":"","overlay-type":"","overlay-color":"","overlay-opacity":"","overlay-gradient":""},"tablet":{"background-color":"","background-image":"","background-repeat":"repeat","background-position":"center center","background-size":"auto","background-attachment":"scroll","background-type":"","background-media":"","overlay-type":"","overlay-color":"","overlay-opacity":"","overlay-gradient":""},"mobile":{"background-color":"","background-image":"","background-repeat":"repeat","background-position":"center center","background-size":"auto","background-attachment":"scroll","background-type":"","background-media":"","overlay-type":"","overlay-color":"","overlay-opacity":"","overlay-gradient":""}},"ast-content-background-meta":{"desktop":{"background-color":"var(--ast-global-color-5)","background-image":"","background-repeat":"repeat","background-position":"center center","background-size":"auto","background-attachment":"scroll","background-type":"","background-media":"","overlay-type":"","overlay-color":"","overlay-opacity":"","overlay-gradient":""},"tablet":{"background-color":"var(--ast-global-color-5)","background-image":"","background-repeat":"repeat","background-position":"center center","background-size":"auto","background-attachment":"scroll","background-type":"","background-media":"","overlay-type":"","overlay-color":"","overlay-opacity":"","overlay-gradient":""},"mobile":{"background-color":"var(--ast-global-color-5)","background-image":"","background-repeat":"repeat","background-position":"center center","background-size":"auto","background-attachment":"scroll","background-type":"","background-media":"","overlay-type":"","overlay-color":"","overlay-opacity":"","overlay-gradient":""}}},"product_brand":[],"product_cat":[934,2021,1047],"product_tag":[],"class_list":{"0":"post-21706","1":"product","2":"type-product","3":"status-publish","4":"has-post-thumbnail","6":"product_cat-tennis","7":"product_cat-padel","8":"product_cat-poubelles-installations-sportives","9":"desktop-align-center","10":"tablet-align-center","11":"mobile-align-center","12":"ast-product-gallery-layout-horizontal","13":"ast-product-tabs-layout-horizontal","15":"first","16":"instock","17":"taxable","18":"shipping-taxable","19":"purchasable","20":"product-type-simple"},"uagb_featured_image_src":{"full":["https:\/\/ruckstuhlsport.ch\/wp-content\/uploads\/abfalleimer-bounce-gelb-baelle-main.jpg",823,861,false],"thumbnail":["https:\/\/ruckstuhlsport.ch\/wp-content\/uploads\/abfalleimer-bounce-gelb-baelle-main-150x150.jpg",150,150,true],"medium":["https:\/\/ruckstuhlsport.ch\/wp-content\/uploads\/abfalleimer-bounce-gelb-baelle-main-287x300.jpg",287,300,true],"medium_large":["https:\/\/ruckstuhlsport.ch\/wp-content\/uploads\/abfalleimer-bounce-gelb-baelle-main-768x803.jpg",768,803,true],"large":["https:\/\/ruckstuhlsport.ch\/wp-content\/uploads\/abfalleimer-bounce-gelb-baelle-main.jpg",823,861,false],"1536x1536":["https:\/\/ruckstuhlsport.ch\/wp-content\/uploads\/abfalleimer-bounce-gelb-baelle-main.jpg",823,861,false],"2048x2048":["https:\/\/ruckstuhlsport.ch\/wp-content\/uploads\/abfalleimer-bounce-gelb-baelle-main.jpg",823,861,false],"woocommerce_thumbnail":["https:\/\/ruckstuhlsport.ch\/wp-content\/uploads\/abfalleimer-bounce-gelb-baelle-main-300x314.jpg",300,314,true],"woocommerce_single":["https:\/\/ruckstuhlsport.ch\/wp-content\/uploads\/abfalleimer-bounce-gelb-baelle-main-600x628.jpg",600,628,true],"woocommerce_gallery_thumbnail":["https:\/\/ruckstuhlsport.ch\/wp-content\/uploads\/abfalleimer-bounce-gelb-baelle-main-100x100.jpg",100,100,true],"wc_order_status_icon":["https:\/\/ruckstuhlsport.ch\/wp-content\/uploads\/abfalleimer-bounce-gelb-baelle-main-32x32.jpg",32,32,true],"dgwt-wcas-product-suggestion":["https:\/\/ruckstuhlsport.ch\/wp-content\/uploads\/abfalleimer-bounce-gelb-baelle-main-64x67.jpg",64,67,true]},"uagb_author_info":{"display_name":"admin","author_link":"https:\/\/ruckstuhlsport.ch\/fr\/author\/"},"uagb_comment_info":0,"uagb_excerpt":"Collectez les vieilles balles de tennis et de padel proprement et au sec ! Le seau sp\u00e9cial pour balles de tennis Bounce \u00e9vite que les balles mises au rebut ne finissent dans les d\u00e9chets ordinaires. Les points forts en un coup d'\u0153il : Identification claire : design unique, r\u00e9serv\u00e9 aux balles. Protection contre les salissures\u2026","_links":{"self":[{"href":"https:\/\/ruckstuhlsport.ch\/fr\/wp-json\/wp\/v2\/product\/21706","targetHints":{"allow":["GET"]}}],"collection":[{"href":"https:\/\/ruckstuhlsport.ch\/fr\/wp-json\/wp\/v2\/product"}],"about":[{"href":"https:\/\/ruckstuhlsport.ch\/fr\/wp-json\/wp\/v2\/types\/product"}],"wp:featuredmedia":[{"embeddable":true,"href":"https:\/\/ruckstuhlsport.ch\/fr\/wp-json\/wp\/v2\/media\/21705"}],"wp:attachment":[{"href":"https:\/\/ruckstuhlsport.ch\/fr\/wp-json\/wp\/v2\/media?parent=21706"}],"wp:term":[{"taxonomy":"product_brand","embeddable":true,"href":"https:\/\/ruckstuhlsport.ch\/fr\/wp-json\/wp\/v2\/product_brand?post=21706"},{"taxonomy":"product_cat","embeddable":true,"href":"https:\/\/ruckstuhlsport.ch\/fr\/wp-json\/wp\/v2\/product_cat?post=21706"},{"taxonomy":"product_tag","embeddable":true,"href":"https:\/\/ruckstuhlsport.ch\/fr\/wp-json\/wp\/v2\/product_tag?post=21706"}],"curies":[{"name":"wp","href":"https:\/\/api.w.org\/{rel}","templated":true}]}}