{"id":21707,"date":"2026-04-03T06:07:34","date_gmt":"2026-04-03T04:07:34","guid":{"rendered":"https:\/\/ruckstuhlsport.ch\/non class\u00e9\/poubelle-bounce-ecotrio-station-de-dechets-et-de-recyclage\/"},"modified":"2026-04-03T06:28:40","modified_gmt":"2026-04-03T04:28:40","slug":"poubelle-bounce-ecotrio-station-de-dechets-et-de-recyclage","status":"publish","type":"product","link":"https:\/\/ruckstuhlsport.ch\/fr\/tennis\/poubelle-bounce-ecotrio-station-de-dechets-et-de-recyclage\/","title":{"rendered":"Poubelle Bounce EcoTrio Station de d\u00e9chets et de recyclage"},"content":{"rendered":"<h2 data-path-to-node=\"8\">Bounce EcoTrio : des courts propres et un recyclage durable<\/h2>\n<p data-path-to-node=\"9\">Les bouteilles en PET qui tra\u00eenent, les balles cass\u00e9es et les peaux de banane appartiennent d\u00e9sormais au pass\u00e9. Avec la <b data-path-to-node=\"9\" data-index-in-node=\"99\">Bounce EcoTrio Station<\/b>, vous am\u00e9liorez l&rsquo;aspect visuel de vos courts de tennis ou de padel et \u00e9tablissez un syst\u00e8me de recyclage moderne et simple directement sur le terrain. <\/p>\n<p data-path-to-node=\"10\">Ce set bien pens\u00e9 de 3 pi\u00e8ces a \u00e9t\u00e9 sp\u00e9cialement con\u00e7u pour r\u00e9pondre aux exigences des installations de sports de raquette. Gr\u00e2ce \u00e0 un code couleur et visuel clair, les joueurs savent imm\u00e9diatement quel d\u00e9chet va o\u00f9. <\/p>\n<h3 data-path-to-node=\"11\">Les 3 piliers de la station EcoTrio :<\/h3>\n<ol start=\"1\" data-path-to-node=\"12\">\n<li>\n<p data-path-to-node=\"12,0,0\"><b data-path-to-node=\"12,0,0\" data-index-in-node=\"0\">Poubelle Bounce pour balles de tennis et de padel :<\/b> collecte les balles de tennis et de padel mises au rebut. <b data-path-to-node=\"12,0,0\" data-index-in-node=\"64\">Le grand avantage est que<\/b> les balles restent propres et s\u00e8ches et peuvent \u00eatre directement <a href=\"https:\/\/ruckstuhlsport.ch\/fr\/bounce-pro\/\"><i data-path-to-node=\"12,0,0\" data-index-in-node=\"146\">Bounce Pro r\u00e9g\u00e9n\u00e9rateur de pression<\/i><\/a> pour \u00eatre recycl\u00e9es.<\/p>\n<\/li>\n<li>\n<p data-path-to-node=\"12,1,0\"><b data-path-to-node=\"12,1,0\" data-index-in-node=\"0\">Poubelle Bounce pour PET :<\/b> la poubelle d\u00e9di\u00e9e aux bouteilles vides de boissons en PET. Favorise le recyclage correct du PET sur votre site. <\/p>\n<\/li>\n<li>\n<p data-path-to-node=\"12,2,0\"><b data-path-to-node=\"12,2,0\" data-index-in-node=\"0\">Poubelle Bounce pour les d\u00e9chets r\u00e9siduels :<\/b> Pour tous les d\u00e9chets r\u00e9siduels tels que les peaux de banane, les mouchoirs, les couvercles m\u00e9talliques ou les emballages plastiques des grips neufs et des bo\u00eetes de balles.<\/p>\n<\/li>\n<\/ol>\n<h3 data-path-to-node=\"13\">Un atout pour l&rsquo;image du club et les gardiens de terrain<\/h3>\n<p data-path-to-node=\"14\">L&rsquo;aspect uniforme et moderne des seaux Bounce donne imm\u00e9diatement \u00e0 votre site un aspect plus professionnel et mieux rang\u00e9. Votre gardien de terrain profite de la facilit\u00e9 et de l&rsquo;hygi\u00e8ne du vidage des d\u00e9chets d\u00e9j\u00e0 correctement tri\u00e9s. Envoyez un signal fort en faveur du d\u00e9veloppement durable dans votre club !  <\/p>\n","protected":false},"excerpt":{"rendered":"<p data-path-to-node=\"4\">La solution intelligente, propre et durable pour votre installation sportive. La Bounce EcoTrio Station est un syst\u00e8me de recyclage en 3 parties, sp\u00e9cialement con\u00e7u pour les clubs de tennis et de padel. Il incite les membres \u00e0 trier correctement leurs d\u00e9chets directement sur le court, conform\u00e9ment aux normes suisses.  <\/p>\n<p data-path-to-node=\"5\"><b data-path-to-node=\"5\" data-index-in-node=\"0\">Les points forts en un coup d&rsquo;\u0153il :<\/b><\/p>\n<ul data-path-to-node=\"6\">\n<li>\n<p data-path-to-node=\"6,0,0\"><b data-path-to-node=\"6,0,0\" data-index-in-node=\"0\">Kit complet :<\/b> Comprend 3 seaux design (balles, PET, d\u00e9chets r\u00e9siduels).<\/p>\n<\/li>\n<li>\n<p data-path-to-node=\"6,1,0\"><b data-path-to-node=\"6,1,0\" data-index-in-node=\"0\">S\u00e9paration claire :<\/b> \u00e9vite de m\u00e9langer les balles usag\u00e9es avec des bouteilles en PET ou des d\u00e9chets organiques.<\/p>\n<\/li>\n<li>\n<p data-path-to-node=\"6,2,0\"><b data-path-to-node=\"6,2,0\" data-index-in-node=\"0\">Parfait pour la r\u00e9g\u00e9n\u00e9ration des balles :<\/b> r\u00e9cup\u00e9rez directement et proprement les balles non endommag\u00e9es pour les pr\u00e9parer dans le Bounce Pro.<\/p>\n<\/li>\n<li>\n<p data-path-to-node=\"6,3,0\"><b data-path-to-node=\"6,3,0\" data-index-in-node=\"0\">Conception robuste :<\/b> Finition de haute qualit\u00e9, r\u00e9sistante aux intemp\u00e9ries et durable pour le quotidien du club.<\/p>\n<\/li>\n<li>\n<p data-path-to-node=\"6,4,0\"><b data-path-to-node=\"6,4,0\" data-index-in-node=\"0\">Facile \u00e0 vider :<\/b> hygi\u00e9nique et pratique pour votre gardien de terrain.<\/p>\n<\/li>\n<\/ul>\n","protected":false},"featured_media":21704,"template":"","meta":{"_crdt_document":"","_uag_custom_page_level_css":"","site-sidebar-layout":"default","site-content-layout":"","ast-site-content-layout":"default","site-content-style":"default","site-sidebar-style":"default","ast-global-header-display":"","ast-banner-title-visibility":"","ast-main-header-display":"","ast-hfb-above-header-display":"","ast-hfb-below-header-display":"","ast-hfb-mobile-header-display":"","site-post-title":"","ast-breadcrumbs-content":"","ast-featured-img":"","footer-sml-layout":"","ast-disable-related-posts":"","theme-transparent-header-meta":"default","adv-header-id-meta":"","stick-header-meta":"default","header-above-stick-meta":"","header-main-stick-meta":"","header-below-stick-meta":"","astra-migrate-meta-layouts":"default","ast-page-background-enabled":"default","ast-page-background-meta":{"desktop":{"background-color":"","background-image":"","background-repeat":"repeat","background-position":"center center","background-size":"auto","background-attachment":"scroll","background-type":"","background-media":"","overlay-type":"","overlay-color":"","overlay-opacity":"","overlay-gradient":""},"tablet":{"background-color":"","background-image":"","background-repeat":"repeat","background-position":"center center","background-size":"auto","background-attachment":"scroll","background-type":"","background-media":"","overlay-type":"","overlay-color":"","overlay-opacity":"","overlay-gradient":""},"mobile":{"background-color":"","background-image":"","background-repeat":"repeat","background-position":"center center","background-size":"auto","background-attachment":"scroll","background-type":"","background-media":"","overlay-type":"","overlay-color":"","overlay-opacity":"","overlay-gradient":""}},"ast-content-background-meta":{"desktop":{"background-color":"var(--ast-global-color-5)","background-image":"","background-repeat":"repeat","background-position":"center center","background-size":"auto","background-attachment":"scroll","background-type":"","background-media":"","overlay-type":"","overlay-color":"","overlay-opacity":"","overlay-gradient":""},"tablet":{"background-color":"var(--ast-global-color-5)","background-image":"","background-repeat":"repeat","background-position":"center center","background-size":"auto","background-attachment":"scroll","background-type":"","background-media":"","overlay-type":"","overlay-color":"","overlay-opacity":"","overlay-gradient":""},"mobile":{"background-color":"var(--ast-global-color-5)","background-image":"","background-repeat":"repeat","background-position":"center center","background-size":"auto","background-attachment":"scroll","background-type":"","background-media":"","overlay-type":"","overlay-color":"","overlay-opacity":"","overlay-gradient":""}}},"product_brand":[],"product_cat":[934,2021,1047],"product_tag":[],"class_list":{"0":"post-21707","1":"product","2":"type-product","3":"status-publish","4":"has-post-thumbnail","6":"product_cat-tennis","7":"product_cat-padel","8":"product_cat-poubelles-installations-sportives","9":"desktop-align-center","10":"tablet-align-center","11":"mobile-align-center","12":"ast-product-gallery-layout-horizontal","13":"ast-product-gallery-with-no-image","14":"ast-product-tabs-layout-horizontal","16":"first","17":"instock","18":"sale","19":"taxable","20":"shipping-taxable","21":"purchasable","22":"product-type-simple"},"uagb_featured_image_src":{"full":["https:\/\/ruckstuhlsport.ch\/wp-content\/uploads\/abfalleimer-bounce-ecotrio.jpg",823,861,false],"thumbnail":["https:\/\/ruckstuhlsport.ch\/wp-content\/uploads\/abfalleimer-bounce-ecotrio-150x150.jpg",150,150,true],"medium":["https:\/\/ruckstuhlsport.ch\/wp-content\/uploads\/abfalleimer-bounce-ecotrio-287x300.jpg",287,300,true],"medium_large":["https:\/\/ruckstuhlsport.ch\/wp-content\/uploads\/abfalleimer-bounce-ecotrio-768x803.jpg",768,803,true],"large":["https:\/\/ruckstuhlsport.ch\/wp-content\/uploads\/abfalleimer-bounce-ecotrio.jpg",823,861,false],"1536x1536":["https:\/\/ruckstuhlsport.ch\/wp-content\/uploads\/abfalleimer-bounce-ecotrio.jpg",823,861,false],"2048x2048":["https:\/\/ruckstuhlsport.ch\/wp-content\/uploads\/abfalleimer-bounce-ecotrio.jpg",823,861,false],"woocommerce_thumbnail":["https:\/\/ruckstuhlsport.ch\/wp-content\/uploads\/abfalleimer-bounce-ecotrio-300x314.jpg",300,314,true],"woocommerce_single":["https:\/\/ruckstuhlsport.ch\/wp-content\/uploads\/abfalleimer-bounce-ecotrio-600x628.jpg",600,628,true],"woocommerce_gallery_thumbnail":["https:\/\/ruckstuhlsport.ch\/wp-content\/uploads\/abfalleimer-bounce-ecotrio-100x100.jpg",100,100,true],"wc_order_status_icon":["https:\/\/ruckstuhlsport.ch\/wp-content\/uploads\/abfalleimer-bounce-ecotrio-32x32.jpg",32,32,true],"dgwt-wcas-product-suggestion":["https:\/\/ruckstuhlsport.ch\/wp-content\/uploads\/abfalleimer-bounce-ecotrio-64x67.jpg",64,67,true]},"uagb_author_info":{"display_name":"admin","author_link":"https:\/\/ruckstuhlsport.ch\/fr\/author\/"},"uagb_comment_info":0,"uagb_excerpt":"La solution intelligente, propre et durable pour votre installation sportive. La Bounce EcoTrio Station est un syst\u00e8me de recyclage en 3 parties, sp\u00e9cialement con\u00e7u pour les clubs de tennis et de padel. Il incite les membres \u00e0 trier correctement leurs d\u00e9chets directement sur le court, conform\u00e9ment aux normes suisses. Les points forts en un coup\u2026","_links":{"self":[{"href":"https:\/\/ruckstuhlsport.ch\/fr\/wp-json\/wp\/v2\/product\/21707","targetHints":{"allow":["GET"]}}],"collection":[{"href":"https:\/\/ruckstuhlsport.ch\/fr\/wp-json\/wp\/v2\/product"}],"about":[{"href":"https:\/\/ruckstuhlsport.ch\/fr\/wp-json\/wp\/v2\/types\/product"}],"wp:featuredmedia":[{"embeddable":true,"href":"https:\/\/ruckstuhlsport.ch\/fr\/wp-json\/wp\/v2\/media\/21704"}],"wp:attachment":[{"href":"https:\/\/ruckstuhlsport.ch\/fr\/wp-json\/wp\/v2\/media?parent=21707"}],"wp:term":[{"taxonomy":"product_brand","embeddable":true,"href":"https:\/\/ruckstuhlsport.ch\/fr\/wp-json\/wp\/v2\/product_brand?post=21707"},{"taxonomy":"product_cat","embeddable":true,"href":"https:\/\/ruckstuhlsport.ch\/fr\/wp-json\/wp\/v2\/product_cat?post=21707"},{"taxonomy":"product_tag","embeddable":true,"href":"https:\/\/ruckstuhlsport.ch\/fr\/wp-json\/wp\/v2\/product_tag?post=21707"}],"curies":[{"name":"wp","href":"https:\/\/api.w.org\/{rel}","templated":true}]}}