{"id":21719,"date":"2026-04-03T06:00:46","date_gmt":"2026-04-03T04:00:46","guid":{"rendered":"https:\/\/ruckstuhlsport.ch\/non class\u00e9\/poubelle-bounce-pour-bouteilles-pet\/"},"modified":"2026-04-03T06:39:24","modified_gmt":"2026-04-03T04:39:24","slug":"poubelle-bounce-pour-bouteilles-pet","status":"publish","type":"product","link":"https:\/\/ruckstuhlsport.ch\/fr\/tennis\/poubelle-bounce-pour-bouteilles-pet\/","title":{"rendered":"Poubelle Bounce pour bouteilles PET"},"content":{"rendered":"<h2 data-path-to-node=\"10\">Bounce PET Bin : un recyclage propre directement sur le court<\/h2>\n<p data-path-to-node=\"11\">Quand on fait du sport, on boit beaucoup &#8211; et apr\u00e8s des matchs intenses sur un court de tennis ou de padel, il reste in\u00e9vitablement des bouteilles de boissons vides. En Suisse, le tri correct du PET est un \u00e9l\u00e9ment central et \u00e9vident du recyclage. La <b data-path-to-node=\"11\" data-index-in-node=\"264\">poubelle Bounce pour PET<\/b> garantit que ces bouteilles sont collect\u00e9es correctement et proprement.  <\/p>\n<p data-path-to-node=\"12\">Le design \u00e0 la fois fonctionnel et moderne s&rsquo;int\u00e8gre parfaitement dans chaque installation sportive et valorise visuellement le terrain. Gr\u00e2ce \u00e0 l&rsquo;identification claire, le recyclage du PET est aussi simple que possible pour vos membres. Les d\u00e9chets plastiques (tels que les emballages de surgrips ou les couvercles de canettes, qui doivent \u00eatre jet\u00e9s avec les autres d\u00e9chets) sont ainsi fortement r\u00e9duits.  <\/p>\n<p data-path-to-node=\"13\">Combinez ce seau avec la \u00ab\u00a0Balls Bin\u00a0\u00bb et la poubelle pour d\u00e9chets r\u00e9siduels pour former un \u00eelot de recyclage complet, ou utilisez-le comme compl\u00e9ment cibl\u00e9 et \u00e9l\u00e9gant aux poubelles existantes sur votre site.<\/p>\n<p data-path-to-node=\"14\"><i data-path-to-node=\"14\" data-index-in-node=\"0\">(Remarque : ce seau est \u00e9galement disponible dans le cadre de la <a href=\"https:\/\/ruckstuhlsport.ch\/fr\/tennis\/poubelle-bounce-ecotrio-station-de-dechets-et-de-recyclage\/\"> <b data-path-to-node=\"14\" data-index-in-node=\"67\">station compl\u00e8te Bounce EcoTrio<\/b> en 3 parties<\/a> ).<\/i><\/p>\n","protected":false},"excerpt":{"rendered":"<p data-path-to-node=\"6\">Encouragez le recyclage sur votre terrain selon les normes suisses. La poubelle PET Bounce est la solution visuellement attrayante et pratique pour collecter s\u00e9par\u00e9ment les bouteilles de boissons en PET vides directement sur le terrain. <\/p>\n<p data-path-to-node=\"7\"><b data-path-to-node=\"7\" data-index-in-node=\"0\">Les points forts en un coup d&rsquo;\u0153il :<\/b><\/p>\n<ul data-path-to-node=\"8\">\n<li>\n<p data-path-to-node=\"8,0,0\"><b data-path-to-node=\"8,0,0\" data-index-in-node=\"0\">Un design clair :<\/b> imm\u00e9diatement identifiable comme un point de collecte exclusif pour les bouteilles en PET.<\/p>\n<\/li>\n<li>\n<p data-path-to-node=\"8,1,0\"><b data-path-to-node=\"8,1,0\" data-index-in-node=\"0\">Courts propres :<\/b> \u00e9vitez de laisser tra\u00eener des bouteilles de boissons sur les poteaux du filet ou sur les bancs.<\/p>\n<\/li>\n<li>\n<p data-path-to-node=\"8,2,0\"><b data-path-to-node=\"8,2,0\" data-index-in-node=\"0\">Moins d&rsquo;erreurs de tri :<\/b> \u00e9vite que le PET ne se retrouve dans les d\u00e9chets r\u00e9siduels habituels de votre club.<\/p>\n<\/li>\n<li>\n<p data-path-to-node=\"8,3,0\"><b data-path-to-node=\"8,3,0\" data-index-in-node=\"0\">Mat\u00e9riau r\u00e9sistant aux intemp\u00e9ries :<\/b> durable et robuste pour une utilisation en ext\u00e9rieur tout au long de l&rsquo;ann\u00e9e.<\/p>\n<\/li>\n<li>\n<p data-path-to-node=\"8,4,0\"><b data-path-to-node=\"8,4,0\" data-index-in-node=\"0\">Manipulation facile :<\/b> vidage rapide et propre pour le gardien du terrain afin d&rsquo;\u00e9liminer correctement le PET.<\/p>\n<\/li>\n<\/ul>\n","protected":false},"featured_media":21709,"template":"","meta":{"_crdt_document":"","_uag_custom_page_level_css":"","site-sidebar-layout":"default","site-content-layout":"","ast-site-content-layout":"default","site-content-style":"default","site-sidebar-style":"default","ast-global-header-display":"","ast-banner-title-visibility":"","ast-main-header-display":"","ast-hfb-above-header-display":"","ast-hfb-below-header-display":"","ast-hfb-mobile-header-display":"","site-post-title":"","ast-breadcrumbs-content":"","ast-featured-img":"","footer-sml-layout":"","ast-disable-related-posts":"","theme-transparent-header-meta":"default","adv-header-id-meta":"","stick-header-meta":"default","header-above-stick-meta":"","header-main-stick-meta":"","header-below-stick-meta":"","astra-migrate-meta-layouts":"default","ast-page-background-enabled":"default","ast-page-background-meta":{"desktop":{"background-color":"","background-image":"","background-repeat":"repeat","background-position":"center center","background-size":"auto","background-attachment":"scroll","background-type":"","background-media":"","overlay-type":"","overlay-color":"","overlay-opacity":"","overlay-gradient":""},"tablet":{"background-color":"","background-image":"","background-repeat":"repeat","background-position":"center center","background-size":"auto","background-attachment":"scroll","background-type":"","background-media":"","overlay-type":"","overlay-color":"","overlay-opacity":"","overlay-gradient":""},"mobile":{"background-color":"","background-image":"","background-repeat":"repeat","background-position":"center center","background-size":"auto","background-attachment":"scroll","background-type":"","background-media":"","overlay-type":"","overlay-color":"","overlay-opacity":"","overlay-gradient":""}},"ast-content-background-meta":{"desktop":{"background-color":"var(--ast-global-color-5)","background-image":"","background-repeat":"repeat","background-position":"center center","background-size":"auto","background-attachment":"scroll","background-type":"","background-media":"","overlay-type":"","overlay-color":"","overlay-opacity":"","overlay-gradient":""},"tablet":{"background-color":"var(--ast-global-color-5)","background-image":"","background-repeat":"repeat","background-position":"center center","background-size":"auto","background-attachment":"scroll","background-type":"","background-media":"","overlay-type":"","overlay-color":"","overlay-opacity":"","overlay-gradient":""},"mobile":{"background-color":"var(--ast-global-color-5)","background-image":"","background-repeat":"repeat","background-position":"center center","background-size":"auto","background-attachment":"scroll","background-type":"","background-media":"","overlay-type":"","overlay-color":"","overlay-opacity":"","overlay-gradient":""}}},"product_brand":[],"product_cat":[934,2021,1047],"product_tag":[],"class_list":{"0":"post-21719","1":"product","2":"type-product","3":"status-publish","4":"has-post-thumbnail","6":"product_cat-tennis","7":"product_cat-padel","8":"product_cat-poubelles-installations-sportives","9":"desktop-align-center","10":"tablet-align-center","11":"mobile-align-center","12":"ast-product-gallery-layout-horizontal","13":"ast-product-tabs-layout-horizontal","15":"first","16":"instock","17":"taxable","18":"shipping-taxable","19":"purchasable","20":"product-type-simple"},"uagb_featured_image_src":{"full":["https:\/\/ruckstuhlsport.ch\/wp-content\/uploads\/abfalleimer-bounce-blau-PET.jpg",823,861,false],"thumbnail":["https:\/\/ruckstuhlsport.ch\/wp-content\/uploads\/abfalleimer-bounce-blau-PET-150x150.jpg",150,150,true],"medium":["https:\/\/ruckstuhlsport.ch\/wp-content\/uploads\/abfalleimer-bounce-blau-PET-287x300.jpg",287,300,true],"medium_large":["https:\/\/ruckstuhlsport.ch\/wp-content\/uploads\/abfalleimer-bounce-blau-PET-768x803.jpg",768,803,true],"large":["https:\/\/ruckstuhlsport.ch\/wp-content\/uploads\/abfalleimer-bounce-blau-PET.jpg",823,861,false],"1536x1536":["https:\/\/ruckstuhlsport.ch\/wp-content\/uploads\/abfalleimer-bounce-blau-PET.jpg",823,861,false],"2048x2048":["https:\/\/ruckstuhlsport.ch\/wp-content\/uploads\/abfalleimer-bounce-blau-PET.jpg",823,861,false],"woocommerce_thumbnail":["https:\/\/ruckstuhlsport.ch\/wp-content\/uploads\/abfalleimer-bounce-blau-PET-300x314.jpg",300,314,true],"woocommerce_single":["https:\/\/ruckstuhlsport.ch\/wp-content\/uploads\/abfalleimer-bounce-blau-PET-600x628.jpg",600,628,true],"woocommerce_gallery_thumbnail":["https:\/\/ruckstuhlsport.ch\/wp-content\/uploads\/abfalleimer-bounce-blau-PET-100x100.jpg",100,100,true],"wc_order_status_icon":["https:\/\/ruckstuhlsport.ch\/wp-content\/uploads\/abfalleimer-bounce-blau-PET-32x32.jpg",32,32,true],"dgwt-wcas-product-suggestion":["https:\/\/ruckstuhlsport.ch\/wp-content\/uploads\/abfalleimer-bounce-blau-PET-64x67.jpg",64,67,true]},"uagb_author_info":{"display_name":"admin","author_link":"https:\/\/ruckstuhlsport.ch\/fr\/author\/"},"uagb_comment_info":0,"uagb_excerpt":"Encouragez le recyclage sur votre terrain selon les normes suisses. La poubelle PET Bounce est la solution visuellement attrayante et pratique pour collecter s\u00e9par\u00e9ment les bouteilles de boissons en PET vides directement sur le terrain. Les points forts en un coup d'\u0153il : Un design clair : imm\u00e9diatement identifiable comme un point de collecte exclusif\u2026","_links":{"self":[{"href":"https:\/\/ruckstuhlsport.ch\/fr\/wp-json\/wp\/v2\/product\/21719","targetHints":{"allow":["GET"]}}],"collection":[{"href":"https:\/\/ruckstuhlsport.ch\/fr\/wp-json\/wp\/v2\/product"}],"about":[{"href":"https:\/\/ruckstuhlsport.ch\/fr\/wp-json\/wp\/v2\/types\/product"}],"wp:featuredmedia":[{"embeddable":true,"href":"https:\/\/ruckstuhlsport.ch\/fr\/wp-json\/wp\/v2\/media\/21709"}],"wp:attachment":[{"href":"https:\/\/ruckstuhlsport.ch\/fr\/wp-json\/wp\/v2\/media?parent=21719"}],"wp:term":[{"taxonomy":"product_brand","embeddable":true,"href":"https:\/\/ruckstuhlsport.ch\/fr\/wp-json\/wp\/v2\/product_brand?post=21719"},{"taxonomy":"product_cat","embeddable":true,"href":"https:\/\/ruckstuhlsport.ch\/fr\/wp-json\/wp\/v2\/product_cat?post=21719"},{"taxonomy":"product_tag","embeddable":true,"href":"https:\/\/ruckstuhlsport.ch\/fr\/wp-json\/wp\/v2\/product_tag?post=21719"}],"curies":[{"name":"wp","href":"https:\/\/api.w.org\/{rel}","templated":true}]}}