{"id":21721,"date":"2026-04-03T06:04:08","date_gmt":"2026-04-03T04:04:08","guid":{"rendered":"https:\/\/ruckstuhlsport.ch\/non class\u00e9\/poubelle-bounce-pour-dechets-residuels\/"},"modified":"2026-04-03T06:39:26","modified_gmt":"2026-04-03T04:39:26","slug":"poubelle-bounce-pour-dechets-residuels","status":"publish","type":"product","link":"https:\/\/ruckstuhlsport.ch\/fr\/tennis\/poubelle-bounce-pour-dechets-residuels\/","title":{"rendered":"Poubelle Bounce pour d\u00e9chets r\u00e9siduels"},"content":{"rendered":"<h2>Bounce Other Waste Bin : la base d&rsquo;un club soign\u00e9<\/h2>\n<p>Rien ne perturbe plus l&rsquo;exp\u00e9rience de jeu qu&rsquo;un court en d\u00e9sordre. La poubelle Bounce pour les d\u00e9chets r\u00e9siduels (Other Waste) est la solution \u00e9l\u00e9gante pour tous les objets qui ne peuvent \u00eatre ni recycl\u00e9s ni r\u00e9cup\u00e9r\u00e9s. <\/p>\n<p>De la peau de banane obligatoire pendant la pause de changement de c\u00f4t\u00e9 aux mouchoirs en papier en passant par les couvercles m\u00e9talliques cass\u00e9s des bo\u00eetes de balles, les d\u00e9chets r\u00e9siduels classiques trouvent leur place ici. Le design ferm\u00e9 prot\u00e8ge du vent, emp\u00eache les d\u00e9chets de s&rsquo;envoler sur le terrain et minimise l&rsquo;attraction des insectes pendant les mois d&rsquo;\u00e9t\u00e9. <\/p>\n<p>Cette poubelle attire tous les regards individuellement et offre une fonctionnalit\u00e9 maximale. Elle est encore plus efficace lorsqu&rsquo;elle est utilis\u00e9e avec les autres poubelles de tri de la s\u00e9rie Bounce. <\/p>\n<p>(Remarque : ce seau est \u00e9galement disponible dans le cadre de la <a href=\"https:\/\/ruckstuhlsport.ch\/fr\/tennis\/poubelle-bounce-ecotrio-station-de-dechets-et-de-recyclage\/\">station compl\u00e8te Bounce EcoTrio en 3 parties<\/a> ).<\/p>\n","protected":false},"excerpt":{"rendered":"<p data-path-to-node=\"51\">La poubelle classique pour les d\u00e9chets r\u00e9siduels dans un design moderne pour les sports de raquette. La poubelle Bounce \u00ab\u00a0Other Waste\u00a0\u00bb maintient vos installations de padel et de tennis propres des d\u00e9chets organiques et autres d\u00e9chets. <\/p>\n<p data-path-to-node=\"52\"><b data-path-to-node=\"52\" data-index-in-node=\"0\">Les points forts en un coup d&rsquo;\u0153il :<\/b><\/p>\n<ul data-path-to-node=\"53\">\n<li>\n<p data-path-to-node=\"53,0,0\"><b data-path-to-node=\"53,0,0\" data-index-in-node=\"0\">Utilisation claire :<\/b> id\u00e9al pour les peaux de banane, les mouchoirs et les emballages de snacks.<\/p>\n<\/li>\n<li>\n<p data-path-to-node=\"53,1,0\"><b data-path-to-node=\"53,1,0\" data-index-in-node=\"0\">Protection contre les odeurs et les insectes :<\/b> maintient l&rsquo;espace propre et hygi\u00e9nique.<\/p>\n<\/li>\n<li>\n<p data-path-to-node=\"53,2,0\"><b data-path-to-node=\"53,2,0\" data-index-in-node=\"0\">Conception robuste :<\/b> Fabrication de haute qualit\u00e9 pour une longue dur\u00e9e de vie sur le terrain.<\/p>\n<\/li>\n<li>\n<p data-path-to-node=\"53,3,0\"><b data-path-to-node=\"53,3,0\" data-index-in-node=\"0\">Entretien facile :<\/b> retrait facile du sac poubelle par le personnel de service.<\/p>\n<\/li>\n<\/ul>\n","protected":false},"featured_media":21708,"template":"","meta":{"_crdt_document":"","_uag_custom_page_level_css":"","site-sidebar-layout":"default","site-content-layout":"","ast-site-content-layout":"default","site-content-style":"default","site-sidebar-style":"default","ast-global-header-display":"","ast-banner-title-visibility":"","ast-main-header-display":"","ast-hfb-above-header-display":"","ast-hfb-below-header-display":"","ast-hfb-mobile-header-display":"","site-post-title":"","ast-breadcrumbs-content":"","ast-featured-img":"","footer-sml-layout":"","ast-disable-related-posts":"","theme-transparent-header-meta":"default","adv-header-id-meta":"","stick-header-meta":"default","header-above-stick-meta":"","header-main-stick-meta":"","header-below-stick-meta":"","astra-migrate-meta-layouts":"default","ast-page-background-enabled":"default","ast-page-background-meta":{"desktop":{"background-color":"","background-image":"","background-repeat":"repeat","background-position":"center center","background-size":"auto","background-attachment":"scroll","background-type":"","background-media":"","overlay-type":"","overlay-color":"","overlay-opacity":"","overlay-gradient":""},"tablet":{"background-color":"","background-image":"","background-repeat":"repeat","background-position":"center center","background-size":"auto","background-attachment":"scroll","background-type":"","background-media":"","overlay-type":"","overlay-color":"","overlay-opacity":"","overlay-gradient":""},"mobile":{"background-color":"","background-image":"","background-repeat":"repeat","background-position":"center center","background-size":"auto","background-attachment":"scroll","background-type":"","background-media":"","overlay-type":"","overlay-color":"","overlay-opacity":"","overlay-gradient":""}},"ast-content-background-meta":{"desktop":{"background-color":"var(--ast-global-color-5)","background-image":"","background-repeat":"repeat","background-position":"center center","background-size":"auto","background-attachment":"scroll","background-type":"","background-media":"","overlay-type":"","overlay-color":"","overlay-opacity":"","overlay-gradient":""},"tablet":{"background-color":"var(--ast-global-color-5)","background-image":"","background-repeat":"repeat","background-position":"center center","background-size":"auto","background-attachment":"scroll","background-type":"","background-media":"","overlay-type":"","overlay-color":"","overlay-opacity":"","overlay-gradient":""},"mobile":{"background-color":"var(--ast-global-color-5)","background-image":"","background-repeat":"repeat","background-position":"center center","background-size":"auto","background-attachment":"scroll","background-type":"","background-media":"","overlay-type":"","overlay-color":"","overlay-opacity":"","overlay-gradient":""}}},"product_brand":[],"product_cat":[934,2021,1047],"product_tag":[],"class_list":{"0":"post-21721","1":"product","2":"type-product","3":"status-publish","4":"has-post-thumbnail","6":"product_cat-tennis","7":"product_cat-padel","8":"product_cat-poubelles-installations-sportives","9":"desktop-align-center","10":"tablet-align-center","11":"mobile-align-center","12":"ast-product-gallery-layout-horizontal","13":"ast-product-tabs-layout-horizontal","15":"first","16":"instock","17":"taxable","18":"shipping-taxable","19":"purchasable","20":"product-type-simple"},"uagb_featured_image_src":{"full":["https:\/\/ruckstuhlsport.ch\/wp-content\/uploads\/abfalleimer-bounce-schwarz-restmuell.jpg",823,861,false],"thumbnail":["https:\/\/ruckstuhlsport.ch\/wp-content\/uploads\/abfalleimer-bounce-schwarz-restmuell-150x150.jpg",150,150,true],"medium":["https:\/\/ruckstuhlsport.ch\/wp-content\/uploads\/abfalleimer-bounce-schwarz-restmuell-287x300.jpg",287,300,true],"medium_large":["https:\/\/ruckstuhlsport.ch\/wp-content\/uploads\/abfalleimer-bounce-schwarz-restmuell-768x803.jpg",768,803,true],"large":["https:\/\/ruckstuhlsport.ch\/wp-content\/uploads\/abfalleimer-bounce-schwarz-restmuell.jpg",823,861,false],"1536x1536":["https:\/\/ruckstuhlsport.ch\/wp-content\/uploads\/abfalleimer-bounce-schwarz-restmuell.jpg",823,861,false],"2048x2048":["https:\/\/ruckstuhlsport.ch\/wp-content\/uploads\/abfalleimer-bounce-schwarz-restmuell.jpg",823,861,false],"woocommerce_thumbnail":["https:\/\/ruckstuhlsport.ch\/wp-content\/uploads\/abfalleimer-bounce-schwarz-restmuell-300x314.jpg",300,314,true],"woocommerce_single":["https:\/\/ruckstuhlsport.ch\/wp-content\/uploads\/abfalleimer-bounce-schwarz-restmuell-600x628.jpg",600,628,true],"woocommerce_gallery_thumbnail":["https:\/\/ruckstuhlsport.ch\/wp-content\/uploads\/abfalleimer-bounce-schwarz-restmuell-100x100.jpg",100,100,true],"wc_order_status_icon":["https:\/\/ruckstuhlsport.ch\/wp-content\/uploads\/abfalleimer-bounce-schwarz-restmuell-32x32.jpg",32,32,true],"dgwt-wcas-product-suggestion":["https:\/\/ruckstuhlsport.ch\/wp-content\/uploads\/abfalleimer-bounce-schwarz-restmuell-64x67.jpg",64,67,true]},"uagb_author_info":{"display_name":"admin","author_link":"https:\/\/ruckstuhlsport.ch\/fr\/author\/"},"uagb_comment_info":0,"uagb_excerpt":"La poubelle classique pour les d\u00e9chets r\u00e9siduels dans un design moderne pour les sports de raquette. La poubelle Bounce \"Other Waste\" maintient vos installations de padel et de tennis propres des d\u00e9chets organiques et autres d\u00e9chets. Les points forts en un coup d'\u0153il : Utilisation claire : id\u00e9al pour les peaux de banane, les mouchoirs\u2026","_links":{"self":[{"href":"https:\/\/ruckstuhlsport.ch\/fr\/wp-json\/wp\/v2\/product\/21721","targetHints":{"allow":["GET"]}}],"collection":[{"href":"https:\/\/ruckstuhlsport.ch\/fr\/wp-json\/wp\/v2\/product"}],"about":[{"href":"https:\/\/ruckstuhlsport.ch\/fr\/wp-json\/wp\/v2\/types\/product"}],"wp:featuredmedia":[{"embeddable":true,"href":"https:\/\/ruckstuhlsport.ch\/fr\/wp-json\/wp\/v2\/media\/21708"}],"wp:attachment":[{"href":"https:\/\/ruckstuhlsport.ch\/fr\/wp-json\/wp\/v2\/media?parent=21721"}],"wp:term":[{"taxonomy":"product_brand","embeddable":true,"href":"https:\/\/ruckstuhlsport.ch\/fr\/wp-json\/wp\/v2\/product_brand?post=21721"},{"taxonomy":"product_cat","embeddable":true,"href":"https:\/\/ruckstuhlsport.ch\/fr\/wp-json\/wp\/v2\/product_cat?post=21721"},{"taxonomy":"product_tag","embeddable":true,"href":"https:\/\/ruckstuhlsport.ch\/fr\/wp-json\/wp\/v2\/product_tag?post=21721"}],"curies":[{"name":"wp","href":"https:\/\/api.w.org\/{rel}","templated":true}]}}